{"id":42113,"date":"2024-06-02T02:13:42","date_gmt":"2024-06-01T23:13:42","guid":{"rendered":"https:\/\/araratfinland.com\/product\/agadeer-broilerin-sydan-12x300-g-2\/"},"modified":"2025-11-17T15:52:43","modified_gmt":"2025-11-17T13:52:43","slug":"agadeer-broilerin-sydan-12x300-g-2","status":"publish","type":"product","link":"https:\/\/araratfinland.com\/en\/product\/agadeer-broilerin-sydan-12x300-g-2\/","title":{"rendered":"Agadeer broilerin syd\u00e4n 12&#215;300 g"},"content":{"rendered":"<h4><span style=\"font-size: 18px;color: #000000\"><strong>Ainesosat:<\/strong> Broilerinsyd\u00e4mia 100%.<\/span><\/h4>\n<h4><span style=\"color: #000000\"><span style=\"font-size: 18px\"><strong>S\u00e4ilytys: <\/strong>Pakastimessa: Alle -18\u2103:n<br \/>l\u00e4mp\u00f6tilassa katso &#039;&#039;parasta ennen&#039;&#039;.<br \/><\/span><span style=\"font-size: 18px\"><strong>J\u00e4\u00e4kaapissa:<\/strong> Alle 5\u2103:n l\u00e4mp\u00f6tilassa<br \/>noin 24 tuntia.<\/p>\n<p><\/span><span style=\"font-size: 18px\"><strong>Ei saa pakastaa uudelleen sulattamisen <br \/>j\u00e4\u00e4lkeen.<\/strong><\/span><\/span><\/h4>\n<table style=\"height: 361px;width: 412.5px\">\n<tbody>\n<tr style=\"height: 1.5625px\">\n<td style=\"height: 1.5625px;width: 393.5px\" colspan=\"2\"><span style=\"font-size: 18px;color: #000000\"><strong>Ravintosis\u00e4lt\u00f6 per 100g<\/strong><\/span><\/td>\n<\/tr>\n<\/tbody>\n<tbody>\n<tr style=\"height: 9px\">\n<td style=\"height: 9px;width: 201px\"><span style=\"font-size: 18px;color: #000000\">Energiaa<\/span><\/td>\n<td style=\"height: 9px;width: 192.5px\"><span style=\"font-size: 18px;color: #000000\">628 kJ \/ 151 kcal<\/span><\/td>\n<\/tr>\n<tr style=\"height: 4px\">\n<td style=\"height: 4px;width: 201px\"><span style=\"font-size: 18px;color: #000000\">Rasva<\/span><\/td>\n<td style=\"height: 4px;width: 192.5px\"><span style=\"font-size: 18px;color: #000000\">9,3 g<\/span><\/td>\n<\/tr>\n<tr style=\"height: 3px\">\n<td style=\"height: 3px;width: 201px\"><span style=\"font-size: 18px;color: #000000\">josta tyydyttynytt\u00e4<\/span><\/td>\n<td style=\"height: 3px;width: 192.5px\"><span style=\"font-size: 18px;color: #000000\">2,7 g<\/span><\/td>\n<\/tr>\n<tr style=\"height: 21px\">\n<td style=\"height: 21px;width: 201px\"><span style=\"font-size: 18px;color: #000000\">Hiilihydraatit<\/span><\/td>\n<td style=\"height: 21px;width: 192.5px\"><span style=\"font-size: 18px;color: #000000\">0,7 g<\/span><\/td>\n<\/tr>\n<tr style=\"height: 8px\">\n<td style=\"height: 8px;width: 201px\"><span style=\"font-size: 18px;color: #000000\">josta sokereita<\/span><\/td>\n<td style=\"height: 8px;width: 192.5px\"><span style=\"font-size: 18px;color: #000000\">0 g<\/span><\/td>\n<\/tr>\n<tr style=\"height: 15px\">\n<td style=\"height: 15px;width: 201px\"><span style=\"font-size: 18px;color: #000000\">Proteiini<\/span><\/td>\n<td style=\"height: 15px;width: 192.5px\"><span style=\"font-size: 18px;color: #000000\">13,6 g<\/span><\/td>\n<\/tr>\n<tr style=\"height: 2px\">\n<td style=\"width: 201px;height: 2px\"><span style=\"font-size: 18px;color: #000000\">Suola<\/span><\/td>\n<td style=\"width: 192.5px;height: 2px\"><span style=\"font-size: 18px;color: #000000\">0,19 g<\/span><\/td>\n<\/tr>\n<\/tbody>\n<\/table>\n","protected":false},"excerpt":{"rendered":"<p>Ainesosat: Broilerinsyd\u00e4mia 100%. S\u00e4ilytys: Pakastimessa: Alle -18\u2103:nl\u00e4mp\u00f6tilassa katso &#039;&#039;parasta ennen&#039;&#039;.J\u00e4\u00e4kaapissa: Alle 5\u2103:n l\u00e4mp\u00f6tilassanoin 24 tuntia. Ei saa pakastaa uudelleen sulattamisen<\/p>\n","protected":false},"featured_media":100759,"template":"","meta":{"om_disable_all_campaigns":false,"_monsterinsights_skip_tracking":false,"_monsterinsights_sitenote_active":false,"_monsterinsights_sitenote_note":"","_monsterinsights_sitenote_category":0},"location":[1422],"product_brand":[1423],"product_cat":[1464],"product_tag":[],"class_list":{"0":"post-42113","1":"product","2":"type-product","3":"status-publish","4":"has-post-thumbnail","6":"location-v","7":"product_brand-ararat-ari-food","8":"product_cat-pakasteet-en-2","9":"stock_type-ltk-en","11":"first","12":"instock","13":"taxable","14":"shipping-taxable","15":"purchasable","16":"product-type-simple"},"aioseo_notices":[],"locations":[{"id":1422,"name":"v","slug":"v","quantity":"198"}],"_links":{"self":[{"href":"https:\/\/araratfinland.com\/en\/wp-json\/wp\/v2\/product\/42113","targetHints":{"allow":["GET"]}}],"collection":[{"href":"https:\/\/araratfinland.com\/en\/wp-json\/wp\/v2\/product"}],"about":[{"href":"https:\/\/araratfinland.com\/en\/wp-json\/wp\/v2\/types\/product"}],"version-history":[{"count":1,"href":"https:\/\/araratfinland.com\/en\/wp-json\/wp\/v2\/product\/42113\/revisions"}],"predecessor-version":[{"id":49144,"href":"https:\/\/araratfinland.com\/en\/wp-json\/wp\/v2\/product\/42113\/revisions\/49144"}],"wp:featuredmedia":[{"embeddable":true,"href":"https:\/\/araratfinland.com\/en\/wp-json\/wp\/v2\/media\/100759"}],"wp:attachment":[{"href":"https:\/\/araratfinland.com\/en\/wp-json\/wp\/v2\/media?parent=42113"}],"wp:term":[{"taxonomy":"location","embeddable":true,"href":"https:\/\/araratfinland.com\/en\/wp-json\/wp\/v2\/location?post=42113"},{"taxonomy":"product_brand","embeddable":true,"href":"https:\/\/araratfinland.com\/en\/wp-json\/wp\/v2\/product_brand?post=42113"},{"taxonomy":"product_cat","embeddable":true,"href":"https:\/\/araratfinland.com\/en\/wp-json\/wp\/v2\/product_cat?post=42113"},{"taxonomy":"product_tag","embeddable":true,"href":"https:\/\/araratfinland.com\/en\/wp-json\/wp\/v2\/product_tag?post=42113"}],"curies":[{"name":"wp","href":"https:\/\/api.w.org\/{rel}","templated":true}]}}