{"id":42109,"date":"2024-06-02T02:13:41","date_gmt":"2024-06-01T23:13:41","guid":{"rendered":"https:\/\/araratfinland.com\/product\/tas-tamarind-drink-310-ml\/"},"modified":"2025-11-17T09:12:20","modified_gmt":"2025-11-17T07:12:20","slug":"tas-tamarind-drink-310-ml","status":"publish","type":"product","link":"https:\/\/araratfinland.com\/en\/product\/tas-tamarind-drink-310-ml\/","title":{"rendered":"TAS tamarind drink 310 ml"},"content":{"rendered":"<p><span style=\"font-size: 18px;color: #000000\"><strong>Ainesosat: <\/strong>Vesi\u00a056,30%, tamarindin massa 30%,<br \/>sokeri 13,60%, happo (sitruunahappo).<br \/><\/span><br \/><span style=\"font-size: 18px;color: #000000\"><span style=\"font-size: 18px\"><strong>S\u00e4ilytys: <\/strong>Kuivassa ja viile\u00e4ss\u00e4 paikassa.<br \/><strong>Avamiseen j\u00e4\u00e4lkeen s\u00e4ilyt\u00e4 j\u00e4\u00e4kappissa ja<\/strong><br \/><strong>kuluttaa 3 p\u00e4iv\u00e4n kuluessa.<\/strong><\/p>\n<p><\/span><\/span> <\/p>\n<table style=\"width: 455.266px\">\n<tbody>\n<tr style=\"height: 23px\">\n<td style=\"width: 435.266px;height: 23px\" colspan=\"2\"><span style=\"color: #000000\"><strong><span style=\"font-size: 19px\">Ravintosis\u00e4lt\u00f6 per 100g<\/span><\/strong><\/span><\/td>\n<\/tr>\n<\/tbody>\n<tbody>\n<tr style=\"height: 23px\">\n<td style=\"width: 267px;height: 23px\"><span style=\"color: #000000\"><strong><span style=\"font-size: 19px\">Energia<\/span><\/strong><\/span><\/td>\n<td style=\"width: 168.266px;height: 23px\"><span style=\"color: #000000\"><strong><span style=\"font-size: 19px\">275 kJ\/ 65 kcal<\/span><\/strong><\/span><\/td>\n<\/tr>\n<tr style=\"height: 23px\">\n<td style=\"width: 267px;height: 23px\"><span style=\"color: #000000\"><strong><span style=\"font-size: 19px\">Rasva<\/span><\/strong><\/span><\/td>\n<td style=\"width: 168.266px;height: 23px\"><span style=\"color: #000000\"><strong><span style=\"font-size: 19px\">0 g<\/span><\/strong><\/span><\/td>\n<\/tr>\n<tr style=\"height: 23px\">\n<td style=\"width: 267px;height: 23px\"><span style=\"color: #000000\"><strong><span style=\"font-size: 19px\">josta tyydyttyneitt\u00e4<\/span><\/strong><\/span><\/td>\n<td style=\"width: 168.266px;height: 23px\"><span style=\"color: #000000\"><strong><span style=\"font-size: 19px\">0 g<\/span><\/strong><\/span><\/td>\n<\/tr>\n<tr style=\"height: 23px\">\n<td style=\"width: 267px;height: 23px\"><span style=\"color: #000000\"><strong><span style=\"font-size: 19px\">Hiilihydraatit<\/span><\/strong><\/span><\/td>\n<td style=\"width: 168.266px;height: 23px\"><span style=\"color: #000000\"><strong><span style=\"font-size: 19px\">15,6 g<\/span><\/strong><\/span><\/td>\n<\/tr>\n<tr style=\"height: 23px\">\n<td style=\"width: 267px;height: 23px\"><span style=\"color: #000000\"><strong><span style=\"font-size: 19px\">josta sokereita<\/span><\/strong><\/span><\/td>\n<td style=\"width: 168.266px;height: 23px\"><span style=\"color: #000000\"><strong><span style=\"font-size: 19px\">15,4 g<\/span><\/strong><\/span><\/td>\n<\/tr>\n<tr style=\"height: 23px\">\n<td style=\"width: 267px;height: 23px\"><span style=\"color: #000000\"><strong><span style=\"font-size: 19px\">Proteiini<\/span><\/strong><\/span><\/td>\n<td style=\"width: 168.266px;height: 23px\"><span style=\"color: #000000\"><strong><span style=\"font-size: 19px\">0,05 g<\/span><\/strong><\/span><\/td>\n<\/tr>\n<tr style=\"height: 23px\">\n<td style=\"width: 267px;height: 23px\"><span style=\"color: #000000\"><strong><span style=\"font-size: 19px\">Suola<\/span><\/strong><\/span><\/td>\n<td style=\"width: 168.266px;height: 23px\"><span style=\"color: #000000\"><strong><span style=\"font-size: 19px\">0,1 g<\/span><\/strong><\/span><\/td>\n<\/tr>\n<\/tbody>\n<\/table>\n","protected":false},"excerpt":{"rendered":"<p>Ainesosat: Vesi\u00a056,30%, tamarindin massa 30%,sokeri 13,60%, happo (sitruunahappo).S\u00e4ilytys: Kuivassa ja viile\u00e4ss\u00e4 paikassa.Avamiseen j\u00e4\u00e4lkeen s\u00e4ilyt\u00e4 j\u00e4\u00e4kappissa jakuluttaa 3 p\u00e4iv\u00e4n kuluessa. Ravintosis\u00e4lt\u00f6<\/p>\n","protected":false},"featured_media":100651,"template":"","meta":{"om_disable_all_campaigns":false,"_monsterinsights_skip_tracking":false,"_monsterinsights_sitenote_active":false,"_monsterinsights_sitenote_note":"","_monsterinsights_sitenote_category":0},"location":[1422],"product_brand":[1423],"product_cat":[1480],"product_tag":[],"class_list":{"0":"post-42109","1":"product","2":"type-product","3":"status-publish","4":"has-post-thumbnail","6":"location-v","7":"product_brand-ararat-ari-food","8":"product_cat-mehut-nesteet-en","9":"stock_type-tlk-en","11":"first","12":"instock","13":"taxable","14":"shipping-taxable","15":"purchasable","16":"product-type-simple"},"aioseo_notices":[],"locations":[{"id":1422,"name":"v","slug":"v","quantity":"2280"}],"_links":{"self":[{"href":"https:\/\/araratfinland.com\/en\/wp-json\/wp\/v2\/product\/42109","targetHints":{"allow":["GET"]}}],"collection":[{"href":"https:\/\/araratfinland.com\/en\/wp-json\/wp\/v2\/product"}],"about":[{"href":"https:\/\/araratfinland.com\/en\/wp-json\/wp\/v2\/types\/product"}],"version-history":[{"count":1,"href":"https:\/\/araratfinland.com\/en\/wp-json\/wp\/v2\/product\/42109\/revisions"}],"predecessor-version":[{"id":49000,"href":"https:\/\/araratfinland.com\/en\/wp-json\/wp\/v2\/product\/42109\/revisions\/49000"}],"wp:featuredmedia":[{"embeddable":true,"href":"https:\/\/araratfinland.com\/en\/wp-json\/wp\/v2\/media\/100651"}],"wp:attachment":[{"href":"https:\/\/araratfinland.com\/en\/wp-json\/wp\/v2\/media?parent=42109"}],"wp:term":[{"taxonomy":"location","embeddable":true,"href":"https:\/\/araratfinland.com\/en\/wp-json\/wp\/v2\/location?post=42109"},{"taxonomy":"product_brand","embeddable":true,"href":"https:\/\/araratfinland.com\/en\/wp-json\/wp\/v2\/product_brand?post=42109"},{"taxonomy":"product_cat","embeddable":true,"href":"https:\/\/araratfinland.com\/en\/wp-json\/wp\/v2\/product_cat?post=42109"},{"taxonomy":"product_tag","embeddable":true,"href":"https:\/\/araratfinland.com\/en\/wp-json\/wp\/v2\/product_tag?post=42109"}],"curies":[{"name":"wp","href":"https:\/\/api.w.org\/{rel}","templated":true}]}}