{"id":42081,"date":"2024-06-02T02:13:35","date_gmt":"2024-06-01T23:13:35","guid":{"rendered":"https:\/\/araratfinland.com\/product\/salaatti-rasia-125kpl\/"},"modified":"2025-09-05T14:53:41","modified_gmt":"2025-09-05T11:53:41","slug":"salaatti-rasia-125kpl","status":"publish","type":"product","link":"https:\/\/araratfinland.com\/en\/product\/salaatti-rasia-125kpl\/","title":{"rendered":"Salaatti rasia 125kpl"},"content":{"rendered":"<h4><span style=\"font-size: 19px\"><strong>Salaatti rasia.<\/strong><\/span><\/h4>\n<h4><span style=\"font-size: 19px\"><strong>M\u00e4\u00e4r\u00e4: <\/strong>125 kpl<\/span><\/h4>\n","protected":false},"excerpt":{"rendered":"<p>Salaatti rasia. M\u00e4\u00e4r\u00e4: 125 kpl<\/p>\n","protected":false},"featured_media":88231,"template":"","meta":{"om_disable_all_campaigns":false,"_monsterinsights_skip_tracking":false,"_monsterinsights_sitenote_active":false,"_monsterinsights_sitenote_note":"","_monsterinsights_sitenote_category":0},"location":[1422],"product_brand":[1423],"product_cat":[1469],"product_tag":[],"class_list":{"0":"post-42081","1":"product","2":"type-product","3":"status-publish","4":"has-post-thumbnail","6":"location-v","7":"product_brand-ararat-ari-food","8":"product_cat-restaurant-en-2","9":"stock_type-pcs-en","11":"first","12":"instock","13":"taxable","14":"shipping-taxable","15":"purchasable","16":"product-type-simple"},"aioseo_notices":[],"locations":[{"id":1422,"name":"v","slug":"v","quantity":"471"}],"_links":{"self":[{"href":"https:\/\/araratfinland.com\/en\/wp-json\/wp\/v2\/product\/42081","targetHints":{"allow":["GET"]}}],"collection":[{"href":"https:\/\/araratfinland.com\/en\/wp-json\/wp\/v2\/product"}],"about":[{"href":"https:\/\/araratfinland.com\/en\/wp-json\/wp\/v2\/types\/product"}],"version-history":[{"count":1,"href":"https:\/\/araratfinland.com\/en\/wp-json\/wp\/v2\/product\/42081\/revisions"}],"predecessor-version":[{"id":53874,"href":"https:\/\/araratfinland.com\/en\/wp-json\/wp\/v2\/product\/42081\/revisions\/53874"}],"wp:featuredmedia":[{"embeddable":true,"href":"https:\/\/araratfinland.com\/en\/wp-json\/wp\/v2\/media\/88231"}],"wp:attachment":[{"href":"https:\/\/araratfinland.com\/en\/wp-json\/wp\/v2\/media?parent=42081"}],"wp:term":[{"taxonomy":"location","embeddable":true,"href":"https:\/\/araratfinland.com\/en\/wp-json\/wp\/v2\/location?post=42081"},{"taxonomy":"product_brand","embeddable":true,"href":"https:\/\/araratfinland.com\/en\/wp-json\/wp\/v2\/product_brand?post=42081"},{"taxonomy":"product_cat","embeddable":true,"href":"https:\/\/araratfinland.com\/en\/wp-json\/wp\/v2\/product_cat?post=42081"},{"taxonomy":"product_tag","embeddable":true,"href":"https:\/\/araratfinland.com\/en\/wp-json\/wp\/v2\/product_tag?post=42081"}],"curies":[{"name":"wp","href":"https:\/\/api.w.org\/{rel}","templated":true}]}}