{"id":42075,"date":"2024-06-02T02:13:34","date_gmt":"2024-06-01T23:13:34","guid":{"rendered":"https:\/\/araratfinland.com\/product\/spring-roll-20x215-mm-2\/"},"modified":"2025-09-11T13:50:35","modified_gmt":"2025-09-11T10:50:35","slug":"spring-roll-20x215-mm-2","status":"publish","type":"product","link":"https:\/\/araratfinland.com\/en\/product\/spring-roll-20x215-mm-2\/","title":{"rendered":"Spring roll 20&#215;215 mm"},"content":{"rendered":"<h4><span style=\"font-size: 19px;color: #000000\"><strong>Spring roll pastry 40 kpl.<\/strong><\/span><\/h4>\n<h4><span style=\"color: #000000\"><span style=\"font-size: 19px\"><strong>Ainesosat:<\/strong> <strong>Vehn\u00e4<\/strong>jauho, vesi, kookos\u00f6ljy, suola,<br \/>natrium, kaseinaatti (<strong>maito<\/strong>),\u00a0<\/span><strong style=\"font-size: 19px\">vehn\u00e4<\/strong><span style=\"font-size: 19px\">t\u00e4rkkelys,<br \/>maltodekstriini, jauhojen k\u00e4sittelyaine:<br \/>askorbiinihappo.<\/span><\/span><\/h4>\n<h4><span style=\"font-size: 19px;color: #000000\"><strong>Koko: <\/strong>215mm x 215mm.<\/span><\/h4>\n<h4><span style=\"font-size: 19px;color: #000000\"><strong>Alkuper\u00e4maa:<\/strong> Bangladesh.<\/span><\/h4>\n<table style=\"height: 361px;width: 467px\">\n<tbody>\n<tr style=\"height: 12px\">\n<td style=\"width: 446px;height: 12px\" colspan=\"2\"><span style=\"font-size: 19px;color: #000000\"><strong>Ravintosis\u00e4lt\u00f6 per 100g<\/strong><\/span><\/td>\n<\/tr>\n<\/tbody>\n<tbody>\n<tr style=\"height: 5.29688px\">\n<td style=\"width: 219.594px;height: 5.29688px\"><span style=\"font-size: 19px;color: #000000\">Energiaa<\/span><\/td>\n<td style=\"width: 226.406px;height: 5.29688px\"><span style=\"font-size: 19px;color: #000000\">1289 kj \/ 3,7 kcal<\/span><\/td>\n<\/tr>\n<tr style=\"height: 14px\">\n<td style=\"width: 219.594px;height: 14px\"><span style=\"font-size: 19px;color: #000000\">Rasva<\/span><\/td>\n<td style=\"width: 226.406px;height: 14px\"><span style=\"font-size: 19px;color: #000000\">4,9 g<\/span><\/td>\n<\/tr>\n<tr style=\"height: 12px\">\n<td style=\"width: 219.594px;height: 12px\"><span style=\"font-size: 19px;color: #000000\">josta tyydyttynytt\u00e4<\/span><\/td>\n<td style=\"width: 226.406px;height: 12px\"><span style=\"font-size: 19px;color: #000000\">0,9 g<\/span><\/td>\n<\/tr>\n<tr style=\"height: 22px\">\n<td style=\"width: 219.594px;height: 22px\"><span style=\"font-size: 19px;color: #000000\">Hiilihydraatit<\/span><\/td>\n<td style=\"width: 226.406px;height: 22px\"><span style=\"font-size: 19px;color: #000000\">58 g<\/span><\/td>\n<\/tr>\n<tr style=\"height: 10px\">\n<td style=\"width: 219.594px;height: 10px\"><span style=\"font-size: 19px;color: #000000\">josta sokereita<\/span><\/td>\n<td style=\"width: 226.406px;height: 10px\"><span style=\"font-size: 19px;color: #000000\">1,4 g<\/span><\/td>\n<\/tr>\n<tr style=\"height: 1px\">\n<td style=\"width: 219.594px;height: 1px\"><span style=\"font-size: 19px;color: #000000\">Proteiini<\/span><\/td>\n<td style=\"width: 226.406px;height: 1px\"><span style=\"font-size: 19px;color: #000000\">7,4 g<\/span><\/td>\n<\/tr>\n<tr style=\"height: 15px\">\n<td style=\"width: 219.594px;height: 15px\"><span style=\"font-size: 19px;color: #000000\">Suola<\/span><\/td>\n<td style=\"width: 226.406px;height: 15px\"><span style=\"font-size: 19px;color: #000000\">0,94 g<\/span><\/td>\n<\/tr>\n<\/tbody>\n<\/table>\n","protected":false},"excerpt":{"rendered":"<p>Spring roll pastry 40 kpl. Ainesosat: Vehn\u00e4jauho, vesi, kookos\u00f6ljy, suola,natrium, kaseinaatti (maito),\u00a0vehn\u00e4t\u00e4rkkelys,maltodekstriini, jauhojen k\u00e4sittelyaine:askorbiinihappo. Koko: 215mm x 215mm. Alkuper\u00e4maa: Bangladesh.<\/p>\n","protected":false},"featured_media":89870,"template":"","meta":{"om_disable_all_campaigns":false,"_monsterinsights_skip_tracking":false,"_monsterinsights_sitenote_active":false,"_monsterinsights_sitenote_note":"","_monsterinsights_sitenote_category":0},"location":[1422],"product_brand":[1423],"product_cat":[1464],"product_tag":[],"class_list":{"0":"post-42075","1":"product","2":"type-product","3":"status-publish","4":"has-post-thumbnail","6":"location-v","7":"product_brand-ararat-ari-food","8":"product_cat-pakasteet-en-2","9":"stock_type-ltk-en","11":"first","12":"instock","13":"taxable","14":"shipping-taxable","15":"purchasable","16":"product-type-simple"},"aioseo_notices":[],"locations":[{"id":1422,"name":"v","slug":"v","quantity":"22"}],"_links":{"self":[{"href":"https:\/\/araratfinland.com\/en\/wp-json\/wp\/v2\/product\/42075","targetHints":{"allow":["GET"]}}],"collection":[{"href":"https:\/\/araratfinland.com\/en\/wp-json\/wp\/v2\/product"}],"about":[{"href":"https:\/\/araratfinland.com\/en\/wp-json\/wp\/v2\/types\/product"}],"version-history":[{"count":1,"href":"https:\/\/araratfinland.com\/en\/wp-json\/wp\/v2\/product\/42075\/revisions"}],"predecessor-version":[{"id":49235,"href":"https:\/\/araratfinland.com\/en\/wp-json\/wp\/v2\/product\/42075\/revisions\/49235"}],"wp:featuredmedia":[{"embeddable":true,"href":"https:\/\/araratfinland.com\/en\/wp-json\/wp\/v2\/media\/89870"}],"wp:attachment":[{"href":"https:\/\/araratfinland.com\/en\/wp-json\/wp\/v2\/media?parent=42075"}],"wp:term":[{"taxonomy":"location","embeddable":true,"href":"https:\/\/araratfinland.com\/en\/wp-json\/wp\/v2\/location?post=42075"},{"taxonomy":"product_brand","embeddable":true,"href":"https:\/\/araratfinland.com\/en\/wp-json\/wp\/v2\/product_brand?post=42075"},{"taxonomy":"product_cat","embeddable":true,"href":"https:\/\/araratfinland.com\/en\/wp-json\/wp\/v2\/product_cat?post=42075"},{"taxonomy":"product_tag","embeddable":true,"href":"https:\/\/araratfinland.com\/en\/wp-json\/wp\/v2\/product_tag?post=42075"}],"curies":[{"name":"wp","href":"https:\/\/api.w.org\/{rel}","templated":true}]}}