{"id":42070,"date":"2024-06-02T02:13:33","date_gmt":"2024-06-01T23:13:33","guid":{"rendered":"https:\/\/araratfinland.com\/product\/yayla-minikrem-8-kpl\/"},"modified":"2025-10-03T11:42:13","modified_gmt":"2025-10-03T08:42:13","slug":"yayla-minikrem-8-kpl","status":"publish","type":"product","link":"https:\/\/araratfinland.com\/en\/product\/yayla-minikrem-8-kpl\/","title":{"rendered":"Yayla Minikrem 140g"},"content":{"rendered":"<p><span style=\"font-size: 18px;color: #000000\"><strong>Ainesosat:<\/strong>\u00a0Raakajuusto, voi, vesi, <strong>maitojauhe<\/strong>,<br \/>stabilointiaineet: modifioitu t\u00e4rkkelys, karrageeni,<br \/>johanneksenleip\u00e4puu; emulgointisuolat: E450 ja E452,<br \/>suola, happamuudens\u00e4\u00e4t\u00f6aine: sitruunahappo.<br \/><\/span><br \/><span style=\"color: #000000\"><strong><span style=\"font-size: 18px\">S\u00e4ilytys:\u00a0<\/span><\/strong><span style=\"font-size: 18px\">S\u00e4ilyt\u00e4 j\u00e4\u00e4kaapissa.<\/p>\n<p><\/span><\/span> <\/p>\n<table style=\"width: 412.016px\">\n<tbody>\n<tr style=\"height: 22px\">\n<td style=\"width: 398.016px;height: 22px\" colspan=\"2\"><span style=\"font-size: 18px;color: #000000\"><strong>Ravintosis\u00e4lt\u00f6 per 100g<\/strong><\/span><\/td>\n<\/tr>\n<\/tbody>\n<tbody>\n<tr style=\"height: 22px\">\n<td style=\"width: 216px;height: 22px\"><span style=\"font-size: 18px;color: #000000\">Energia<\/span><\/td>\n<td style=\"width: 182.016px;height: 22px\"><span style=\"font-size: 18px;color: #000000\">1279 kJ \/ 314 kcal<\/span><\/td>\n<\/tr>\n<tr style=\"height: 22px\">\n<td style=\"width: 216px;height: 22px\"><span style=\"font-size: 18px;color: #000000\">Rasva<\/span><\/td>\n<td style=\"width: 182.016px;height: 22px\"><span style=\"font-size: 18px;color: #000000\">30 g<\/span><\/td>\n<\/tr>\n<tr style=\"height: 22px\">\n<td style=\"width: 216px;height: 22px\"><span style=\"font-size: 18px;color: #000000\">josta tyydyttynytt\u00e4<\/span><\/td>\n<td style=\"width: 182.016px;height: 22px\"><span style=\"font-size: 18px;color: #000000\">20 g<\/span><\/td>\n<\/tr>\n<tr style=\"height: 22px\">\n<td style=\"width: 216px;height: 22px\"><span style=\"font-size: 18px;color: #000000\">Hiilihydraatit<\/span><\/td>\n<td style=\"width: 182.016px;height: 22px\"><span style=\"font-size: 18px;color: #000000\">4 g<\/span><\/td>\n<\/tr>\n<tr style=\"height: 22px\">\n<td style=\"width: 216px;height: 22px\"><span style=\"font-size: 18px;color: #000000\">josta sokereita<\/span><\/td>\n<td style=\"width: 182.016px;height: 22px\"><span style=\"font-size: 18px;color: #000000\">4 g<\/span><\/td>\n<\/tr>\n<tr style=\"height: 22px\">\n<td style=\"width: 216px;height: 22px\"><span style=\"font-size: 18px;color: #000000\">Proteiini<\/span><\/td>\n<td style=\"width: 182.016px;height: 22px\"><span style=\"font-size: 18px;color: #000000\">7 g<\/span><\/td>\n<\/tr>\n<tr style=\"height: 22px\">\n<td style=\"width: 216px;height: 22px\"><span style=\"font-size: 18px;color: #000000\">Suola<\/span><\/td>\n<td style=\"width: 182.016px;height: 22px\"><span style=\"font-size: 18px;color: #000000\">1,9 g<\/span><\/td>\n<\/tr>\n<\/tbody>\n<\/table>\n","protected":false},"excerpt":{"rendered":"<p>Ainesosat:\u00a0Raakajuusto, voi, vesi, maitojauhe,stabilointiaineet: modifioitu t\u00e4rkkelys, karrageeni,johanneksenleip\u00e4puu; emulgointisuolat: E450 ja E452,suola, happamuudens\u00e4\u00e4t\u00f6aine: sitruunahappo.S\u00e4ilytys:\u00a0S\u00e4ilyt\u00e4 j\u00e4\u00e4kaapissa. Ravintosis\u00e4lt\u00f6 per 100g Energia 1279 kJ<\/p>\n","protected":false},"featured_media":94633,"template":"","meta":{"om_disable_all_campaigns":false,"_monsterinsights_skip_tracking":false,"_monsterinsights_sitenote_active":false,"_monsterinsights_sitenote_note":"","_monsterinsights_sitenote_category":0},"location":[1422],"product_brand":[1423],"product_cat":[1354],"product_tag":[],"class_list":{"0":"post-42070","1":"product","2":"type-product","3":"status-publish","4":"has-post-thumbnail","6":"location-v","7":"product_brand-ararat-ari-food","8":"product_cat-juustot-fi","9":"stock_type-pcs-en","11":"first","12":"instock","13":"taxable","14":"shipping-taxable","15":"purchasable","16":"product-type-simple"},"aioseo_notices":[],"locations":[{"id":1422,"name":"v","slug":"v","quantity":"110"}],"_links":{"self":[{"href":"https:\/\/araratfinland.com\/en\/wp-json\/wp\/v2\/product\/42070","targetHints":{"allow":["GET"]}}],"collection":[{"href":"https:\/\/araratfinland.com\/en\/wp-json\/wp\/v2\/product"}],"about":[{"href":"https:\/\/araratfinland.com\/en\/wp-json\/wp\/v2\/types\/product"}],"version-history":[{"count":3,"href":"https:\/\/araratfinland.com\/en\/wp-json\/wp\/v2\/product\/42070\/revisions"}],"predecessor-version":[{"id":94632,"href":"https:\/\/araratfinland.com\/en\/wp-json\/wp\/v2\/product\/42070\/revisions\/94632"}],"wp:featuredmedia":[{"embeddable":true,"href":"https:\/\/araratfinland.com\/en\/wp-json\/wp\/v2\/media\/94633"}],"wp:attachment":[{"href":"https:\/\/araratfinland.com\/en\/wp-json\/wp\/v2\/media?parent=42070"}],"wp:term":[{"taxonomy":"location","embeddable":true,"href":"https:\/\/araratfinland.com\/en\/wp-json\/wp\/v2\/location?post=42070"},{"taxonomy":"product_brand","embeddable":true,"href":"https:\/\/araratfinland.com\/en\/wp-json\/wp\/v2\/product_brand?post=42070"},{"taxonomy":"product_cat","embeddable":true,"href":"https:\/\/araratfinland.com\/en\/wp-json\/wp\/v2\/product_cat?post=42070"},{"taxonomy":"product_tag","embeddable":true,"href":"https:\/\/araratfinland.com\/en\/wp-json\/wp\/v2\/product_tag?post=42070"}],"curies":[{"name":"wp","href":"https:\/\/api.w.org\/{rel}","templated":true}]}}