{"id":42067,"date":"2024-06-02T02:13:32","date_gmt":"2024-06-01T23:13:32","guid":{"rendered":"https:\/\/araratfinland.com\/product\/qibbla-broileri-10x1200-g-2\/"},"modified":"2025-09-26T15:26:57","modified_gmt":"2025-09-26T12:26:57","slug":"qibbla-broileri-10x1200-g-2","status":"publish","type":"product","link":"https:\/\/araratfinland.com\/en\/product\/qibbla-broileri-10x1200-g-2\/","title":{"rendered":"Qibbla broileri 10&#215;1200 g"},"content":{"rendered":"<h4><span style=\"color: #000000\"><span style=\"font-size: 18px\"><strong>Qibbla broileri &#8211; Luokka A.<br \/><\/strong><\/span><span style=\"font-size: 18px\">Ilman sis\u00e4lmyksineen.<\/span><\/span><\/h4>\n<h4><span style=\"font-size: 18px;color: #000000\"><strong>S\u00e4ilytys: <\/strong>J\u00e4\u00e4kapissa 4\u2103: 2 p\u00e4iv\u00e4\u00e4 -18\u2103:ssa<br \/>tai kylmemm\u00e4ss\u00e4.<\/span><\/h4>\n<table style=\"height: 361px;width: 364.141px\">\n<tbody>\n<tr style=\"height: 1px\">\n<td style=\"width: 346.141px;height: 1px\" colspan=\"2\"><span style=\"font-size: 18px;color: #000000\"><strong>Ravintosis\u00e4lt\u00f6 per 100g<\/strong><\/span><\/td>\n<\/tr>\n<\/tbody>\n<tbody>\n<tr style=\"height: 13px\">\n<td style=\"width: 190px;height: 13px\"><span style=\"font-size: 18px;color: #000000\">Energiaa<\/span><\/td>\n<td style=\"width: 156.141px;height: 13px\"><span style=\"font-size: 18px;color: #000000\">730 kj \/ 175 kcal<\/span><\/td>\n<\/tr>\n<tr style=\"height: 9px\">\n<td style=\"width: 190px;height: 9px\"><span style=\"font-size: 18px;color: #000000\">Rasva<\/span><\/td>\n<td style=\"width: 156.141px;height: 9px\"><span style=\"font-size: 18px;color: #000000\">11 g<\/span><\/td>\n<\/tr>\n<tr style=\"height: 2px\">\n<td style=\"width: 190px;height: 2px\"><span style=\"font-size: 18px;color: #000000\">josta tyydyttynytt\u00e4<\/span><\/td>\n<td style=\"width: 156.141px;height: 2px\"><span style=\"font-size: 18px;color: #000000\">2,7 g<\/span><\/td>\n<\/tr>\n<tr style=\"height: 1px\">\n<td style=\"width: 190px;height: 1px\"><span style=\"font-size: 18px;color: #000000\">Hiilihydraatit<\/span><\/td>\n<td style=\"width: 156.141px;height: 1px\"><span style=\"font-size: 18px;color: #000000\">0 g<\/span><\/td>\n<\/tr>\n<tr style=\"height: 10px\">\n<td style=\"width: 190px;height: 10px\"><span style=\"font-size: 18px;color: #000000\">josta sokereita<\/span><\/td>\n<td style=\"width: 156.141px;height: 10px\"><span style=\"font-size: 18px;color: #000000\">0 g<\/span><\/td>\n<\/tr>\n<tr style=\"height: 18px\">\n<td style=\"width: 190px;height: 18px\"><span style=\"font-size: 18px;color: #000000\">Proteiini<\/span><\/td>\n<td style=\"width: 156.141px;height: 18px\"><span style=\"font-size: 18px;color: #000000\">19 g<\/span><\/td>\n<\/tr>\n<tr style=\"height: 3px\">\n<td style=\"width: 190px;height: 3px\"><span style=\"font-size: 18px;color: #000000\">Suola<\/span><\/td>\n<td style=\"width: 156.141px;height: 3px\"><span style=\"font-size: 18px;color: #000000\">0,13 g<\/span><\/td>\n<\/tr>\n<\/tbody>\n<\/table>\n","protected":false},"excerpt":{"rendered":"<p>Qibbla broileri &#8211; Luokka A.Ilman sis\u00e4lmyksineen. S\u00e4ilytys: J\u00e4\u00e4kapissa 4\u2103: 2 p\u00e4iv\u00e4\u00e4 -18\u2103:ssatai kylmemm\u00e4ss\u00e4. Ravintosis\u00e4lt\u00f6 per 100g Energiaa 730 kj \/<\/p>\n","protected":false},"featured_media":93623,"template":"","meta":{"om_disable_all_campaigns":false,"_monsterinsights_skip_tracking":false,"_monsterinsights_sitenote_active":false,"_monsterinsights_sitenote_note":"","_monsterinsights_sitenote_category":0},"location":[1422],"product_brand":[1423],"product_cat":[1464],"product_tag":[],"class_list":{"0":"post-42067","1":"product","2":"type-product","3":"status-publish","4":"has-post-thumbnail","6":"location-v","7":"product_brand-ararat-ari-food","8":"product_cat-pakasteet-en-2","9":"stock_type-ltk-en","11":"first","12":"instock","13":"taxable","14":"shipping-taxable","15":"purchasable","16":"product-type-simple"},"aioseo_notices":[],"locations":[{"id":1422,"name":"v","slug":"v","quantity":"0"}],"_links":{"self":[{"href":"https:\/\/araratfinland.com\/en\/wp-json\/wp\/v2\/product\/42067","targetHints":{"allow":["GET"]}}],"collection":[{"href":"https:\/\/araratfinland.com\/en\/wp-json\/wp\/v2\/product"}],"about":[{"href":"https:\/\/araratfinland.com\/en\/wp-json\/wp\/v2\/types\/product"}],"version-history":[{"count":1,"href":"https:\/\/araratfinland.com\/en\/wp-json\/wp\/v2\/product\/42067\/revisions"}],"predecessor-version":[{"id":49925,"href":"https:\/\/araratfinland.com\/en\/wp-json\/wp\/v2\/product\/42067\/revisions\/49925"}],"wp:featuredmedia":[{"embeddable":true,"href":"https:\/\/araratfinland.com\/en\/wp-json\/wp\/v2\/media\/93623"}],"wp:attachment":[{"href":"https:\/\/araratfinland.com\/en\/wp-json\/wp\/v2\/media?parent=42067"}],"wp:term":[{"taxonomy":"location","embeddable":true,"href":"https:\/\/araratfinland.com\/en\/wp-json\/wp\/v2\/location?post=42067"},{"taxonomy":"product_brand","embeddable":true,"href":"https:\/\/araratfinland.com\/en\/wp-json\/wp\/v2\/product_brand?post=42067"},{"taxonomy":"product_cat","embeddable":true,"href":"https:\/\/araratfinland.com\/en\/wp-json\/wp\/v2\/product_cat?post=42067"},{"taxonomy":"product_tag","embeddable":true,"href":"https:\/\/araratfinland.com\/en\/wp-json\/wp\/v2\/product_tag?post=42067"}],"curies":[{"name":"wp","href":"https:\/\/api.w.org\/{rel}","templated":true}]}}