{"id":42062,"date":"2024-06-02T02:13:32","date_gmt":"2024-06-01T23:13:32","guid":{"rendered":"https:\/\/araratfinland.com\/product\/yayla-ayran-1-l\/"},"modified":"2025-11-10T10:22:17","modified_gmt":"2025-11-10T08:22:17","slug":"yayla-ayran-1-l","status":"publish","type":"product","link":"https:\/\/araratfinland.com\/en\/product\/yayla-ayran-1-l\/","title":{"rendered":"Yayla Ayran 1 L"},"content":{"rendered":"<h4><span style=\"font-size: 19px;color: #000000\"><strong>Jogurttipohjainen valmsite, sis\u00e4lt\u00e4\u00e4 vett\u00e4 ja suolaa,<br \/>l\u00e4mp\u00f6k\u00e4sitelty.<\/strong><\/span><\/h4>\n<h4><span style=\"font-size: 19px;color: #000000\"><strong>Ainesosat: Jogurtti, <\/strong>50,1% vesi, muunneltu t\u00e4rkkelys,<br \/>stabilointiaine, pektiini, suola.<\/span><\/h4>\n<h4><span style=\"color: #000000\"><span style=\"font-size: 19px\"><strong>S\u00e4ilytys:\u00a0<\/strong>Avaamattomana s\u00e4ilytett\u00e4v\u00e4 huoneenl\u00e4mm\u00f6ss\u00e4.<br \/>Avaamisen j\u00e4lkeen\u00a0<\/span><span style=\"font-size: 19px\">s\u00e4ilytett\u00e4v\u00e4 viile\u00e4ss\u00e4 4\u2103 &#8211; 6\u2103 v\u00e4lill\u00e4 ja<br \/>k\u00e4ytett\u00e4v\u00e4 mahdollisimman pian.<\/span><\/span><\/h4>\n<h4><span style=\"font-size: 19px;color: #000000\"><strong>Ravistettava ennen k\u00e4ytt\u00f6\u00e4 ja parasta kylm\u00e4n\u00e4 nautittuna.<\/strong><\/span><\/h4>\n<table style=\"width: 400.75px\">\n<tbody>\n<tr style=\"height: 18.5312px\">\n<td style=\"height: 18.5312px;width: 381.75px\" colspan=\"2\"><span style=\"font-size: 19px;color: #000000\"><strong>Ravintosis\u00e4lt\u00f6 per 100g<\/strong><\/span><\/td>\n<\/tr>\n<\/tbody>\n<tbody>\n<tr style=\"height: 19px\">\n<td style=\"height: 19px;width: 206px\"><span style=\"font-size: 19px;color: #000000\">Energia<\/span><\/td>\n<td style=\"height: 19px;width: 175.75px\"><span style=\"font-size: 19px;color: #000000\">134 kJ \/ 32 kcal<\/span><\/td>\n<\/tr>\n<tr style=\"height: 17px\">\n<td style=\"height: 17px;width: 206px\"><span style=\"font-size: 19px;color: #000000\">Rasva<\/span><\/td>\n<td style=\"height: 17px;width: 175.75px\"><span style=\"font-size: 19px;color: #000000\">1,7 g<\/span><\/td>\n<\/tr>\n<tr style=\"height: 16px\">\n<td style=\"height: 16px;width: 206px\"><span style=\"font-size: 19px;color: #000000\">josta tyydyttynytt\u00e4<\/span><\/td>\n<td style=\"height: 16px;width: 175.75px\"><span style=\"font-size: 19px;color: #000000\">1,2 g<\/span><\/td>\n<\/tr>\n<tr style=\"height: 23px\">\n<td style=\"height: 23px;width: 206px\"><span style=\"font-size: 19px;color: #000000\">Hiilihydraatit<\/span><\/td>\n<td style=\"height: 23px;width: 175.75px\"><span style=\"font-size: 19px;color: #000000\">2,4 g<\/span><\/td>\n<\/tr>\n<tr style=\"height: 23px\">\n<td style=\"height: 23px;width: 206px\"><span style=\"font-size: 19px;color: #000000\">josta sokereita<\/span><\/td>\n<td style=\"height: 23px;width: 175.75px\"><span style=\"font-size: 19px;color: #000000\">2,4 g<\/span><\/td>\n<\/tr>\n<tr style=\"height: 23px\">\n<td style=\"height: 23px;width: 206px\"><span style=\"font-size: 19px;color: #000000\">Proteiini<\/span><\/td>\n<td style=\"height: 23px;width: 175.75px\"><span style=\"font-size: 19px;color: #000000\">1,7 g<\/span><\/td>\n<\/tr>\n<tr style=\"height: 23px\">\n<td style=\"height: 23px;width: 206px\"><span style=\"font-size: 19px;color: #000000\">Suola<\/span><\/td>\n<td style=\"height: 23px;width: 175.75px\"><span style=\"font-size: 19px;color: #000000\">0,83 g<\/span><\/td>\n<\/tr>\n<\/tbody>\n<\/table>\n","protected":false},"excerpt":{"rendered":"<p>Jogurttipohjainen valmsite, sis\u00e4lt\u00e4\u00e4 vett\u00e4 ja suolaa,l\u00e4mp\u00f6k\u00e4sitelty. Ainesosat: Jogurtti, 50,1% vesi, muunneltu t\u00e4rkkelys,stabilointiaine, pektiini, suola. S\u00e4ilytys:\u00a0Avaamattomana s\u00e4ilytett\u00e4v\u00e4 huoneenl\u00e4mm\u00f6ss\u00e4.Avaamisen j\u00e4lkeen\u00a0s\u00e4ilytett\u00e4v\u00e4 viile\u00e4ss\u00e4 4\u2103<\/p>\n","protected":false},"featured_media":99927,"template":"","meta":{"om_disable_all_campaigns":false,"_monsterinsights_skip_tracking":false,"_monsterinsights_sitenote_active":false,"_monsterinsights_sitenote_note":"","_monsterinsights_sitenote_category":0},"location":[1422],"product_brand":[1423],"product_cat":[1352],"product_tag":[],"class_list":{"0":"post-42062","1":"product","2":"type-product","3":"status-publish","4":"has-post-thumbnail","6":"location-v","7":"product_brand-ararat-ari-food","8":"product_cat-maitotuotteet-fi","9":"stock_type-kpl-en","11":"first","12":"instock","13":"taxable","14":"shipping-taxable","15":"purchasable","16":"product-type-simple"},"aioseo_notices":[],"locations":[{"id":1422,"name":"v","slug":"v","quantity":"5460"}],"_links":{"self":[{"href":"https:\/\/araratfinland.com\/en\/wp-json\/wp\/v2\/product\/42062","targetHints":{"allow":["GET"]}}],"collection":[{"href":"https:\/\/araratfinland.com\/en\/wp-json\/wp\/v2\/product"}],"about":[{"href":"https:\/\/araratfinland.com\/en\/wp-json\/wp\/v2\/types\/product"}],"version-history":[{"count":1,"href":"https:\/\/araratfinland.com\/en\/wp-json\/wp\/v2\/product\/42062\/revisions"}],"predecessor-version":[{"id":48261,"href":"https:\/\/araratfinland.com\/en\/wp-json\/wp\/v2\/product\/42062\/revisions\/48261"}],"wp:featuredmedia":[{"embeddable":true,"href":"https:\/\/araratfinland.com\/en\/wp-json\/wp\/v2\/media\/99927"}],"wp:attachment":[{"href":"https:\/\/araratfinland.com\/en\/wp-json\/wp\/v2\/media?parent=42062"}],"wp:term":[{"taxonomy":"location","embeddable":true,"href":"https:\/\/araratfinland.com\/en\/wp-json\/wp\/v2\/location?post=42062"},{"taxonomy":"product_brand","embeddable":true,"href":"https:\/\/araratfinland.com\/en\/wp-json\/wp\/v2\/product_brand?post=42062"},{"taxonomy":"product_cat","embeddable":true,"href":"https:\/\/araratfinland.com\/en\/wp-json\/wp\/v2\/product_cat?post=42062"},{"taxonomy":"product_tag","embeddable":true,"href":"https:\/\/araratfinland.com\/en\/wp-json\/wp\/v2\/product_tag?post=42062"}],"curies":[{"name":"wp","href":"https:\/\/api.w.org\/{rel}","templated":true}]}}