{"id":42054,"date":"2024-06-02T02:13:30","date_gmt":"2024-06-01T23:13:30","guid":{"rendered":"https:\/\/araratfinland.com\/product\/gala-turkis-garlic-sauce-525g\/"},"modified":"2025-10-16T14:57:36","modified_gmt":"2025-10-16T11:57:36","slug":"gala-turkis-garlic-sauce-525g","status":"publish","type":"product","link":"https:\/\/araratfinland.com\/en\/product\/gala-turkis-garlic-sauce-525g\/","title":{"rendered":"Gala Turkis Garlic Sauce 525g"},"content":{"rendered":"<h4><span style=\"font-size: 18px;color: #000000\"><strong>Turkkilainen valkosipuli kastike.<\/strong><\/span><\/h4>\n<h4><span style=\"color: #000000\"><span style=\"font-size: 18px\"><strong>Ainesosat:<\/strong> Pohjakastike (vesi, rapsi\u00f6ljy, glukoosi-,<br \/>fruktoosisiirappi, muunneltu maissit\u00e4rkkelys,\u00a0<\/span><span style=\"font-size: 18px\">suola,<br \/><strong>kananmunan keltainen<\/strong>, happamuudens\u00e4\u00e4t\u00f6aine<br \/>(etikkahappo, sitruunahappo),\u00a0<\/span><span style=\"font-size: 18px\"><strong>sinappijauhe<\/strong>, suuruste<br \/>(guarkumi), s\u00e4il\u00f6nt\u00e4aine (kaliumsorbaatti), antioksidantti<br \/>(kalciumdinatrium EDTA),\u00a0<\/span><span style=\"font-size: 18px\">aromi, sokeri, valkosipuli 4%,<br \/>valkopippuri, kuivattu persilja 0,07%,\u00a0<\/span><span style=\"font-size: 18px\">s\u00e4il\u00f6nt\u00e4aineet<br \/>(kaliumsorbaatti, natriumbentsoaatti).<br \/><\/span><\/span><\/h4>\n<h4><span style=\"font-size: 18px;color: #000000\"><strong>S\u00e4ilytys: <\/strong>Viile\u00e4ss\u00e4 ja kuivassa paikassa.<br \/>S\u00e4ilyt\u00e4 j\u00e4\u00e4kaapissa avaamisen j\u00e4lkeen.<\/span><\/h4>\n<table style=\"width: 397.156px\">\n<tbody>\n<tr>\n<td style=\"width: 377.156px\" colspan=\"2\"><span style=\"font-size: 18px;color: #000000\"><strong>Ravintosis\u00e4lt\u00f6 per 100g<\/strong><\/span><\/td>\n<\/tr>\n<\/tbody>\n<tbody>\n<tr>\n<td style=\"width: 197px\"><span style=\"font-size: 18px;color: #000000\">Energia<\/span><\/td>\n<td style=\"width: 180.156px\"><span style=\"font-size: 18px;color: #000000\">1186 kJ \/ 286 kcal<\/span><\/td>\n<\/tr>\n<tr>\n<td style=\"width: 197px\"><span style=\"font-size: 18px;color: #000000\">Rasva<\/span><\/td>\n<td style=\"width: 180.156px\"><span style=\"font-size: 18px;color: #000000\">23 g<\/span><\/td>\n<\/tr>\n<tr>\n<td style=\"width: 197px\"><span style=\"font-size: 18px;color: #000000\">josta tyydyttyneitt\u00e4<\/span><\/td>\n<td style=\"width: 180.156px\"><span style=\"font-size: 18px;color: #000000\">1,8 g<\/span><\/td>\n<\/tr>\n<tr>\n<td style=\"width: 197px\"><span style=\"font-size: 18px;color: #000000\">Hiilihydraatit<\/span><\/td>\n<td style=\"width: 180.156px\"><span style=\"font-size: 18px;color: #000000\">18 g<\/span><\/td>\n<\/tr>\n<tr>\n<td style=\"width: 197px\"><span style=\"font-size: 18px;color: #000000\">josta sokereita<\/span><\/td>\n<td style=\"width: 180.156px\"><span style=\"font-size: 18px;color: #000000\">12 g<\/span><\/td>\n<\/tr>\n<tr>\n<td style=\"width: 197px\"><span style=\"font-size: 18px;color: #000000\">Proteiini<\/span><\/td>\n<td style=\"width: 180.156px\"><span style=\"font-size: 18px;color: #000000\">0,5 g<\/span><\/td>\n<\/tr>\n<tr>\n<td style=\"width: 197px\"><span style=\"font-size: 18px;color: #000000\">Suola<\/span><\/td>\n<td style=\"width: 180.156px\"><span style=\"font-size: 18px;color: #000000\">1,7 g<\/span><\/td>\n<\/tr>\n<\/tbody>\n<\/table>\n","protected":false},"excerpt":{"rendered":"<p>Turkkilainen valkosipuli kastike. Ainesosat: Pohjakastike (vesi, rapsi\u00f6ljy, glukoosi-,fruktoosisiirappi, muunneltu maissit\u00e4rkkelys,\u00a0suola,kananmunan keltainen, happamuudens\u00e4\u00e4t\u00f6aine(etikkahappo, sitruunahappo),\u00a0sinappijauhe, suuruste(guarkumi), s\u00e4il\u00f6nt\u00e4aine (kaliumsorbaatti), antioksidantti(kalciumdinatrium EDTA),\u00a0aromi, sokeri, valkosipuli<\/p>\n","protected":false},"featured_media":97002,"template":"","meta":{"om_disable_all_campaigns":false,"_monsterinsights_skip_tracking":false,"_monsterinsights_sitenote_active":false,"_monsterinsights_sitenote_note":"","_monsterinsights_sitenote_category":0},"location":[1422],"product_brand":[1423],"product_cat":[1344],"product_tag":[],"class_list":{"0":"post-42054","1":"product","2":"type-product","3":"status-publish","4":"has-post-thumbnail","6":"location-v","7":"product_brand-ararat-ari-food","8":"product_cat-kastikkeet-fi","9":"stock_type-pll-en","11":"first","12":"instock","13":"taxable","14":"shipping-taxable","15":"purchasable","16":"product-type-simple"},"aioseo_notices":[],"locations":[{"id":1422,"name":"v","slug":"v","quantity":"198"}],"_links":{"self":[{"href":"https:\/\/araratfinland.com\/en\/wp-json\/wp\/v2\/product\/42054","targetHints":{"allow":["GET"]}}],"collection":[{"href":"https:\/\/araratfinland.com\/en\/wp-json\/wp\/v2\/product"}],"about":[{"href":"https:\/\/araratfinland.com\/en\/wp-json\/wp\/v2\/types\/product"}],"version-history":[{"count":1,"href":"https:\/\/araratfinland.com\/en\/wp-json\/wp\/v2\/product\/42054\/revisions"}],"predecessor-version":[{"id":51149,"href":"https:\/\/araratfinland.com\/en\/wp-json\/wp\/v2\/product\/42054\/revisions\/51149"}],"wp:featuredmedia":[{"embeddable":true,"href":"https:\/\/araratfinland.com\/en\/wp-json\/wp\/v2\/media\/97002"}],"wp:attachment":[{"href":"https:\/\/araratfinland.com\/en\/wp-json\/wp\/v2\/media?parent=42054"}],"wp:term":[{"taxonomy":"location","embeddable":true,"href":"https:\/\/araratfinland.com\/en\/wp-json\/wp\/v2\/location?post=42054"},{"taxonomy":"product_brand","embeddable":true,"href":"https:\/\/araratfinland.com\/en\/wp-json\/wp\/v2\/product_brand?post=42054"},{"taxonomy":"product_cat","embeddable":true,"href":"https:\/\/araratfinland.com\/en\/wp-json\/wp\/v2\/product_cat?post=42054"},{"taxonomy":"product_tag","embeddable":true,"href":"https:\/\/araratfinland.com\/en\/wp-json\/wp\/v2\/product_tag?post=42054"}],"curies":[{"name":"wp","href":"https:\/\/api.w.org\/{rel}","templated":true}]}}