{"id":42046,"date":"2024-06-02T02:13:29","date_gmt":"2024-06-01T23:13:29","guid":{"rendered":"https:\/\/araratfinland.com\/product\/angelo-semoule-med-1-kg\/"},"modified":"2025-11-08T08:18:44","modified_gmt":"2025-11-08T06:18:44","slug":"angelo-semoule-med-1-kg","status":"publish","type":"product","link":"https:\/\/araratfinland.com\/en\/product\/angelo-semoule-med-1-kg\/","title":{"rendered":"Angelo Semoule Med. 1 Kg"},"content":{"rendered":"<h4><span style=\"font-size: 18px;color: #000000\"><strong>Semoule.<\/strong><\/span><\/h4>\n<h4><span style=\"font-size: 18px;color: #000000\"><strong>Ainesosat:<\/strong> Korkealaatuista durumvehn\u00e4n<br \/>mannasuurimoa.<\/span><\/h4>\n<h4><span style=\"font-size: 18px;color: #000000\"><strong>Sis\u00e4lt\u00e4\u00e4 gluteenia.<\/strong><\/span><\/h4>\n<table style=\"width: 313.891px\">\n<tbody>\n<tr style=\"height: 22px\">\n<td style=\"width: 296.891px;height: 22px\" colspan=\"2\"><span style=\"font-size: 18px;color: #000000\"><strong>Ravintosis\u00e4lt\u00f6 per 100g<\/strong><\/span><\/td>\n<\/tr>\n<\/tbody>\n<tbody>\n<tr style=\"height: 22px\">\n<td style=\"width: 142px;height: 22px\"><span style=\"font-size: 18px;color: #000000\">Energia<\/span><\/td>\n<td style=\"width: 154.891px;height: 22px\"><span style=\"font-size: 18px;color: #000000\">1565 kj\/369 kcal<\/span><\/td>\n<\/tr>\n<tr style=\"height: 22px\">\n<td style=\"width: 142px;height: 22px\"><span style=\"font-size: 18px;color: #000000\">Rasva<\/span><\/td>\n<td style=\"width: 154.891px;height: 22px\"><span style=\"font-size: 18px;color: #000000\">1,9 g<\/span><\/td>\n<\/tr>\n<tr style=\"height: 44px\">\n<td style=\"width: 142px;height: 44px\"><span style=\"font-size: 18px;color: #000000\">josta tyydyttyneitt\u00e4<\/span><\/td>\n<td style=\"width: 154.891px;height: 44px\"><span style=\"font-size: 18px;color: #000000\">0,35 g<\/span><\/td>\n<\/tr>\n<tr style=\"height: 22px\">\n<td style=\"width: 142px;height: 22px\"><span style=\"font-size: 18px;color: #000000\">Hiilihydraatit<\/span><\/td>\n<td style=\"width: 154.891px;height: 22px\"><span style=\"font-size: 18px;color: #000000\">73,4 g<\/span><\/td>\n<\/tr>\n<tr style=\"height: 22px\">\n<td style=\"width: 142px;height: 22px\"><span style=\"font-size: 18px;color: #000000\">josta sokereita<\/span><\/td>\n<td style=\"width: 154.891px;height: 22px\"><span style=\"font-size: 18px;color: #000000\">3,7 g<\/span><\/td>\n<\/tr>\n<tr style=\"height: 22px\">\n<td style=\"width: 142px;height: 22px\"><span style=\"font-size: 18px;color: #000000\">Proteiini<\/span><\/td>\n<td style=\"width: 154.891px;height: 22px\"><span style=\"font-size: 18px;color: #000000\">12,8 g<\/span><\/td>\n<\/tr>\n<tr style=\"height: 28.8125px\">\n<td style=\"width: 142px;height: 28.8125px\">\n<p><span style=\"font-size: 18px;color: #000000\">Kuitu<\/span><\/p>\n<p><span style=\"font-size: 18px;color: #000000\">Suola<\/span><\/p>\n<\/td>\n<td style=\"width: 154.891px;height: 28.8125px\">\n<p><span style=\"font-size: 18px;color: #000000\">3,6 g<\/span><\/p>\n<p><span style=\"font-size: 18px;color: #000000\">0,01 g<\/span><\/p>\n<\/td>\n<\/tr>\n<\/tbody>\n<\/table>\n","protected":false},"excerpt":{"rendered":"<p>Semoule. Ainesosat: Korkealaatuista durumvehn\u00e4nmannasuurimoa. Sis\u00e4lt\u00e4\u00e4 gluteenia. Ravintosis\u00e4lt\u00f6 per 100g Energia 1565 kj\/369 kcal Rasva 1,9 g josta tyydyttyneitt\u00e4 0,35 g<\/p>\n","protected":false},"featured_media":99556,"template":"","meta":{"om_disable_all_campaigns":false,"_monsterinsights_skip_tracking":false,"_monsterinsights_sitenote_active":false,"_monsterinsights_sitenote_note":"","_monsterinsights_sitenote_category":0},"location":[1422],"product_brand":[1423],"product_cat":[1346],"product_tag":[],"class_list":{"0":"post-42046","1":"product","2":"type-product","3":"status-publish","4":"has-post-thumbnail","6":"location-v","7":"product_brand-ararat-ari-food","8":"product_cat-kuiva-tuotteet-fi","9":"stock_type-pcs-en","11":"first","12":"instock","13":"taxable","14":"shipping-taxable","15":"purchasable","16":"product-type-simple"},"aioseo_notices":[],"locations":[{"id":1422,"name":"v","slug":"v","quantity":"59"}],"_links":{"self":[{"href":"https:\/\/araratfinland.com\/en\/wp-json\/wp\/v2\/product\/42046","targetHints":{"allow":["GET"]}}],"collection":[{"href":"https:\/\/araratfinland.com\/en\/wp-json\/wp\/v2\/product"}],"about":[{"href":"https:\/\/araratfinland.com\/en\/wp-json\/wp\/v2\/types\/product"}],"version-history":[{"count":1,"href":"https:\/\/araratfinland.com\/en\/wp-json\/wp\/v2\/product\/42046\/revisions"}],"predecessor-version":[{"id":53358,"href":"https:\/\/araratfinland.com\/en\/wp-json\/wp\/v2\/product\/42046\/revisions\/53358"}],"wp:featuredmedia":[{"embeddable":true,"href":"https:\/\/araratfinland.com\/en\/wp-json\/wp\/v2\/media\/99556"}],"wp:attachment":[{"href":"https:\/\/araratfinland.com\/en\/wp-json\/wp\/v2\/media?parent=42046"}],"wp:term":[{"taxonomy":"location","embeddable":true,"href":"https:\/\/araratfinland.com\/en\/wp-json\/wp\/v2\/location?post=42046"},{"taxonomy":"product_brand","embeddable":true,"href":"https:\/\/araratfinland.com\/en\/wp-json\/wp\/v2\/product_brand?post=42046"},{"taxonomy":"product_cat","embeddable":true,"href":"https:\/\/araratfinland.com\/en\/wp-json\/wp\/v2\/product_cat?post=42046"},{"taxonomy":"product_tag","embeddable":true,"href":"https:\/\/araratfinland.com\/en\/wp-json\/wp\/v2\/product_tag?post=42046"}],"curies":[{"name":"wp","href":"https:\/\/api.w.org\/{rel}","templated":true}]}}