{"id":42038,"date":"2024-06-02T02:13:27","date_gmt":"2024-06-01T23:13:27","guid":{"rendered":"https:\/\/araratfinland.com\/product\/qibbla-broileri-mortadella-paprika-12x200g-341\/"},"modified":"2025-11-10T13:58:52","modified_gmt":"2025-11-10T11:58:52","slug":"qibbla-broileri-mortadella-paprika-12x200g-341","status":"publish","type":"product","link":"https:\/\/araratfinland.com\/en\/product\/qibbla-broileri-mortadella-paprika-12x200g-341\/","title":{"rendered":"Qibbla Broileri Mortadella &amp; Paprika 12x200g (341)"},"content":{"rendered":"<h4><span style=\"font-size: 19px;color: #000000\"><strong>Broileri Mortadella\u00a0<\/strong><strong>kanapojan\/kalkkunan <\/strong><strong>&amp; paprika 341.<\/strong><\/span><\/h4>\n<h4><span style=\"color: #000000\"><span style=\"font-size: 19px\"><strong>Ainesosat: <\/strong>Mekaanisesti erotettu liha (30% kanan liha,<br \/>21% kalkkunan liha) vesi, perunat\u00e4rkkelys,\u00a0<\/span><span style=\"font-size: 19px\">suola,<br \/>pippuri 1%, dekstroosi, mausteet, stabilointiaine:E450,<br \/>antioksidantit: E300,\u00a0<\/span><span style=\"font-size: 19px\">hapot: E330, E327, E262,<br \/>luonnolliset aromiaineet, punajuurijauhe,<br \/>s\u00e4il\u00f6nt\u00e4aine: E250,\u00a0<\/span><span style=\"font-size: 19px\">mausteuute.<\/span><\/span><\/h4>\n<h4><span style=\"font-size: 19px;color: #000000\"><strong>S\u00e4ilytys:<\/strong> S\u00e4ilyt\u00e4 j\u00e4\u00e4kaapissa.<\/span><\/h4>\n<h4><span style=\"font-size: 19px;color: #000000\"><strong>Saattaa sis\u00e4lt\u00e4\u00e4 pieni\u00e4 m\u00e4\u00e4ri\u00e4 pistaasip\u00e4hkin\u00f6it\u00e4.<\/strong><\/span><\/h4>\n<table style=\"height: 361px;width: 381.016px\">\n<tbody>\n<tr style=\"height: 4px\">\n<td style=\"width: 367.016px;height: 4px\" colspan=\"2\"><span style=\"font-size: 18px;color: #000000\"><strong>Ravintosis\u00e4lt\u00f6 per 100g<\/strong><\/span><\/td>\n<\/tr>\n<\/tbody>\n<tbody>\n<tr style=\"height: 8px\">\n<td style=\"width: 198px;height: 8px\"><span style=\"font-size: 18px;color: #000000\">Energiaa<\/span><\/td>\n<td style=\"width: 169.016px;height: 8px\"><span style=\"font-size: 18px;color: #000000\">995 kj \/ 240 kcal<\/span><\/td>\n<\/tr>\n<tr style=\"height: 11px\">\n<td style=\"width: 198px;height: 11px\"><span style=\"font-size: 18px;color: #000000\">Rasva<\/span><\/td>\n<td style=\"width: 169.016px;height: 11px\"><span style=\"font-size: 18px;color: #000000\">20 g<\/span><\/td>\n<\/tr>\n<tr style=\"height: 11px\">\n<td style=\"width: 198px;height: 11px\"><span style=\"font-size: 18px;color: #000000\">josta tyydyttynytt\u00e4<\/span><\/td>\n<td style=\"width: 169.016px;height: 11px\"><span style=\"font-size: 18px;color: #000000\">5,4 g<\/span><\/td>\n<\/tr>\n<tr style=\"height: 8px\">\n<td style=\"width: 198px;height: 8px\"><span style=\"font-size: 18px;color: #000000\">Hiilihydraatit<\/span><\/td>\n<td style=\"width: 169.016px;height: 8px\"><span style=\"font-size: 18px;color: #000000\">4,3 g<\/span><\/td>\n<\/tr>\n<tr style=\"height: 19px\">\n<td style=\"width: 198px;height: 19px\"><span style=\"font-size: 18px;color: #000000\">josta sokereta<\/span><\/td>\n<td style=\"width: 169.016px;height: 19px\"><span style=\"color: #000000\">\u00a0<\/span><\/td>\n<\/tr>\n<\/tbody>\n<\/table>\n","protected":false},"excerpt":{"rendered":"<p>Broileri Mortadella\u00a0kanapojan\/kalkkunan &amp; paprika 341. Ainesosat: Mekaanisesti erotettu liha (30% kanan liha,21% kalkkunan liha) vesi, perunat\u00e4rkkelys,\u00a0suola,pippuri 1%, dekstroosi, mausteet, stabilointiaine:E450,antioksidantit:<\/p>\n","protected":false},"featured_media":100093,"template":"","meta":{"om_disable_all_campaigns":false,"_monsterinsights_skip_tracking":false,"_monsterinsights_sitenote_active":false,"_monsterinsights_sitenote_note":"","_monsterinsights_sitenote_category":0},"location":[1422],"product_brand":[1423],"product_cat":[1362],"product_tag":[],"class_list":{"0":"post-42038","1":"product","2":"type-product","3":"status-publish","4":"has-post-thumbnail","6":"location-v","7":"product_brand-ararat-ari-food","8":"product_cat-salamit-fi","9":"stock_type-ltk-en","11":"first","12":"instock","13":"taxable","14":"shipping-taxable","15":"purchasable","16":"product-type-simple"},"aioseo_notices":[],"locations":[{"id":1422,"name":"v","slug":"v","quantity":"21"}],"_links":{"self":[{"href":"https:\/\/araratfinland.com\/en\/wp-json\/wp\/v2\/product\/42038","targetHints":{"allow":["GET"]}}],"collection":[{"href":"https:\/\/araratfinland.com\/en\/wp-json\/wp\/v2\/product"}],"about":[{"href":"https:\/\/araratfinland.com\/en\/wp-json\/wp\/v2\/types\/product"}],"version-history":[{"count":1,"href":"https:\/\/araratfinland.com\/en\/wp-json\/wp\/v2\/product\/42038\/revisions"}],"predecessor-version":[{"id":52621,"href":"https:\/\/araratfinland.com\/en\/wp-json\/wp\/v2\/product\/42038\/revisions\/52621"}],"wp:featuredmedia":[{"embeddable":true,"href":"https:\/\/araratfinland.com\/en\/wp-json\/wp\/v2\/media\/100093"}],"wp:attachment":[{"href":"https:\/\/araratfinland.com\/en\/wp-json\/wp\/v2\/media?parent=42038"}],"wp:term":[{"taxonomy":"location","embeddable":true,"href":"https:\/\/araratfinland.com\/en\/wp-json\/wp\/v2\/location?post=42038"},{"taxonomy":"product_brand","embeddable":true,"href":"https:\/\/araratfinland.com\/en\/wp-json\/wp\/v2\/product_brand?post=42038"},{"taxonomy":"product_cat","embeddable":true,"href":"https:\/\/araratfinland.com\/en\/wp-json\/wp\/v2\/product_cat?post=42038"},{"taxonomy":"product_tag","embeddable":true,"href":"https:\/\/araratfinland.com\/en\/wp-json\/wp\/v2\/product_tag?post=42038"}],"curies":[{"name":"wp","href":"https:\/\/api.w.org\/{rel}","templated":true}]}}