{"id":42034,"date":"2024-06-02T02:13:26","date_gmt":"2024-06-01T23:13:26","guid":{"rendered":"https:\/\/araratfinland.com\/product\/sebahat-halva-pistaasi-350g\/"},"modified":"2025-09-05T14:27:36","modified_gmt":"2025-09-05T11:27:36","slug":"sebahat-halva-pistaasi-350g","status":"publish","type":"product","link":"https:\/\/araratfinland.com\/en\/product\/sebahat-halva-pistaasi-350g\/","title":{"rendered":"Sebahat Halva Pistaasi 350g"},"content":{"rendered":"<h4><span style=\"color: #000000\"><span style=\"font-size: 18px\"><strong>Ainesosat: Seesamipasta 55%,<\/strong> sokeri,<strong> pistaasit<\/strong>\u00a08%,<br \/>happamoittaja: sitruunahappo,\u00a0<\/span><span style=\"font-size: 18px\">emulgointiaine: mono-<br \/>ja diglyseridit, rasvahapot (palmu\u00f6ljy), aromi (vanilja).<br \/><\/span><\/span><\/h4>\n<h4><span style=\"font-size: 18px;color: #000000\"><strong>Saattaa sis\u00e4lt\u00e4\u00e4 pienia m\u00e4\u00e4ri\u00e4 p\u00e4hkin\u00f6it\u00e4 ja maissia.<\/strong><\/span><\/h4>\n<h4><span style=\"font-size: 18px;color: #000000\"><strong>S\u00e4ilytys: <\/strong>Kuivassa ja viile\u00e4ss\u00e4 paikassa.<\/span><\/h4>\n<table style=\"width: 383.359px\">\n<tbody>\n<tr>\n<td style=\"width: 364.359px\" colspan=\"2\"><span style=\"font-size: 18px;color: #000000\"><strong>Ravintosis\u00e4lt\u00f6 per 100g<\/strong><\/span><\/td>\n<\/tr>\n<\/tbody>\n<tbody>\n<tr>\n<td style=\"width: 192px\"><span style=\"font-size: 18px;color: #000000\">Energia<\/span><\/td>\n<td style=\"width: 172.359px\"><span style=\"font-size: 18px;color: #000000\">2253 kJ \/ 540 kcal<\/span><\/td>\n<\/tr>\n<tr>\n<td style=\"width: 192px\"><span style=\"font-size: 18px;color: #000000\">Rasva<\/span><\/td>\n<td style=\"width: 172.359px\"><span style=\"font-size: 18px;color: #000000\">32 g<\/span><\/td>\n<\/tr>\n<tr>\n<td style=\"width: 192px\"><span style=\"font-size: 18px;color: #000000\">josta tyydyttyneitt\u00e4<\/span><\/td>\n<td style=\"width: 172.359px\"><span style=\"font-size: 18px;color: #000000\">5,9 g<\/span><\/td>\n<\/tr>\n<tr>\n<td style=\"width: 192px\"><span style=\"font-size: 18px;color: #000000\">Hiilihydraatit<\/span><\/td>\n<td style=\"width: 172.359px\"><span style=\"font-size: 18px;color: #000000\">48 g<\/span><\/td>\n<\/tr>\n<tr>\n<td style=\"width: 192px\"><span style=\"font-size: 18px;color: #000000\">josta sokereita<\/span><\/td>\n<td style=\"width: 172.359px\"><span style=\"font-size: 18px;color: #000000\">32 g<\/span><\/td>\n<\/tr>\n<tr>\n<td style=\"width: 192px\"><span style=\"font-size: 18px;color: #000000\">Proteiini<\/span><\/td>\n<td style=\"width: 172.359px\"><span style=\"font-size: 18px;color: #000000\">13 g<\/span><\/td>\n<\/tr>\n<tr>\n<td style=\"width: 192px\"><span style=\"font-size: 18px;color: #000000\">Suola<\/span><\/td>\n<td style=\"width: 172.359px\"><span style=\"font-size: 18px;color: #000000\">0,27 g<\/span><\/td>\n<\/tr>\n<\/tbody>\n<\/table>\n","protected":false},"excerpt":{"rendered":"<p>Ainesosat: Seesamipasta 55%, sokeri, pistaasit\u00a08%,happamoittaja: sitruunahappo,\u00a0emulgointiaine: mono-ja diglyseridit, rasvahapot (palmu\u00f6ljy), aromi (vanilja). Saattaa sis\u00e4lt\u00e4\u00e4 pienia m\u00e4\u00e4ri\u00e4 p\u00e4hkin\u00f6it\u00e4 ja maissia. S\u00e4ilytys:<\/p>\n","protected":false},"featured_media":87882,"template":"","meta":{"om_disable_all_campaigns":false,"_monsterinsights_skip_tracking":false,"_monsterinsights_sitenote_active":false,"_monsterinsights_sitenote_note":"","_monsterinsights_sitenote_category":0},"location":[1422],"product_brand":[1423],"product_cat":[1324],"product_tag":[],"class_list":{"0":"post-42034","1":"product","2":"type-product","3":"status-publish","4":"has-post-thumbnail","6":"location-v","7":"product_brand-ararat-ari-food","8":"product_cat-makeiset-fi","9":"stock_type-pcs-en","11":"first","12":"instock","13":"taxable","14":"shipping-taxable","15":"purchasable","16":"product-type-simple"},"aioseo_notices":[],"locations":[{"id":1422,"name":"v","slug":"v","quantity":"81"}],"_links":{"self":[{"href":"https:\/\/araratfinland.com\/en\/wp-json\/wp\/v2\/product\/42034","targetHints":{"allow":["GET"]}}],"collection":[{"href":"https:\/\/araratfinland.com\/en\/wp-json\/wp\/v2\/product"}],"about":[{"href":"https:\/\/araratfinland.com\/en\/wp-json\/wp\/v2\/types\/product"}],"version-history":[{"count":1,"href":"https:\/\/araratfinland.com\/en\/wp-json\/wp\/v2\/product\/42034\/revisions"}],"predecessor-version":[{"id":46445,"href":"https:\/\/araratfinland.com\/en\/wp-json\/wp\/v2\/product\/42034\/revisions\/46445"}],"wp:featuredmedia":[{"embeddable":true,"href":"https:\/\/araratfinland.com\/en\/wp-json\/wp\/v2\/media\/87882"}],"wp:attachment":[{"href":"https:\/\/araratfinland.com\/en\/wp-json\/wp\/v2\/media?parent=42034"}],"wp:term":[{"taxonomy":"location","embeddable":true,"href":"https:\/\/araratfinland.com\/en\/wp-json\/wp\/v2\/location?post=42034"},{"taxonomy":"product_brand","embeddable":true,"href":"https:\/\/araratfinland.com\/en\/wp-json\/wp\/v2\/product_brand?post=42034"},{"taxonomy":"product_cat","embeddable":true,"href":"https:\/\/araratfinland.com\/en\/wp-json\/wp\/v2\/product_cat?post=42034"},{"taxonomy":"product_tag","embeddable":true,"href":"https:\/\/araratfinland.com\/en\/wp-json\/wp\/v2\/product_tag?post=42034"}],"curies":[{"name":"wp","href":"https:\/\/api.w.org\/{rel}","templated":true}]}}