{"id":42030,"date":"2024-06-02T02:13:25","date_gmt":"2024-06-01T23:13:25","guid":{"rendered":"https:\/\/araratfinland.com\/product\/gala-thai-sauce-525g\/"},"modified":"2025-11-17T16:30:51","modified_gmt":"2025-11-17T14:30:51","slug":"gala-thai-sauce-525g","status":"publish","type":"product","link":"https:\/\/araratfinland.com\/en\/product\/gala-thai-sauce-525g\/","title":{"rendered":"Gala Thai Sauce 525g"},"content":{"rendered":"<div><span style=\"color: #000000\"><span style=\"font-size: 18px\"><strong>Ainesosat:<\/strong>\u00a0Peruskastike: Vesi, rypsi\u00f6ljy,<br \/>glukoosi-fruktoosi\u00a0<\/span><span style=\"font-size: 18px\">siirappi, maissit\u00e4rkkelys,<br \/>suola, <strong>kananmuna<\/strong>, sitruunahappo,\u00a0<\/span><\/span><\/div>\n<div><span style=\"color: #000000\"><span style=\"font-size: 18px\">etikkahappo,<strong> sinappijauho<\/strong>, guarkumi,<br \/>kaliumsorbaatti, sokeri\u00a0<\/span><span style=\"font-size: 18px\">antiokdisantteja,<br \/>valkosipuli, chili, valkopippuri, persilja,<br \/><\/span><span style=\"font-size: 18px\">E202, E211, E412, E260, E330.<\/p>\n<p><\/span><\/span><\/div>\n<div><span style=\"font-size: 18px;color: #000000\"><span style=\"font-size: 18px\"><strong>S\u00e4ilytys:<\/strong> Viile\u00e4ss\u00e4 ja pime\u00e4ss\u00e4 paikassa. <br \/>S\u00e4ilyt\u00e4 j\u00e4\u00e4kaapissa avaamisen j\u00e4lkeen.<\/p>\n<p><\/span><\/span> <\/p>\n<table style=\"width: 329.375px\">\n<tbody>\n<tr>\n<td style=\"width: 316.375px\" colspan=\"2\"><span style=\"font-size: 19px;color: #000000\"><strong>Ravintosis\u00e4lt\u00f6 per 100g<\/strong><\/span><\/td>\n<\/tr>\n<\/tbody>\n<tbody>\n<tr>\n<td style=\"width: 210px\"><span style=\"font-size: 19px;color: #000000\">Energia<\/span><\/td>\n<td style=\"width: 106.375px\"><span style=\"font-size: 19px;color: #000000\">283 kcal<\/span><\/td>\n<\/tr>\n<tr>\n<td style=\"width: 210px\"><span style=\"font-size: 19px;color: #000000\">Rasva<\/span><\/td>\n<td style=\"width: 106.375px\"><span style=\"font-size: 19px;color: #000000\">23 g<\/span><\/td>\n<\/tr>\n<tr>\n<td style=\"width: 210px\"><span style=\"font-size: 19px;color: #000000\">josta tyydyttyneitt\u00e4<\/span><\/td>\n<td style=\"width: 106.375px\"><span style=\"font-size: 19px;color: #000000\">1,8 g<\/span><\/td>\n<\/tr>\n<tr>\n<td style=\"width: 210px\"><span style=\"font-size: 19px;color: #000000\">Hiilihydraatit<\/span><\/td>\n<td style=\"width: 106.375px\"><span style=\"font-size: 19px;color: #000000\">17 g<\/span><\/td>\n<\/tr>\n<tr>\n<td style=\"width: 210px\"><span style=\"font-size: 19px;color: #000000\">Suola<\/span><\/td>\n<td style=\"width: 106.375px\"><span style=\"font-size: 19px;color: #000000\">2 g<\/span><\/td>\n<\/tr>\n<tr>\n<td style=\"width: 210px\"><span style=\"font-size: 19px;color: #000000\">Proteiini<\/span><\/td>\n<td style=\"width: 106.375px\"><span style=\"font-size: 19px;color: #000000\">0,8 g<\/span><\/td>\n<\/tr>\n<tr>\n<td style=\"width: 210px\"><span style=\"font-size: 19px;color: #000000\">Sokeri<\/span><\/td>\n<td style=\"width: 106.375px\"><span style=\"font-size: 19px;color: #000000\">16 g<\/span><\/td>\n<\/tr>\n<\/tbody>\n<\/table><\/div>\n","protected":false},"excerpt":{"rendered":"<p>Ainesosat:\u00a0Peruskastike: Vesi, rypsi\u00f6ljy,glukoosi-fruktoosi\u00a0siirappi, maissit\u00e4rkkelys,suola, kananmuna, sitruunahappo,\u00a0 etikkahappo, sinappijauho, guarkumi,kaliumsorbaatti, sokeri\u00a0antiokdisantteja,valkosipuli, chili, valkopippuri, persilja,E202, E211, E412, E260, E330. S\u00e4ilytys: Viile\u00e4ss\u00e4 ja<\/p>\n","protected":false},"featured_media":100853,"template":"","meta":{"om_disable_all_campaigns":false,"_monsterinsights_skip_tracking":false,"_monsterinsights_sitenote_active":false,"_monsterinsights_sitenote_note":"","_monsterinsights_sitenote_category":0},"location":[1422],"product_brand":[1423],"product_cat":[1344],"product_tag":[],"class_list":{"0":"post-42030","1":"product","2":"type-product","3":"status-publish","4":"has-post-thumbnail","6":"location-v","7":"product_brand-ararat-ari-food","8":"product_cat-kastikkeet-fi","9":"stock_type-pll-en","11":"first","12":"instock","13":"taxable","14":"shipping-taxable","15":"purchasable","16":"product-type-simple"},"aioseo_notices":[],"locations":[{"id":1422,"name":"v","slug":"v","quantity":"246"}],"_links":{"self":[{"href":"https:\/\/araratfinland.com\/en\/wp-json\/wp\/v2\/product\/42030","targetHints":{"allow":["GET"]}}],"collection":[{"href":"https:\/\/araratfinland.com\/en\/wp-json\/wp\/v2\/product"}],"about":[{"href":"https:\/\/araratfinland.com\/en\/wp-json\/wp\/v2\/types\/product"}],"version-history":[{"count":1,"href":"https:\/\/araratfinland.com\/en\/wp-json\/wp\/v2\/product\/42030\/revisions"}],"predecessor-version":[{"id":47751,"href":"https:\/\/araratfinland.com\/en\/wp-json\/wp\/v2\/product\/42030\/revisions\/47751"}],"wp:featuredmedia":[{"embeddable":true,"href":"https:\/\/araratfinland.com\/en\/wp-json\/wp\/v2\/media\/100853"}],"wp:attachment":[{"href":"https:\/\/araratfinland.com\/en\/wp-json\/wp\/v2\/media?parent=42030"}],"wp:term":[{"taxonomy":"location","embeddable":true,"href":"https:\/\/araratfinland.com\/en\/wp-json\/wp\/v2\/location?post=42030"},{"taxonomy":"product_brand","embeddable":true,"href":"https:\/\/araratfinland.com\/en\/wp-json\/wp\/v2\/product_brand?post=42030"},{"taxonomy":"product_cat","embeddable":true,"href":"https:\/\/araratfinland.com\/en\/wp-json\/wp\/v2\/product_cat?post=42030"},{"taxonomy":"product_tag","embeddable":true,"href":"https:\/\/araratfinland.com\/en\/wp-json\/wp\/v2\/product_tag?post=42030"}],"curies":[{"name":"wp","href":"https:\/\/api.w.org\/{rel}","templated":true}]}}