{"id":42026,"date":"2024-06-02T02:13:25","date_gmt":"2024-06-01T23:13:25","guid":{"rendered":"https:\/\/araratfinland.com\/product\/yayla-yogurt-10-5-kg\/"},"modified":"2025-11-06T15:10:15","modified_gmt":"2025-11-06T13:10:15","slug":"yayla-yogurt-10-5-kg","status":"publish","type":"product","link":"https:\/\/araratfinland.com\/en\/product\/yayla-yogurt-10-5-kg\/","title":{"rendered":"Yayla Yogurtti 10% &#8211; 5 Kg"},"content":{"rendered":"<h4><span style=\"font-size: 19px;color: #000000\"><strong>Kermajogurtti <\/strong><strong>10% rasvaa<\/strong><strong>.<\/strong><\/span><\/h4>\n<h4><span style=\"font-size: 19px;color: #000000\"><strong>Ainesosat:<\/strong> Rasvaton maito, kerma (maito) 34%,<br \/>maitohappobakteerit.<\/span><\/h4>\n<h4><span style=\"font-size: 19px;color: #000000\"><strong>S\u00e4ilytys: <\/strong>Pid\u00e4 kylm\u00e4ss\u00e4 4\u2103 &#8211; 7\u2103 l\u00e4mp\u00f6tilassa.<\/span><\/h4>\n<table style=\"width: 405.094px\">\n<tbody>\n<tr style=\"height: 23px\">\n<td style=\"width: 387.094px;height: 23px\" colspan=\"2\"><span style=\"font-size: 19px;color: #000000\"><strong>Ravintosis\u00e4lt\u00f6 per 100g<\/strong><\/span><\/td>\n<\/tr>\n<\/tbody>\n<tbody>\n<tr style=\"height: 23px\">\n<td style=\"width: 210px;height: 23px\"><span style=\"font-size: 19px;color: #000000\">Energia<\/span><\/td>\n<td style=\"width: 177.094px;height: 23px\"><span style=\"font-size: 19px;color: #000000\">524 kJ \/ 126 kcal<\/span><\/td>\n<\/tr>\n<tr style=\"height: 23px\">\n<td style=\"width: 210px;height: 23px\"><span style=\"font-size: 19px;color: #000000\">Rasva<\/span><\/td>\n<td style=\"width: 177.094px;height: 23px\"><span style=\"font-size: 19px;color: #000000\">10,0 g<\/span><\/td>\n<\/tr>\n<tr style=\"height: 23px\">\n<td style=\"width: 210px;height: 23px\"><span style=\"font-size: 19px;color: #000000\">josta tyydyttynytt\u00e4<\/span><\/td>\n<td style=\"width: 177.094px;height: 23px\"><span style=\"font-size: 19px;color: #000000\">6,7 g<\/span><\/td>\n<\/tr>\n<tr style=\"height: 23.8125px\">\n<td style=\"width: 210px;height: 23.8125px\"><span style=\"font-size: 19px;color: #000000\">Hiilihydraatit<\/span><\/td>\n<td style=\"width: 177.094px;height: 23.8125px\"><span style=\"font-size: 19px;color: #000000\">5,4 g<\/span><\/td>\n<\/tr>\n<tr style=\"height: 23px\">\n<td style=\"width: 210px;height: 23px\"><span style=\"font-size: 19px;color: #000000\">josta sokereita<\/span><\/td>\n<td style=\"width: 177.094px;height: 23px\"><span style=\"font-size: 19px;color: #000000\">5,4 g<\/span><\/td>\n<\/tr>\n<tr style=\"height: 23px\">\n<td style=\"width: 210px;height: 23px\"><span style=\"font-size: 19px;color: #000000\">Proteiini<\/span><\/td>\n<td style=\"width: 177.094px;height: 23px\"><span style=\"font-size: 19px;color: #000000\">3,4 g<\/span><\/td>\n<\/tr>\n<tr style=\"height: 23px\">\n<td style=\"width: 210px;height: 23px\"><span style=\"font-size: 19px;color: #000000\">Suola<\/span><\/td>\n<td style=\"width: 177.094px;height: 23px\"><span style=\"font-size: 19px;color: #000000\">0,11 g<\/span><\/td>\n<\/tr>\n<\/tbody>\n<\/table>\n","protected":false},"excerpt":{"rendered":"<p>Kermajogurtti 10% rasvaa. Ainesosat: Rasvaton maito, kerma (maito) 34%,maitohappobakteerit. S\u00e4ilytys: Pid\u00e4 kylm\u00e4ss\u00e4 4\u2103 &#8211; 7\u2103 l\u00e4mp\u00f6tilassa. Ravintosis\u00e4lt\u00f6 per 100g Energia<\/p>\n","protected":false},"featured_media":99043,"template":"","meta":{"om_disable_all_campaigns":false,"_monsterinsights_skip_tracking":false,"_monsterinsights_sitenote_active":false,"_monsterinsights_sitenote_note":"","_monsterinsights_sitenote_category":0},"location":[1422],"product_brand":[1423],"product_cat":[1352],"product_tag":[],"class_list":{"0":"post-42026","1":"product","2":"type-product","3":"status-publish","4":"has-post-thumbnail","6":"location-v","7":"product_brand-ararat-ari-food","8":"product_cat-maitotuotteet-fi","9":"stock_type-kpl-en","11":"first","12":"instock","13":"taxable","14":"shipping-taxable","15":"purchasable","16":"product-type-simple"},"aioseo_notices":[],"locations":[{"id":1422,"name":"v","slug":"v","quantity":"167"}],"_links":{"self":[{"href":"https:\/\/araratfinland.com\/en\/wp-json\/wp\/v2\/product\/42026","targetHints":{"allow":["GET"]}}],"collection":[{"href":"https:\/\/araratfinland.com\/en\/wp-json\/wp\/v2\/product"}],"about":[{"href":"https:\/\/araratfinland.com\/en\/wp-json\/wp\/v2\/types\/product"}],"version-history":[{"count":2,"href":"https:\/\/araratfinland.com\/en\/wp-json\/wp\/v2\/product\/42026\/revisions"}],"predecessor-version":[{"id":96162,"href":"https:\/\/araratfinland.com\/en\/wp-json\/wp\/v2\/product\/42026\/revisions\/96162"}],"wp:featuredmedia":[{"embeddable":true,"href":"https:\/\/araratfinland.com\/en\/wp-json\/wp\/v2\/media\/99043"}],"wp:attachment":[{"href":"https:\/\/araratfinland.com\/en\/wp-json\/wp\/v2\/media?parent=42026"}],"wp:term":[{"taxonomy":"location","embeddable":true,"href":"https:\/\/araratfinland.com\/en\/wp-json\/wp\/v2\/location?post=42026"},{"taxonomy":"product_brand","embeddable":true,"href":"https:\/\/araratfinland.com\/en\/wp-json\/wp\/v2\/product_brand?post=42026"},{"taxonomy":"product_cat","embeddable":true,"href":"https:\/\/araratfinland.com\/en\/wp-json\/wp\/v2\/product_cat?post=42026"},{"taxonomy":"product_tag","embeddable":true,"href":"https:\/\/araratfinland.com\/en\/wp-json\/wp\/v2\/product_tag?post=42026"}],"curies":[{"name":"wp","href":"https:\/\/api.w.org\/{rel}","templated":true}]}}