{"id":42018,"date":"2024-06-02T02:13:23","date_gmt":"2024-06-01T23:13:23","guid":{"rendered":"https:\/\/araratfinland.com\/product\/abukass-sella-basmati-riisi-5-kg\/"},"modified":"2025-09-05T15:26:16","modified_gmt":"2025-09-05T12:26:16","slug":"abukass-sella-basmati-riisi-5-kg","status":"publish","type":"product","link":"https:\/\/araratfinland.com\/en\/product\/abukass-sella-basmati-riisi-5-kg\/","title":{"rendered":"Abukass Sella Basmati riisi 4,5 &#8211; Kg"},"content":{"rendered":"<h4><span style=\"font-size: 18px\"><strong>Sella basmati riisi.<\/strong><\/span><\/h4>\n<h4><span style=\"font-size: 18px\"><strong>Ainesosat: <\/strong>Basmatiriisi, kuorittu ja kiillotettu.<br \/>Viljelty Intiassa.<br \/><\/span><\/h4>\n<h4><span style=\"font-size: 18px\"><strong>S\u00e4ilytys: V<\/strong>iile\u00e4ss\u00e4 ja kuivassa paikassa.<\/span><\/h4>\n","protected":false},"excerpt":{"rendered":"<p>Sella basmati riisi. Ainesosat: Basmatiriisi, kuorittu ja kiillotettu.Viljelty Intiassa. S\u00e4ilytys: Viile\u00e4ss\u00e4 ja kuivassa paikassa.<\/p>\n","protected":false},"featured_media":88522,"template":"","meta":{"om_disable_all_campaigns":false,"_monsterinsights_skip_tracking":false,"_monsterinsights_sitenote_active":false,"_monsterinsights_sitenote_note":"","_monsterinsights_sitenote_category":0},"location":[1422],"product_brand":[1423],"product_cat":[1346],"product_tag":[],"class_list":{"0":"post-42018","1":"product","2":"type-product","3":"status-publish","4":"has-post-thumbnail","6":"location-v","7":"product_brand-ararat-ari-food","8":"product_cat-kuiva-tuotteet-fi","9":"stock_type-pcs-en","11":"first","12":"instock","13":"taxable","14":"shipping-taxable","15":"purchasable","16":"product-type-simple"},"aioseo_notices":[],"locations":[{"id":1422,"name":"v","slug":"v","quantity":"0"}],"_links":{"self":[{"href":"https:\/\/araratfinland.com\/en\/wp-json\/wp\/v2\/product\/42018","targetHints":{"allow":["GET"]}}],"collection":[{"href":"https:\/\/araratfinland.com\/en\/wp-json\/wp\/v2\/product"}],"about":[{"href":"https:\/\/araratfinland.com\/en\/wp-json\/wp\/v2\/types\/product"}],"version-history":[{"count":1,"href":"https:\/\/araratfinland.com\/en\/wp-json\/wp\/v2\/product\/42018\/revisions"}],"predecessor-version":[{"id":51990,"href":"https:\/\/araratfinland.com\/en\/wp-json\/wp\/v2\/product\/42018\/revisions\/51990"}],"wp:featuredmedia":[{"embeddable":true,"href":"https:\/\/araratfinland.com\/en\/wp-json\/wp\/v2\/media\/88522"}],"wp:attachment":[{"href":"https:\/\/araratfinland.com\/en\/wp-json\/wp\/v2\/media?parent=42018"}],"wp:term":[{"taxonomy":"location","embeddable":true,"href":"https:\/\/araratfinland.com\/en\/wp-json\/wp\/v2\/location?post=42018"},{"taxonomy":"product_brand","embeddable":true,"href":"https:\/\/araratfinland.com\/en\/wp-json\/wp\/v2\/product_brand?post=42018"},{"taxonomy":"product_cat","embeddable":true,"href":"https:\/\/araratfinland.com\/en\/wp-json\/wp\/v2\/product_cat?post=42018"},{"taxonomy":"product_tag","embeddable":true,"href":"https:\/\/araratfinland.com\/en\/wp-json\/wp\/v2\/product_tag?post=42018"}],"curies":[{"name":"wp","href":"https:\/\/api.w.org\/{rel}","templated":true}]}}