{"id":42005,"date":"2024-06-02T02:13:20","date_gmt":"2024-06-01T23:13:20","guid":{"rendered":"https:\/\/araratfinland.com\/product\/tilapia-fillet-1kg-iqf\/"},"modified":"2025-10-06T09:01:04","modified_gmt":"2025-10-06T06:01:04","slug":"tilapia-fillet-1kg-iqf","status":"publish","type":"product","link":"https:\/\/araratfinland.com\/en\/product\/tilapia-fillet-1kg-iqf\/","title":{"rendered":"Tilapia fillet 1kg IQF"},"content":{"rendered":"<h4><span style=\"font-size: 20px;color: #000000\"><strong>Ainesosat:<\/strong>\u00a0Tilapia 100%.<\/span><\/h4>\n<h4><strong><span style=\"font-size: 20px;color: #000000\">Allergia: Sis\u00e4lt\u00e4\u00e4 kalaa.<\/span><\/strong><\/h4>\n<h4><span style=\"color: #000000\"><span style=\"font-size: 20px\"><strong>S\u00e4ilytys:\u00a0<\/strong>Pakastimessa:<br \/>Alle -18\u2103:n l\u00e4mp\u00f6tilassa katso &#039;&#039;parasta ennen&#039;&#039;.<br \/><\/span><span style=\"font-size: 20px\">Ei saa pakastaa uudelleen sulattamisen\u00a0 j\u00e4\u00e4lkeen.<\/span><\/span><\/h4>\n<table style=\"height: 361px;width: 418.047px\">\n<tbody>\n<tr style=\"height: 12px\">\n<td style=\"width: 398.047px;height: 12px\" colspan=\"2\"><span style=\"font-size: 20px;color: #000000\"><strong>Ravintosis\u00e4lt\u00f6 per 100g<\/strong><\/span><\/td>\n<\/tr>\n<\/tbody>\n<tbody>\n<tr style=\"height: 1px\">\n<td style=\"width: 217px;height: 1px\"><span style=\"font-size: 20px;color: #000000\">Energiaa<\/span><\/td>\n<td style=\"width: 181.047px;height: 1px\"><span style=\"font-size: 20px;color: #000000\">355 kJ \/ 85 kcal<\/span><\/td>\n<\/tr>\n<tr style=\"height: 6px\">\n<td style=\"width: 217px;height: 6px\"><span style=\"font-size: 20px;color: #000000\">Rasva<\/span><\/td>\n<td style=\"width: 181.047px;height: 6px\"><span style=\"font-size: 20px;color: #000000\">2,5 g<\/span><\/td>\n<\/tr>\n<tr style=\"height: 4px\">\n<td style=\"width: 217px;height: 4px\"><span style=\"font-size: 20px;color: #000000\">josta tyydyttynytt\u00e4<\/span><\/td>\n<td style=\"width: 181.047px;height: 4px\"><span style=\"font-size: 20px;color: #000000\">0,4 g<\/span><\/td>\n<\/tr>\n<tr style=\"height: 14px\">\n<td style=\"width: 217px;height: 14px\"><span style=\"font-size: 20px;color: #000000\">Hiilihydraatit<\/span><\/td>\n<td style=\"width: 181.047px;height: 14px\"><span style=\"font-size: 20px;color: #000000\">1,5 g<\/span><\/td>\n<\/tr>\n<tr style=\"height: 4px\">\n<td style=\"width: 217px;height: 4px\"><span style=\"font-size: 20px;color: #000000\">josta sokereita<\/span><\/td>\n<td style=\"width: 181.047px;height: 4px\"><span style=\"font-size: 20px;color: #000000\">0,0 g<\/span><\/td>\n<\/tr>\n<tr style=\"height: 3px\">\n<td style=\"width: 217px;height: 3px\"><span style=\"font-size: 20px;color: #000000\">Proteiini<\/span><\/td>\n<td style=\"width: 181.047px;height: 3px\"><span style=\"font-size: 20px;color: #000000\">16,6 g<\/span><\/td>\n<\/tr>\n<tr style=\"height: 8px\">\n<td style=\"width: 217px;height: 8px\"><span style=\"font-size: 20px;color: #000000\">Suola<\/span><\/td>\n<td style=\"width: 181.047px;height: 8px\"><span style=\"font-size: 20px;color: #000000\"><\/p>\n","protected":false},"excerpt":{"rendered":"<p>Ainesosat:\u00a0Tilapia 100%. Allergia: Sis\u00e4lt\u00e4\u00e4 kalaa. S\u00e4ilytys:\u00a0Pakastimessa:Alle -18\u2103:n l\u00e4mp\u00f6tilassa katso &#039;&#039;parasta ennen&#039;&#039;.Ei saa pakastaa uudelleen sulattamisen\u00a0 j\u00e4\u00e4lkeen. Ravintosis\u00e4lt\u00f6 per 100g Energiaa<\/p>\n","protected":false},"featured_media":95121,"template":"","meta":{"om_disable_all_campaigns":false,"_monsterinsights_skip_tracking":false,"_monsterinsights_sitenote_active":false,"_monsterinsights_sitenote_note":"","_monsterinsights_sitenote_category":0},"location":[1422],"product_brand":[1423],"product_cat":[1464],"product_tag":[],"class_list":{"0":"post-42005","1":"product","2":"type-product","3":"status-publish","4":"has-post-thumbnail","6":"location-v","7":"product_brand-ararat-ari-food","8":"product_cat-pakasteet-en-2","9":"stock_type-ltk-en","11":"first","12":"instock","13":"taxable","14":"shipping-taxable","15":"purchasable","16":"product-type-simple"},"aioseo_notices":[],"locations":[{"id":1422,"name":"v","slug":"v","quantity":"20"}],"_links":{"self":[{"href":"https:\/\/araratfinland.com\/en\/wp-json\/wp\/v2\/product\/42005","targetHints":{"allow":["GET"]}}],"collection":[{"href":"https:\/\/araratfinland.com\/en\/wp-json\/wp\/v2\/product"}],"about":[{"href":"https:\/\/araratfinland.com\/en\/wp-json\/wp\/v2\/types\/product"}],"version-history":[{"count":1,"href":"https:\/\/araratfinland.com\/en\/wp-json\/wp\/v2\/product\/42005\/revisions"}],"predecessor-version":[{"id":49162,"href":"https:\/\/araratfinland.com\/en\/wp-json\/wp\/v2\/product\/42005\/revisions\/49162"}],"wp:featuredmedia":[{"embeddable":true,"href":"https:\/\/araratfinland.com\/en\/wp-json\/wp\/v2\/media\/95121"}],"wp:attachment":[{"href":"https:\/\/araratfinland.com\/en\/wp-json\/wp\/v2\/media?parent=42005"}],"wp:term":[{"taxonomy":"location","embeddable":true,"href":"https:\/\/araratfinland.com\/en\/wp-json\/wp\/v2\/location?post=42005"},{"taxonomy":"product_brand","embeddable":true,"href":"https:\/\/araratfinland.com\/en\/wp-json\/wp\/v2\/product_brand?post=42005"},{"taxonomy":"product_cat","embeddable":true,"href":"https:\/\/araratfinland.com\/en\/wp-json\/wp\/v2\/product_cat?post=42005"},{"taxonomy":"product_tag","embeddable":true,"href":"https:\/\/araratfinland.com\/en\/wp-json\/wp\/v2\/product_tag?post=42005"}],"curies":[{"name":"wp","href":"https:\/\/api.w.org\/{rel}","templated":true}]}}