{"id":42000,"date":"2024-06-02T02:13:19","date_gmt":"2024-06-01T23:13:19","guid":{"rendered":"https:\/\/araratfinland.com\/product\/yayla-taze-kaymak-250g\/"},"modified":"2025-11-06T15:11:43","modified_gmt":"2025-11-06T13:11:43","slug":"yayla-taze-kaymak-250g","status":"publish","type":"product","link":"https:\/\/araratfinland.com\/en\/product\/yayla-taze-kaymak-250g\/","title":{"rendered":"Yayla Taze Kaymak 250g"},"content":{"rendered":"<h4><span style=\"font-size: 19px\">\u00a0<\/span><\/h4>\n<h3 data-start=\"231\" data-end=\"263\"><span style=\"font-size: 19px\"><strong data-start=\"235\" data-end=\"261\">Mascarpone-tuorejuusto<\/strong><\/span><\/h3>\n<p data-start=\"265\" data-end=\"347\"><span style=\"font-size: 19px\"><strong data-start=\"265\" data-end=\"279\">Ainesosat:<\/strong><\/span><br data-start=\"279\" data-end=\"282\" \/><span style=\"font-size: 19px\"> Past\u00f6roitu kerma (maito), happamuudens\u00e4\u00e4t\u00f6aine (sitruunahappo).<\/span><\/p>\n<p data-start=\"349\" data-end=\"386\"><span style=\"font-size: 19px\"><strong data-start=\"349\" data-end=\"368\">Rasvapitoisuus:<\/strong> v\u00e4hint\u00e4\u00e4n 60 %.<\/span><\/p>\n<p data-start=\"388\" data-end=\"569\"><span style=\"font-size: 19px\"><strong data-start=\"388\" data-end=\"415\">Ravintosis\u00e4lt\u00f6 \/ 100 g:<\/strong><\/span><br data-start=\"415\" data-end=\"418\" \/><span style=\"font-size: 19px\"> Energia 1582 kJ \/ 384 kcal<\/span><br data-start=\"444\" data-end=\"447\" \/><span style=\"font-size: 19px\"> Rasva 40 g<\/span><br data-start=\"457\" data-end=\"460\" \/><span style=\"font-size: 19px\"> \u2013 josta tyydyttyneit\u00e4 26 g<\/span><br data-start=\"486\" data-end=\"489\" \/><span style=\"font-size: 19px\"> Hiilihydraatit 3,1 g<\/span><br data-start=\"509\" data-end=\"512\" \/><span style=\"font-size: 19px\"> \u2013 josta sokereita 3,1 g<\/span><br data-start=\"535\" data-end=\"538\" \/><span style=\"font-size: 19px\"> Proteiini 4,1 g<\/span><br data-start=\"553\" data-end=\"556\" \/><span style=\"font-size: 19px\"> Suola 0,1 g<\/span><\/p>\n<p data-start=\"571\" data-end=\"679\"><span style=\"font-size: 19px\"><strong data-start=\"571\" data-end=\"584\">S\u00e4ilytys:<\/strong><\/span><br data-start=\"584\" data-end=\"587\" \/><span style=\"font-size: 19px\"> S\u00e4ilyt\u00e4 2 \u00b0C \u2013 7 \u00b0C.<\/span><br data-start=\"609\" data-end=\"612\" \/><span style=\"font-size: 19px\"> Avaamisen j\u00e4lkeen s\u00e4ilyt\u00e4 j\u00e4\u00e4kaapissa ja k\u00e4yt\u00e4 3 p\u00e4iv\u00e4n kuluessa.<\/span><\/p>\n<p data-start=\"681\" data-end=\"717\"><span style=\"font-size: 19px\"><strong data-start=\"681\" data-end=\"699\">Parasta ennen:<\/strong> katso kannesta.<\/span><\/p>\n","protected":false},"excerpt":{"rendered":"<p>\u00a0 Mascarpone-tuorejuusto Ainesosat: Past\u00f6roitu kerma (maito), happamuudens\u00e4\u00e4t\u00f6aine (sitruunahappo). Rasvapitoisuus: v\u00e4hint\u00e4\u00e4n 60 %. Ravintosis\u00e4lt\u00f6 \/ 100 g: Energia 1582 kJ \/<\/p>\n","protected":false},"featured_media":99055,"template":"","meta":{"om_disable_all_campaigns":false,"_monsterinsights_skip_tracking":false,"_monsterinsights_sitenote_active":false,"_monsterinsights_sitenote_note":"","_monsterinsights_sitenote_category":0},"location":[1422],"product_brand":[1423],"product_cat":[1352],"product_tag":[],"class_list":{"0":"post-42000","1":"product","2":"type-product","3":"status-publish","4":"has-post-thumbnail","6":"location-v","7":"product_brand-ararat-ari-food","8":"product_cat-maitotuotteet-fi","9":"stock_type-kpl-en","11":"first","12":"instock","13":"taxable","14":"shipping-taxable","15":"purchasable","16":"product-type-simple"},"aioseo_notices":[],"locations":[{"id":1422,"name":"v","slug":"v","quantity":"30"}],"_links":{"self":[{"href":"https:\/\/araratfinland.com\/en\/wp-json\/wp\/v2\/product\/42000","targetHints":{"allow":["GET"]}}],"collection":[{"href":"https:\/\/araratfinland.com\/en\/wp-json\/wp\/v2\/product"}],"about":[{"href":"https:\/\/araratfinland.com\/en\/wp-json\/wp\/v2\/types\/product"}],"version-history":[{"count":5,"href":"https:\/\/araratfinland.com\/en\/wp-json\/wp\/v2\/product\/42000\/revisions"}],"predecessor-version":[{"id":96228,"href":"https:\/\/araratfinland.com\/en\/wp-json\/wp\/v2\/product\/42000\/revisions\/96228"}],"wp:featuredmedia":[{"embeddable":true,"href":"https:\/\/araratfinland.com\/en\/wp-json\/wp\/v2\/media\/99055"}],"wp:attachment":[{"href":"https:\/\/araratfinland.com\/en\/wp-json\/wp\/v2\/media?parent=42000"}],"wp:term":[{"taxonomy":"location","embeddable":true,"href":"https:\/\/araratfinland.com\/en\/wp-json\/wp\/v2\/location?post=42000"},{"taxonomy":"product_brand","embeddable":true,"href":"https:\/\/araratfinland.com\/en\/wp-json\/wp\/v2\/product_brand?post=42000"},{"taxonomy":"product_cat","embeddable":true,"href":"https:\/\/araratfinland.com\/en\/wp-json\/wp\/v2\/product_cat?post=42000"},{"taxonomy":"product_tag","embeddable":true,"href":"https:\/\/araratfinland.com\/en\/wp-json\/wp\/v2\/product_tag?post=42000"}],"curies":[{"name":"wp","href":"https:\/\/api.w.org\/{rel}","templated":true}]}}