{"id":41992,"date":"2024-06-02T02:13:18","date_gmt":"2024-06-01T23:13:18","guid":{"rendered":"https:\/\/araratfinland.com\/product\/sebahat-lokum-mixed-flavours-200g\/"},"modified":"2025-09-05T15:55:30","modified_gmt":"2025-09-05T12:55:30","slug":"sebahat-lokum-mixed-flavours-200g","status":"publish","type":"product","link":"https:\/\/araratfinland.com\/en\/product\/sebahat-lokum-mixed-flavours-200g\/","title":{"rendered":"Sebahat Lokum Mixed Flavours 200g"},"content":{"rendered":"<p><span style=\"color: #000000\"><strong><span style=\"font-size: 18px\">Ainesosat:\u00a0<\/span><\/strong><span style=\"font-size: 18px\">Sokeri, vesi, <strong>vehn\u00e4t\u00e4rkkelys<\/strong>,<br \/><strong>hasselp\u00e4hkin\u00e4t<\/strong>, <strong>pistaasip\u00e4hkin\u00e4t<\/strong>, <strong>mantelit<\/strong><br \/>sitruunahappo E330.<br \/><\/span><\/span><br \/><span style=\"font-size: 18px;color: #000000\"><strong>S\u00e4ilytys:<\/strong> Kuivassa ja viile\u00e4ss\u00e4 paikassa.<\/p>\n<p><strong>Sis\u00e4lt\u00e4 p\u00e4hkin\u00f6it\u00e4!<\/strong><\/span><\/p>\n","protected":false},"excerpt":{"rendered":"<p>Ainesosat:\u00a0Sokeri, vesi, vehn\u00e4t\u00e4rkkelys,hasselp\u00e4hkin\u00e4t, pistaasip\u00e4hkin\u00e4t, mantelitsitruunahappo E330.S\u00e4ilytys: Kuivassa ja viile\u00e4ss\u00e4 paikassa. Sis\u00e4lt\u00e4 p\u00e4hkin\u00f6it\u00e4!<\/p>\n","protected":false},"featured_media":88825,"template":"","meta":{"om_disable_all_campaigns":false,"_monsterinsights_skip_tracking":false,"_monsterinsights_sitenote_active":false,"_monsterinsights_sitenote_note":"","_monsterinsights_sitenote_category":0},"location":[1422],"product_brand":[1423],"product_cat":[1324],"product_tag":[],"class_list":{"0":"post-41992","1":"product","2":"type-product","3":"status-publish","4":"has-post-thumbnail","6":"location-v","7":"product_brand-ararat-ari-food","8":"product_cat-makeiset-fi","9":"stock_type-kpl-en","11":"first","12":"instock","13":"taxable","14":"shipping-taxable","15":"purchasable","16":"product-type-simple"},"aioseo_notices":[],"locations":[{"id":1422,"name":"v","slug":"v","quantity":"60"}],"_links":{"self":[{"href":"https:\/\/araratfinland.com\/en\/wp-json\/wp\/v2\/product\/41992","targetHints":{"allow":["GET"]}}],"collection":[{"href":"https:\/\/araratfinland.com\/en\/wp-json\/wp\/v2\/product"}],"about":[{"href":"https:\/\/araratfinland.com\/en\/wp-json\/wp\/v2\/types\/product"}],"version-history":[{"count":1,"href":"https:\/\/araratfinland.com\/en\/wp-json\/wp\/v2\/product\/41992\/revisions"}],"predecessor-version":[{"id":46503,"href":"https:\/\/araratfinland.com\/en\/wp-json\/wp\/v2\/product\/41992\/revisions\/46503"}],"wp:featuredmedia":[{"embeddable":true,"href":"https:\/\/araratfinland.com\/en\/wp-json\/wp\/v2\/media\/88825"}],"wp:attachment":[{"href":"https:\/\/araratfinland.com\/en\/wp-json\/wp\/v2\/media?parent=41992"}],"wp:term":[{"taxonomy":"location","embeddable":true,"href":"https:\/\/araratfinland.com\/en\/wp-json\/wp\/v2\/location?post=41992"},{"taxonomy":"product_brand","embeddable":true,"href":"https:\/\/araratfinland.com\/en\/wp-json\/wp\/v2\/product_brand?post=41992"},{"taxonomy":"product_cat","embeddable":true,"href":"https:\/\/araratfinland.com\/en\/wp-json\/wp\/v2\/product_cat?post=41992"},{"taxonomy":"product_tag","embeddable":true,"href":"https:\/\/araratfinland.com\/en\/wp-json\/wp\/v2\/product_tag?post=41992"}],"curies":[{"name":"wp","href":"https:\/\/api.w.org\/{rel}","templated":true}]}}