{"id":41977,"date":"2024-06-02T02:13:14","date_gmt":"2024-06-01T23:13:14","guid":{"rendered":"https:\/\/araratfinland.com\/product\/frozen-mackerel-whole-round-1-kg\/"},"modified":"2025-11-10T12:43:55","modified_gmt":"2025-11-10T10:43:55","slug":"frozen-mackerel-whole-round-1-kg","status":"publish","type":"product","link":"https:\/\/araratfinland.com\/en\/product\/frozen-mackerel-whole-round-1-kg\/","title":{"rendered":"Frozen Mackerel whole round 1 kg"},"content":{"rendered":"<h4><span style=\"font-size: 18px;color: #000000\"><strong>Frozen Mackerel whole round 2-3 pcs\/kg.<\/strong><\/span><\/h4>\n<h4><span style=\"color: #000000\"><span style=\"font-size: 18px\"><strong>S\u00e4ilytys: <\/strong>Pakastimessa: Alle -18\u2103:n<br \/>l\u00e4mp\u00f6tilassa katso &#039;&#039;parasta ennen&#039;&#039;.<br \/><\/span><span style=\"font-size: 18px\"><strong>Ei saa pakastaa uudelleen sulattamisen j\u00e4\u00e4lkeen.<\/strong><\/span><\/span><\/h4>\n<table style=\"height: 361px;width: 305.578px\">\n<tbody>\n<tr style=\"height: 17px\">\n<td style=\"width: 287.578px;height: 17px\" colspan=\"2\"><span style=\"font-size: 18px;color: #000000\"><strong>Ravintosis\u00e4lt\u00f6 per 100g<\/strong><\/span><\/td>\n<\/tr>\n<\/tbody>\n<tbody>\n<tr style=\"height: 24px\">\n<td style=\"width: 205px;height: 24px\"><span style=\"font-size: 18px;color: #000000\">Energiaa<\/span><\/td>\n<td style=\"width: 82.5781px;height: 24px\"><span style=\"font-size: 18px;color: #000000\">139 kJ<\/span><\/td>\n<\/tr>\n<tr style=\"height: 14px\">\n<td style=\"width: 205px;height: 14px\"><span style=\"font-size: 18px;color: #000000\">Rasva<\/span><\/td>\n<td style=\"width: 82.5781px;height: 14px\"><span style=\"font-size: 18px;color: #000000\">10 g<\/span><\/td>\n<\/tr>\n<tr style=\"height: 17px\">\n<td style=\"width: 205px;height: 17px\"><span style=\"font-size: 18px;color: #000000\">josta tyydyttynytt\u00e4<\/span><\/td>\n<td style=\"width: 82.5781px;height: 17px\"><span style=\"font-size: 18px;color: #000000\">8,2 g<\/span><\/td>\n<\/tr>\n<tr style=\"height: 15px\">\n<td style=\"width: 205px;height: 15px\"><span style=\"font-size: 18px;color: #000000\">Hiilihydraatit<\/span><\/td>\n<td style=\"width: 82.5781px;height: 15px\"><span style=\"font-size: 18px;color: #000000\">4,8 g<\/span><\/td>\n<\/tr>\n<tr style=\"height: 11px\">\n<td style=\"width: 205px;height: 11px\"><span style=\"font-size: 18px;color: #000000\">josta sokereita<\/span><\/td>\n<td style=\"width: 82.5781px;height: 11px\"><span style=\"font-size: 18px;color: #000000\">0 g<\/span><\/td>\n<\/tr>\n<tr style=\"height: 10px\">\n<td style=\"width: 205px;height: 10px\"><span style=\"font-size: 18px;color: #000000\">Proteiini<\/span><\/td>\n<td style=\"width: 82.5781px;height: 10px\"><span style=\"font-size: 18px;color: #000000\">19,3 g<\/span><\/td>\n<\/tr>\n<tr style=\"height: 17px\">\n<td style=\"width: 205px;height: 17px\"><span style=\"font-size: 18px;color: #000000\">Suola<\/span><\/td>\n<td style=\"width: 82.5781px;height: 17px\"><span style=\"font-size: 18px;color: #000000\">0 g<\/span><\/td>\n<\/tr>\n<\/tbody>\n<\/table>\n","protected":false},"excerpt":{"rendered":"<p>Frozen Mackerel whole round 2-3 pcs\/kg. S\u00e4ilytys: Pakastimessa: Alle -18\u2103:nl\u00e4mp\u00f6tilassa katso &#039;&#039;parasta ennen&#039;&#039;.Ei saa pakastaa uudelleen sulattamisen j\u00e4\u00e4lkeen. Ravintosis\u00e4lt\u00f6 per<\/p>\n","protected":false},"featured_media":100045,"template":"","meta":{"om_disable_all_campaigns":false,"_monsterinsights_skip_tracking":false,"_monsterinsights_sitenote_active":false,"_monsterinsights_sitenote_note":"","_monsterinsights_sitenote_category":0},"location":[1422],"product_brand":[1423],"product_cat":[1464],"product_tag":[],"class_list":{"0":"post-41977","1":"product","2":"type-product","3":"status-publish","4":"has-post-thumbnail","6":"location-v","7":"product_brand-ararat-ari-food","8":"product_cat-pakasteet-en-2","9":"stock_type-kg-en","11":"first","12":"instock","13":"taxable","14":"shipping-taxable","15":"purchasable","16":"product-type-simple"},"aioseo_notices":[],"locations":[{"id":1422,"name":"v","slug":"v","quantity":"880"}],"_links":{"self":[{"href":"https:\/\/araratfinland.com\/en\/wp-json\/wp\/v2\/product\/41977","targetHints":{"allow":["GET"]}}],"collection":[{"href":"https:\/\/araratfinland.com\/en\/wp-json\/wp\/v2\/product"}],"about":[{"href":"https:\/\/araratfinland.com\/en\/wp-json\/wp\/v2\/types\/product"}],"version-history":[{"count":5,"href":"https:\/\/araratfinland.com\/en\/wp-json\/wp\/v2\/product\/41977\/revisions"}],"predecessor-version":[{"id":78692,"href":"https:\/\/araratfinland.com\/en\/wp-json\/wp\/v2\/product\/41977\/revisions\/78692"}],"wp:featuredmedia":[{"embeddable":true,"href":"https:\/\/araratfinland.com\/en\/wp-json\/wp\/v2\/media\/100045"}],"wp:attachment":[{"href":"https:\/\/araratfinland.com\/en\/wp-json\/wp\/v2\/media?parent=41977"}],"wp:term":[{"taxonomy":"location","embeddable":true,"href":"https:\/\/araratfinland.com\/en\/wp-json\/wp\/v2\/location?post=41977"},{"taxonomy":"product_brand","embeddable":true,"href":"https:\/\/araratfinland.com\/en\/wp-json\/wp\/v2\/product_brand?post=41977"},{"taxonomy":"product_cat","embeddable":true,"href":"https:\/\/araratfinland.com\/en\/wp-json\/wp\/v2\/product_cat?post=41977"},{"taxonomy":"product_tag","embeddable":true,"href":"https:\/\/araratfinland.com\/en\/wp-json\/wp\/v2\/product_tag?post=41977"}],"curies":[{"name":"wp","href":"https:\/\/api.w.org\/{rel}","templated":true}]}}