{"id":41968,"date":"2024-06-02T02:13:12","date_gmt":"2024-06-01T23:13:12","guid":{"rendered":"https:\/\/araratfinland.com\/product\/puck-cream-170g\/"},"modified":"2025-11-10T12:33:02","modified_gmt":"2025-11-10T10:33:02","slug":"puck-cream-170g","status":"publish","type":"product","link":"https:\/\/araratfinland.com\/en\/product\/puck-cream-170g\/","title":{"rendered":"Puck Cream 170g"},"content":{"rendered":"<p><span style=\"font-size: 18px;color: #000000\"><span style=\"font-size: 18px\"><strong>Ainesosat:<\/strong> Tuore <strong>kerma<\/strong> (<strong>past\u00f6roidusta<\/strong><br \/><strong>lehm\u00e4nmaidosta<\/strong>), kasvisaksuttimet (E471<br \/>palmu-\/rypsi\u00f6ljyst\u00e4), E401, E410, E415.<\/p>\n<p><strong>S\u00e4ilytys: <\/strong>Kuivassa ja viile\u00e4ss\u00e4 paikassa,<br \/>s\u00e4ilyt\u00e4: 2\u2103 &#8211; 5\u2103.<\/p>\n<p><\/span><\/span> <\/p>\n<table style=\"width: 298.016px\">\n<tbody>\n<tr>\n<td style=\"width: 284.016px\" colspan=\"2\"><span style=\"font-size: 17px;color: #000000\"><strong>Ravintosis\u00e4lt\u00f6 per 100g<\/strong><\/span><\/td>\n<\/tr>\n<\/tbody>\n<tbody>\n<tr>\n<td style=\"width: 197px\"><span style=\"font-size: 17px;color: #000000\">Energia<\/span><\/td>\n<td style=\"width: 87.0156px\"><span style=\"font-size: 17px;color: #000000\">223 kcal<\/span><\/td>\n<\/tr>\n<tr>\n<td style=\"width: 197px\"><span style=\"font-size: 17px;color: #000000\">Rasva<\/span><\/td>\n<td style=\"width: 87.0156px\"><span style=\"font-size: 17px;color: #000000\">23 g<\/span><\/td>\n<\/tr>\n<tr>\n<td style=\"width: 197px\"><span style=\"font-size: 17px;color: #000000\">josta tyydyttynytt\u00e4<\/span><\/td>\n<td style=\"width: 87.0156px\"><span style=\"font-size: 17px;color: #000000\">9,9 g<\/span><\/td>\n<\/tr>\n<tr>\n<td style=\"width: 197px\"><span style=\"font-size: 17px;color: #000000\">Hiilihydraatit<\/span><\/td>\n<td style=\"width: 87.0156px\"><span style=\"font-size: 17px;color: #000000\">3,8 g<\/span><\/td>\n<\/tr>\n<tr>\n<td style=\"width: 197px\"><span style=\"font-size: 17px;color: #000000\">josta sokereita<\/span><\/td>\n<td style=\"width: 87.0156px\"><span style=\"font-size: 17px;color: #000000\">3,8 g<\/span><\/td>\n<\/tr>\n<tr>\n<td style=\"width: 197px\"><span style=\"font-size: 17px;color: #000000\">Proteiini<\/span><\/td>\n<td style=\"width: 87.0156px\"><span style=\"font-size: 17px;color: #000000\">2,6 g<\/span><\/td>\n<\/tr>\n<tr>\n<td style=\"width: 197px\"><span style=\"font-size: 17px;color: #000000\">Suola<\/span><\/td>\n<td style=\"width: 87.0156px\"><span style=\"font-size: 17px;color: #000000\">0 g<\/span><\/td>\n<\/tr>\n<\/tbody>\n<\/table>\n","protected":false},"excerpt":{"rendered":"<p>Ainesosat: Tuore kerma (past\u00f6roidustalehm\u00e4nmaidosta), kasvisaksuttimet (E471palmu-\/rypsi\u00f6ljyst\u00e4), E401, E410, E415. S\u00e4ilytys: Kuivassa ja viile\u00e4ss\u00e4 paikassa,s\u00e4ilyt\u00e4: 2\u2103 &#8211; 5\u2103. Ravintosis\u00e4lt\u00f6 per 100g<\/p>\n","protected":false},"featured_media":100035,"template":"","meta":{"om_disable_all_campaigns":false,"_monsterinsights_skip_tracking":false,"_monsterinsights_sitenote_active":false,"_monsterinsights_sitenote_note":"","_monsterinsights_sitenote_category":0},"location":[1422],"product_brand":[1423],"product_cat":[1354],"product_tag":[],"class_list":{"0":"post-41968","1":"product","2":"type-product","3":"status-publish","4":"has-post-thumbnail","6":"location-v","7":"product_brand-ararat-ari-food","8":"product_cat-juustot-fi","9":"stock_type-prk-en","11":"first","12":"instock","13":"taxable","14":"shipping-taxable","15":"purchasable","16":"product-type-simple"},"aioseo_notices":[],"locations":[{"id":1422,"name":"v","slug":"v","quantity":"0"}],"_links":{"self":[{"href":"https:\/\/araratfinland.com\/en\/wp-json\/wp\/v2\/product\/41968","targetHints":{"allow":["GET"]}}],"collection":[{"href":"https:\/\/araratfinland.com\/en\/wp-json\/wp\/v2\/product"}],"about":[{"href":"https:\/\/araratfinland.com\/en\/wp-json\/wp\/v2\/types\/product"}],"version-history":[{"count":1,"href":"https:\/\/araratfinland.com\/en\/wp-json\/wp\/v2\/product\/41968\/revisions"}],"predecessor-version":[{"id":48199,"href":"https:\/\/araratfinland.com\/en\/wp-json\/wp\/v2\/product\/41968\/revisions\/48199"}],"wp:featuredmedia":[{"embeddable":true,"href":"https:\/\/araratfinland.com\/en\/wp-json\/wp\/v2\/media\/100035"}],"wp:attachment":[{"href":"https:\/\/araratfinland.com\/en\/wp-json\/wp\/v2\/media?parent=41968"}],"wp:term":[{"taxonomy":"location","embeddable":true,"href":"https:\/\/araratfinland.com\/en\/wp-json\/wp\/v2\/location?post=41968"},{"taxonomy":"product_brand","embeddable":true,"href":"https:\/\/araratfinland.com\/en\/wp-json\/wp\/v2\/product_brand?post=41968"},{"taxonomy":"product_cat","embeddable":true,"href":"https:\/\/araratfinland.com\/en\/wp-json\/wp\/v2\/product_cat?post=41968"},{"taxonomy":"product_tag","embeddable":true,"href":"https:\/\/araratfinland.com\/en\/wp-json\/wp\/v2\/product_tag?post=41968"}],"curies":[{"name":"wp","href":"https:\/\/api.w.org\/{rel}","templated":true}]}}