{"id":41953,"date":"2024-06-02T02:13:09","date_gmt":"2024-06-01T23:13:09","guid":{"rendered":"https:\/\/araratfinland.com\/product\/agadeer-koko-kana-9x1900g\/"},"modified":"2025-10-13T11:38:01","modified_gmt":"2025-10-13T08:38:01","slug":"agadeer-koko-kana-9x1900g","status":"publish","type":"product","link":"https:\/\/araratfinland.com\/en\/product\/agadeer-koko-kana-9x1900g\/","title":{"rendered":"Agadeer koko.kana 9x1900g"},"content":{"rendered":"<h4><span style=\"font-size: 19px\"><strong>Koko kana A- Luokka.<\/strong><\/span><\/h4>\n<h4><span style=\"font-size: 19px\"><strong>Ainesosat:<\/strong> Broileri 100% ilman sis\u00e4lmyksi\u00e4.<\/span><\/h4>\n<h4><span style=\"font-size: 19px\"><strong>S\u00e4ilytys: <\/strong>Pakastimessa: Alle -18\u2103:n l\u00e4mp\u00f6tilassa<br \/>katso &#039;&#039;parasta ennen&#039;&#039;.<br \/><\/span><span style=\"font-size: 19px\">J\u00e4\u00e4kaapissa: Alle 5\u2103:n l\u00e4mp\u00f6tilassa noin 24 tuntia.<br \/><\/span><span style=\"font-size: 19px\"><strong>Ei saa pakastaa uudelleen sulattamisen\u00a0 j\u00e4\u00e4lkeen.<\/strong><\/span><\/h4>\n<table style=\"height: 361px\" width=\"254\">\n<tbody>\n<tr style=\"height: 44px\">\n<td style=\"height: 44px;width: 146.266px\">\u00a0<\/td>\n<td style=\"height: 44px;width: 91.7344px\">\u00a0<\/td>\n<\/tr>\n<tr style=\"height: 44px\">\n<td style=\"height: 44px;width: 146.266px\">\u00a0<\/td>\n<td style=\"height: 44px;width: 91.7344px\">\u00a0<\/td>\n<\/tr>\n<tr style=\"height: 44px\">\n<td style=\"height: 44px;width: 146.266px\">\u00a0<\/td>\n<td style=\"height: 44px;width: 91.7344px\">\u00a0<\/td>\n<\/tr>\n<tr style=\"height: 44px\">\n<td style=\"height: 44px;width: 146.266px\">\u00a0<\/td>\n<td style=\"height: 44px;width: 91.7344px\">\u00a0<\/td>\n<\/tr>\n<\/tbody>\n<\/table>\n","protected":false},"excerpt":{"rendered":"<p>Koko kana A- Luokka. Ainesosat: Broileri 100% ilman sis\u00e4lmyksi\u00e4. S\u00e4ilytys: Pakastimessa: Alle -18\u2103:n l\u00e4mp\u00f6tilassakatso &#039;&#039;parasta ennen&#039;&#039;.J\u00e4\u00e4kaapissa: Alle 5\u2103:n l\u00e4mp\u00f6tilassa noin<\/p>\n","protected":false},"featured_media":96362,"template":"","meta":{"om_disable_all_campaigns":false,"_monsterinsights_skip_tracking":false,"_monsterinsights_sitenote_active":false,"_monsterinsights_sitenote_note":"","_monsterinsights_sitenote_category":0},"location":[1422],"product_brand":[1423],"product_cat":[1464],"product_tag":[],"class_list":{"0":"post-41953","1":"product","2":"type-product","3":"status-publish","4":"has-post-thumbnail","6":"location-v","7":"product_brand-ararat-ari-food","8":"product_cat-pakasteet-en-2","9":"stock_type-ltk-en","11":"first","12":"instock","13":"taxable","14":"shipping-taxable","15":"purchasable","16":"product-type-simple"},"aioseo_notices":[],"locations":[{"id":1422,"name":"v","slug":"v","quantity":"0"}],"_links":{"self":[{"href":"https:\/\/araratfinland.com\/en\/wp-json\/wp\/v2\/product\/41953","targetHints":{"allow":["GET"]}}],"collection":[{"href":"https:\/\/araratfinland.com\/en\/wp-json\/wp\/v2\/product"}],"about":[{"href":"https:\/\/araratfinland.com\/en\/wp-json\/wp\/v2\/types\/product"}],"version-history":[{"count":1,"href":"https:\/\/araratfinland.com\/en\/wp-json\/wp\/v2\/product\/41953\/revisions"}],"predecessor-version":[{"id":49114,"href":"https:\/\/araratfinland.com\/en\/wp-json\/wp\/v2\/product\/41953\/revisions\/49114"}],"wp:featuredmedia":[{"embeddable":true,"href":"https:\/\/araratfinland.com\/en\/wp-json\/wp\/v2\/media\/96362"}],"wp:attachment":[{"href":"https:\/\/araratfinland.com\/en\/wp-json\/wp\/v2\/media?parent=41953"}],"wp:term":[{"taxonomy":"location","embeddable":true,"href":"https:\/\/araratfinland.com\/en\/wp-json\/wp\/v2\/location?post=41953"},{"taxonomy":"product_brand","embeddable":true,"href":"https:\/\/araratfinland.com\/en\/wp-json\/wp\/v2\/product_brand?post=41953"},{"taxonomy":"product_cat","embeddable":true,"href":"https:\/\/araratfinland.com\/en\/wp-json\/wp\/v2\/product_cat?post=41953"},{"taxonomy":"product_tag","embeddable":true,"href":"https:\/\/araratfinland.com\/en\/wp-json\/wp\/v2\/product_tag?post=41953"}],"curies":[{"name":"wp","href":"https:\/\/api.w.org\/{rel}","templated":true}]}}