{"id":41948,"date":"2024-06-02T02:13:08","date_gmt":"2024-06-01T23:13:08","guid":{"rendered":"https:\/\/araratfinland.com\/product\/alwadi-foul-moudammas-gluten-free-400g\/"},"modified":"2025-11-08T08:55:07","modified_gmt":"2025-11-08T06:55:07","slug":"alwadi-foul-moudammas-gluten-free-400g","status":"publish","type":"product","link":"https:\/\/araratfinland.com\/en\/product\/alwadi-foul-moudammas-gluten-free-400g\/","title":{"rendered":"Alwadi Foul Moudammas Gluten Free 400g"},"content":{"rendered":"<h4><span style=\"color: #000000\"><strong><span style=\"font-size: 19px\"><span style=\"font-size: 19px\">Fava papuja, foul moudammas gluteeniton.<\/span><\/span><\/strong><\/span><\/h4>\n<h4><span style=\"font-size: 19px;color: #000000\"><strong>Ainesosat: <\/strong>Keitettyj\u00e4 fava papuja (65%),<br \/>vett\u00e4, suola, hapettumisenestoaine:<br \/>Kalsiumdinatrium EDTA.<\/span><\/h4>\n<h4><span style=\"font-size: 19px;color: #000000\"><strong>Saattaa sis\u00e4lt\u00e4\u00e4 pieni\u00e4 m\u00e4\u00e4ri\u00e4 sesamia.<\/strong><\/span><\/h4>\n<h4><span style=\"font-size: 19px;color: #000000\"><strong>S\u00e4ilytys: <\/strong>Viile\u00e4ss\u00e4 ja kuivassa paikassa,<br \/>s\u00e4ilyt\u00e4 j\u00e4\u00e4kaapissa avaamisen j\u00e4lkeen.<\/span><\/h4>\n<h4><span style=\"font-size: 19px;color: #000000\"><strong>Alkuper\u00e4maa: Lebanon.<\/strong><\/span><\/h4>\n<table style=\"width: 416px;height: 299px\">\n<tbody>\n<tr style=\"height: 23px\">\n<td style=\"width: 406px;height: 23px\" colspan=\"2\"><span style=\"font-size: 19px;color: #000000\"><strong>Ravintosis\u00e4lt\u00f6 per 100g<\/strong><\/span><\/td>\n<\/tr>\n<\/tbody>\n<tbody>\n<tr style=\"height: 23px\">\n<td style=\"width: 233.047px;height: 23px\"><span style=\"font-size: 19px;color: #000000\">Energia<\/span><\/td>\n<td style=\"width: 166.953px;height: 23px\"><span style=\"font-size: 19px;color: #000000\">358 kj \/ 85 kcal<\/span><\/td>\n<\/tr>\n<tr style=\"height: 23px\">\n<td style=\"width: 233.047px;height: 23px\"><span style=\"font-size: 19px;color: #000000\">Rasva<\/span><\/td>\n<td style=\"width: 166.953px;height: 23px\"><span style=\"font-size: 19px;color: #000000\">0,7 g<\/span><\/td>\n<\/tr>\n<tr style=\"height: 25px\">\n<td style=\"width: 233.047px;height: 25px\"><span style=\"font-size: 19px;color: #000000\">josta tyydyttyneitt\u00e4<\/span><\/td>\n<td style=\"width: 166.953px;height: 25px\"><span style=\"font-size: 19px;color: #000000\">0,3 g<\/span><\/td>\n<\/tr>\n<tr style=\"height: 23px\">\n<td style=\"width: 233.047px;height: 23px\"><span style=\"font-size: 19px;color: #000000\">Hiilihydraatit<\/span><\/td>\n<td style=\"width: 166.953px;height: 23px\"><span style=\"font-size: 19px;color: #000000\">9,9 g<\/span><\/td>\n<\/tr>\n<tr style=\"height: 23px\">\n<td style=\"width: 233.047px;height: 23px\"><span style=\"font-size: 19px;color: #000000\">josta sokereita<\/span><\/td>\n<td style=\"width: 166.953px;height: 23px\"><span style=\"font-size: 19px;color: #000000\">0 g<\/span><\/td>\n<\/tr>\n<tr style=\"height: 3.17188px\">\n<td style=\"width: 233.047px;height: 3.17188px\">\n<p><span style=\"font-size: 19px;color: #000000\">Proteiini<\/span><\/p>\n<p><span style=\"font-size: 19px;color: #000000\">Kuitu<\/span><\/p>\n<\/td>\n<td style=\"width: 166.953px;height: 3.17188px\">\n<p><span style=\"font-size: 19px;color: #000000\">6,7 g<\/span><\/p>\n<p><span style=\"font-size: 19px;color: #000000\">6,3 g<\/span><\/p>\n<\/td>\n<\/tr>\n<tr style=\"height: 23px\">\n<td style=\"width: 233.047px;height: 23px\"><span style=\"font-size: 19px;color: #000000\">Suola<\/span><\/td>\n<td style=\"width: 166.953px;height: 23px\"><span style=\"font-size: 19px;color: #000000\">0,8 g<\/span><\/td>\n<\/tr>\n<\/tbody>\n<\/table>\n","protected":false},"excerpt":{"rendered":"<p>Fava papuja, foul moudammas gluteeniton. Ainesosat: Keitettyj\u00e4 fava papuja (65%),vett\u00e4, suola, hapettumisenestoaine:Kalsiumdinatrium EDTA. Saattaa sis\u00e4lt\u00e4\u00e4 pieni\u00e4 m\u00e4\u00e4ri\u00e4 sesamia. S\u00e4ilytys: Viile\u00e4ss\u00e4<\/p>\n","protected":false},"featured_media":99650,"template":"","meta":{"om_disable_all_campaigns":false,"_monsterinsights_skip_tracking":false,"_monsterinsights_sitenote_active":false,"_monsterinsights_sitenote_note":"","_monsterinsights_sitenote_category":0},"location":[1422],"product_brand":[1423],"product_cat":[1360],"product_tag":[],"class_list":{"0":"post-41948","1":"product","2":"type-product","3":"status-publish","4":"has-post-thumbnail","6":"location-v","7":"product_brand-ararat-ari-food","8":"product_cat-silykeetvihannekset-fi","9":"stock_type-kpl-en","11":"first","12":"instock","13":"taxable","14":"shipping-taxable","15":"purchasable","16":"product-type-simple"},"aioseo_notices":[],"locations":[{"id":1422,"name":"v","slug":"v","quantity":"931"}],"_links":{"self":[{"href":"https:\/\/araratfinland.com\/en\/wp-json\/wp\/v2\/product\/41948","targetHints":{"allow":["GET"]}}],"collection":[{"href":"https:\/\/araratfinland.com\/en\/wp-json\/wp\/v2\/product"}],"about":[{"href":"https:\/\/araratfinland.com\/en\/wp-json\/wp\/v2\/types\/product"}],"version-history":[{"count":1,"href":"https:\/\/araratfinland.com\/en\/wp-json\/wp\/v2\/product\/41948\/revisions"}],"predecessor-version":[{"id":66979,"href":"https:\/\/araratfinland.com\/en\/wp-json\/wp\/v2\/product\/41948\/revisions\/66979"}],"wp:featuredmedia":[{"embeddable":true,"href":"https:\/\/araratfinland.com\/en\/wp-json\/wp\/v2\/media\/99650"}],"wp:attachment":[{"href":"https:\/\/araratfinland.com\/en\/wp-json\/wp\/v2\/media?parent=41948"}],"wp:term":[{"taxonomy":"location","embeddable":true,"href":"https:\/\/araratfinland.com\/en\/wp-json\/wp\/v2\/location?post=41948"},{"taxonomy":"product_brand","embeddable":true,"href":"https:\/\/araratfinland.com\/en\/wp-json\/wp\/v2\/product_brand?post=41948"},{"taxonomy":"product_cat","embeddable":true,"href":"https:\/\/araratfinland.com\/en\/wp-json\/wp\/v2\/product_cat?post=41948"},{"taxonomy":"product_tag","embeddable":true,"href":"https:\/\/araratfinland.com\/en\/wp-json\/wp\/v2\/product_tag?post=41948"}],"curies":[{"name":"wp","href":"https:\/\/api.w.org\/{rel}","templated":true}]}}