{"id":41936,"date":"2024-06-02T02:13:06","date_gmt":"2024-06-01T23:13:06","guid":{"rendered":"https:\/\/araratfinland.com\/product\/sebahat-halva-pistaasi-3-kg\/"},"modified":"2025-09-05T14:27:12","modified_gmt":"2025-09-05T11:27:12","slug":"sebahat-halva-pistaasi-3-kg","status":"publish","type":"product","link":"https:\/\/araratfinland.com\/en\/product\/sebahat-halva-pistaasi-3-kg\/","title":{"rendered":"Sebahat Halva Pistaasi 3 Kg"},"content":{"rendered":"<p><span style=\"font-size: 18px;color: #000000\"><strong>Ainesosat:<\/strong>\u00a0<strong>Seesamitahna 55%<\/strong>, sokeri, glukoosisiirappi,<br \/><strong>pistaasip\u00e4hkin\u00e4t 8%<\/strong>, saippuajuuriuute,<br \/>happamuudens\u00e4\u00e4t\u00f6aine: sitruunahappo, emulgointiaine:<br \/>rasvahappojen mono- ja diglyseridit (palmu\u00f6ljy), aromi (vanilja).<br \/><\/span><br \/><span style=\"font-size: 18px\"><span style=\"color: #000000\"><strong>S\u00e4ilytys:<\/strong> Kuivassa ja viile\u00e4ss\u00e4 paikassa.<\/span><\/p>\n<p><span style=\"color: #000000\"><strong>Sis\u00e4lt\u00e4\u00e4 p\u00e4hkin\u00f6it\u00e4!<\/strong><\/span><\/p>\n<p><\/span><\/p>\n","protected":false},"excerpt":{"rendered":"<p>Ainesosat:\u00a0Seesamitahna 55%, sokeri, glukoosisiirappi,pistaasip\u00e4hkin\u00e4t 8%, saippuajuuriuute,happamuudens\u00e4\u00e4t\u00f6aine: sitruunahappo, emulgointiaine:rasvahappojen mono- ja diglyseridit (palmu\u00f6ljy), aromi (vanilja).S\u00e4ilytys: Kuivassa ja viile\u00e4ss\u00e4 paikassa. Sis\u00e4lt\u00e4\u00e4 p\u00e4hkin\u00f6it\u00e4!<\/p>\n","protected":false},"featured_media":87872,"template":"","meta":{"om_disable_all_campaigns":false,"_monsterinsights_skip_tracking":false,"_monsterinsights_sitenote_active":false,"_monsterinsights_sitenote_note":"","_monsterinsights_sitenote_category":0},"location":[1422],"product_brand":[1423],"product_cat":[1324],"product_tag":[],"class_list":{"0":"post-41936","1":"product","2":"type-product","3":"status-publish","4":"has-post-thumbnail","6":"location-v","7":"product_brand-ararat-ari-food","8":"product_cat-makeiset-fi","9":"stock_type-pcs-en","11":"first","12":"instock","13":"taxable","14":"shipping-taxable","15":"purchasable","16":"product-type-simple"},"aioseo_notices":[],"locations":[{"id":1422,"name":"v","slug":"v","quantity":"20"}],"_links":{"self":[{"href":"https:\/\/araratfinland.com\/en\/wp-json\/wp\/v2\/product\/41936","targetHints":{"allow":["GET"]}}],"collection":[{"href":"https:\/\/araratfinland.com\/en\/wp-json\/wp\/v2\/product"}],"about":[{"href":"https:\/\/araratfinland.com\/en\/wp-json\/wp\/v2\/types\/product"}],"version-history":[{"count":1,"href":"https:\/\/araratfinland.com\/en\/wp-json\/wp\/v2\/product\/41936\/revisions"}],"predecessor-version":[{"id":46395,"href":"https:\/\/araratfinland.com\/en\/wp-json\/wp\/v2\/product\/41936\/revisions\/46395"}],"wp:featuredmedia":[{"embeddable":true,"href":"https:\/\/araratfinland.com\/en\/wp-json\/wp\/v2\/media\/87872"}],"wp:attachment":[{"href":"https:\/\/araratfinland.com\/en\/wp-json\/wp\/v2\/media?parent=41936"}],"wp:term":[{"taxonomy":"location","embeddable":true,"href":"https:\/\/araratfinland.com\/en\/wp-json\/wp\/v2\/location?post=41936"},{"taxonomy":"product_brand","embeddable":true,"href":"https:\/\/araratfinland.com\/en\/wp-json\/wp\/v2\/product_brand?post=41936"},{"taxonomy":"product_cat","embeddable":true,"href":"https:\/\/araratfinland.com\/en\/wp-json\/wp\/v2\/product_cat?post=41936"},{"taxonomy":"product_tag","embeddable":true,"href":"https:\/\/araratfinland.com\/en\/wp-json\/wp\/v2\/product_tag?post=41936"}],"curies":[{"name":"wp","href":"https:\/\/api.w.org\/{rel}","templated":true}]}}