{"id":41929,"date":"2024-06-02T02:13:05","date_gmt":"2024-06-01T23:13:05","guid":{"rendered":"https:\/\/araratfinland.com\/product\/qibbla-broilerin-kokokoipi-4x2500-g-2\/"},"modified":"2025-10-28T11:21:39","modified_gmt":"2025-10-28T09:21:39","slug":"qibbla-broilerin-kokokoipi-4x2500-g-2","status":"publish","type":"product","link":"https:\/\/araratfinland.com\/en\/product\/qibbla-broilerin-kokokoipi-4x2500-g-2\/","title":{"rendered":"Qibbla Broilerin kokokoipi 4&#215;2500 g"},"content":{"rendered":"<h4><span style=\"color: #000000\"><strong><span style=\"font-size: 19px\">Luokka A.<\/span><\/strong><\/span><\/h4>\n<h4><span style=\"font-size: 19px;color: #000000\"><strong>S\u00e4ilytys: <\/strong>J\u00e4\u00e4kaapissa ( 5\u2103): 24 tuntia.<br \/>-18\u2103 &#039;parasta ennen&#039;.<\/span><\/h4>\n<table style=\"height: 361px;width: 456.297px\">\n<tbody>\n<tr style=\"height: 5px\">\n<td style=\"width: 575.297px;height: 5px\" colspan=\"2\"><span style=\"font-size: 19px;color: #000000\"><strong>Ravintosis\u00e4lt\u00f6 per 100g<\/strong><\/span><\/td>\n<\/tr>\n<\/tbody>\n<tbody>\n<tr style=\"height: 23px\">\n<td style=\"width: 286px;height: 23px\"><span style=\"font-size: 19px;color: #000000\">Energiaa<\/span><\/td>\n<td style=\"width: 289.297px;height: 23px\"><span style=\"font-size: 19px;color: #000000\">725 kj \/ 173 kcal<\/span><\/td>\n<\/tr>\n<tr style=\"height: 7px\">\n<td style=\"width: 286px;height: 7px\"><span style=\"font-size: 19px;color: #000000\">Rasva<\/span><\/td>\n<td style=\"width: 289.297px;height: 7px\"><span style=\"font-size: 19px;color: #000000\">11 g<\/span><\/td>\n<\/tr>\n<tr style=\"height: 19px\">\n<td style=\"width: 286px;height: 19px\"><span style=\"font-size: 19px;color: #000000\">josta tyydyttynytt\u00e4<\/span><\/td>\n<td style=\"width: 289.297px;height: 19px\"><span style=\"font-size: 19px;color: #000000\">3,4 g<\/span><\/td>\n<\/tr>\n<tr style=\"height: 3px\">\n<td style=\"width: 286px;height: 3px\"><span style=\"font-size: 19px;color: #000000\">Hiilihydraatit<\/span><\/td>\n<td style=\"width: 289.297px;height: 3px\"><span style=\"font-size: 19px;color: #000000\">0 g<\/span><\/td>\n<\/tr>\n<tr style=\"height: 12px\">\n<td style=\"width: 286px;height: 12px\"><span style=\"font-size: 19px;color: #000000\">josta sokereita<\/span><\/td>\n<td style=\"width: 289.297px;height: 12px\"><span style=\"font-size: 19px;color: #000000\">0 g<\/span><\/td>\n<\/tr>\n<tr style=\"height: 9px\">\n<td style=\"width: 286px;height: 9px\"><span style=\"font-size: 19px;color: #000000\">Proteiini<\/span><\/td>\n<td style=\"width: 289.297px;height: 9px\"><span style=\"font-size: 19px;color: #000000\">19 g<\/span><\/td>\n<\/tr>\n<tr style=\"height: 12px\">\n<td style=\"width: 286px;height: 12px\"><span style=\"font-size: 19px;color: #000000\">Suola<\/span><\/td>\n<td style=\"width: 289.297px;height: 12px\"><span style=\"font-size: 19px;color: #000000\">0 g<\/span><\/td>\n<\/tr>\n<\/tbody>\n<\/table>\n","protected":false},"excerpt":{"rendered":"<p>Luokka A. S\u00e4ilytys: J\u00e4\u00e4kaapissa ( 5\u2103): 24 tuntia.-18\u2103 &#039;parasta ennen&#039;. Ravintosis\u00e4lt\u00f6 per 100g Energiaa 725 kj \/ 173 kcal Rasva<\/p>\n","protected":false},"featured_media":98358,"template":"","meta":{"om_disable_all_campaigns":false,"_monsterinsights_skip_tracking":false,"_monsterinsights_sitenote_active":false,"_monsterinsights_sitenote_note":"","_monsterinsights_sitenote_category":0},"location":[1422],"product_brand":[1423],"product_cat":[1464],"product_tag":[],"class_list":{"0":"post-41929","1":"product","2":"type-product","3":"status-publish","4":"has-post-thumbnail","6":"location-v","7":"product_brand-ararat-ari-food","8":"product_cat-pakasteet-en-2","9":"stock_type-ltk-en","11":"first","12":"instock","13":"taxable","14":"shipping-taxable","15":"purchasable","16":"product-type-simple"},"aioseo_notices":[],"locations":[{"id":1422,"name":"v","slug":"v","quantity":"96"}],"_links":{"self":[{"href":"https:\/\/araratfinland.com\/en\/wp-json\/wp\/v2\/product\/41929","targetHints":{"allow":["GET"]}}],"collection":[{"href":"https:\/\/araratfinland.com\/en\/wp-json\/wp\/v2\/product"}],"about":[{"href":"https:\/\/araratfinland.com\/en\/wp-json\/wp\/v2\/types\/product"}],"version-history":[{"count":1,"href":"https:\/\/araratfinland.com\/en\/wp-json\/wp\/v2\/product\/41929\/revisions"}],"predecessor-version":[{"id":49781,"href":"https:\/\/araratfinland.com\/en\/wp-json\/wp\/v2\/product\/41929\/revisions\/49781"}],"wp:featuredmedia":[{"embeddable":true,"href":"https:\/\/araratfinland.com\/en\/wp-json\/wp\/v2\/media\/98358"}],"wp:attachment":[{"href":"https:\/\/araratfinland.com\/en\/wp-json\/wp\/v2\/media?parent=41929"}],"wp:term":[{"taxonomy":"location","embeddable":true,"href":"https:\/\/araratfinland.com\/en\/wp-json\/wp\/v2\/location?post=41929"},{"taxonomy":"product_brand","embeddable":true,"href":"https:\/\/araratfinland.com\/en\/wp-json\/wp\/v2\/product_brand?post=41929"},{"taxonomy":"product_cat","embeddable":true,"href":"https:\/\/araratfinland.com\/en\/wp-json\/wp\/v2\/product_cat?post=41929"},{"taxonomy":"product_tag","embeddable":true,"href":"https:\/\/araratfinland.com\/en\/wp-json\/wp\/v2\/product_tag?post=41929"}],"curies":[{"name":"wp","href":"https:\/\/api.w.org\/{rel}","templated":true}]}}