{"id":41913,"date":"2024-06-02T02:13:01","date_gmt":"2024-06-01T23:13:01","guid":{"rendered":"https:\/\/araratfinland.com\/product\/el-maha-kanan-makkara-32x340-g-2\/"},"modified":"2025-11-17T14:48:16","modified_gmt":"2025-11-17T12:48:16","slug":"el-maha-kanan-makkara-32x340-g-2","status":"publish","type":"product","link":"https:\/\/araratfinland.com\/en\/product\/el-maha-kanan-makkara-32x340-g-2\/","title":{"rendered":"El Maha kanan makkara 32&#215;340 g"},"content":{"rendered":"<h4><span style=\"color: #000000\"><span style=\"font-size: 18px\"><strong>Ainesosat: <\/strong>Kananliha 72%, vesi, perunat\u00e4rkkelys,<br \/>emulgointiaine (johanneksenleip\u00e4kakkukumi),<br \/><\/span><span style=\"font-size: 18px\">suola, kasvikuitu, stabilointiaine (trifosfaatti),<br \/>antioksidantit, (natriumaskorbaatti, natriumlaktaatti),<br \/><\/span><span style=\"font-size: 18px\">mausteet (pippuri, chili, valkosipuli), s\u00e4il\u00f6nt\u00e4aine<br \/>(natriumnitriitti), savuinen maku.<\/span><\/span><\/h4>\n<h4><span style=\"font-size: 18px;color: #000000\"><strong>S\u00e4ilytys: <\/strong>S\u00e4ilyt\u00e4 pakastimessa.<\/span><\/h4>\n<table style=\"height: 361px;width: 414.938px\">\n<tbody>\n<tr style=\"height: 3px\">\n<td style=\"width: 396.938px;height: 3px\" colspan=\"2\"><span style=\"font-size: 18px;color: #000000\"><strong>Ravintosis\u00e4lt\u00f6 per 100g<\/strong><\/span><\/td>\n<\/tr>\n<\/tbody>\n<tbody>\n<tr style=\"height: 12px\">\n<td style=\"width: 229px;height: 12px\"><span style=\"font-size: 18px;color: #000000\">Energiaa<\/span><\/td>\n<td style=\"width: 167.938px;height: 12px\"><span style=\"font-size: 18px;color: #000000\">780 kj \/ 190 kcal<\/span><\/td>\n<\/tr>\n<tr style=\"height: 5px\">\n<td style=\"width: 229px;height: 5px\"><span style=\"font-size: 18px;color: #000000\">Rasva<\/span><\/td>\n<td style=\"width: 167.938px;height: 5px\"><span style=\"font-size: 18px;color: #000000\">12 g<\/span><\/td>\n<\/tr>\n<tr style=\"height: 9px\">\n<td style=\"width: 229px;height: 9px\"><span style=\"font-size: 18px;color: #000000\">josta tyydyttynytt\u00e4<\/span><\/td>\n<td style=\"width: 167.938px;height: 9px\"><span style=\"font-size: 18px;color: #000000\">3 g<\/span><\/td>\n<\/tr>\n<tr style=\"height: 4px\">\n<td style=\"width: 229px;height: 4px\"><span style=\"font-size: 18px;color: #000000\">Hiilihydraatit<\/span><\/td>\n<td style=\"width: 167.938px;height: 4px\"><span style=\"font-size: 18px;color: #000000\">6 g<\/span><\/td>\n<\/tr>\n<tr style=\"height: 1px\">\n<td style=\"width: 229px;height: 1px\"><span style=\"font-size: 18px;color: #000000\">josta sokereita<\/span><\/td>\n<td style=\"width: 167.938px;height: 1px\"><span style=\"font-size: 18px;color: #000000\"><\/p>\n","protected":false},"excerpt":{"rendered":"<p>Ainesosat: Kananliha 72%, vesi, perunat\u00e4rkkelys,emulgointiaine (johanneksenleip\u00e4kakkukumi),suola, kasvikuitu, stabilointiaine (trifosfaatti),antioksidantit, (natriumaskorbaatti, natriumlaktaatti),mausteet (pippuri, chili, valkosipuli), s\u00e4il\u00f6nt\u00e4aine(natriumnitriitti), savuinen maku. S\u00e4ilytys: S\u00e4ilyt\u00e4 pakastimessa.<\/p>\n","protected":false},"featured_media":100711,"template":"","meta":{"om_disable_all_campaigns":false,"_monsterinsights_skip_tracking":false,"_monsterinsights_sitenote_active":false,"_monsterinsights_sitenote_note":"","_monsterinsights_sitenote_category":0},"location":[1422],"product_brand":[1423],"product_cat":[1464],"product_tag":[],"class_list":{"0":"post-41913","1":"product","2":"type-product","3":"status-publish","4":"has-post-thumbnail","6":"location-v","7":"product_brand-ararat-ari-food","8":"product_cat-pakasteet-en-2","9":"stock_type-ltk-en","11":"first","12":"instock","13":"taxable","14":"shipping-taxable","15":"purchasable","16":"product-type-simple"},"aioseo_notices":[],"locations":[{"id":1422,"name":"v","slug":"v","quantity":"0"}],"_links":{"self":[{"href":"https:\/\/araratfinland.com\/en\/wp-json\/wp\/v2\/product\/41913","targetHints":{"allow":["GET"]}}],"collection":[{"href":"https:\/\/araratfinland.com\/en\/wp-json\/wp\/v2\/product"}],"about":[{"href":"https:\/\/araratfinland.com\/en\/wp-json\/wp\/v2\/types\/product"}],"version-history":[{"count":1,"href":"https:\/\/araratfinland.com\/en\/wp-json\/wp\/v2\/product\/41913\/revisions"}],"predecessor-version":[{"id":49872,"href":"https:\/\/araratfinland.com\/en\/wp-json\/wp\/v2\/product\/41913\/revisions\/49872"}],"wp:featuredmedia":[{"embeddable":true,"href":"https:\/\/araratfinland.com\/en\/wp-json\/wp\/v2\/media\/100711"}],"wp:attachment":[{"href":"https:\/\/araratfinland.com\/en\/wp-json\/wp\/v2\/media?parent=41913"}],"wp:term":[{"taxonomy":"location","embeddable":true,"href":"https:\/\/araratfinland.com\/en\/wp-json\/wp\/v2\/location?post=41913"},{"taxonomy":"product_brand","embeddable":true,"href":"https:\/\/araratfinland.com\/en\/wp-json\/wp\/v2\/product_brand?post=41913"},{"taxonomy":"product_cat","embeddable":true,"href":"https:\/\/araratfinland.com\/en\/wp-json\/wp\/v2\/product_cat?post=41913"},{"taxonomy":"product_tag","embeddable":true,"href":"https:\/\/araratfinland.com\/en\/wp-json\/wp\/v2\/product_tag?post=41913"}],"curies":[{"name":"wp","href":"https:\/\/api.w.org\/{rel}","templated":true}]}}