{"id":41904,"date":"2024-06-02T02:12:59","date_gmt":"2024-06-01T23:12:59","guid":{"rendered":"https:\/\/araratfinland.com\/product\/mahmood-earlgrey-tee-pussi\/"},"modified":"2025-11-08T10:14:37","modified_gmt":"2025-11-08T08:14:37","slug":"mahmood-earlgrey-tee-pussi","status":"publish","type":"product","link":"https:\/\/araratfinland.com\/en\/product\/mahmood-earlgrey-tee-pussi\/","title":{"rendered":"Mahmood Earlgrey Tee 200g"},"content":{"rendered":"<h3 data-start=\"212\" data-end=\"230\"><strong data-start=\"216\" data-end=\"230\">Ainesosat:<\/strong><\/h3>\n<p data-start=\"231\" data-end=\"258\">Musta tee, bergamottiaromi.<\/p>\n<h3 data-start=\"410\" data-end=\"427\"><strong data-start=\"414\" data-end=\"427\">S\u00e4ilytys:<\/strong><\/h3>\n<p data-start=\"428\" data-end=\"469\">S\u00e4ilyt\u00e4 viile\u00e4ss\u00e4 ja kuivassa paikassa.<\/p>\n<h3 data-start=\"471\" data-end=\"491\"><strong data-start=\"475\" data-end=\"491\">Alkuper\u00e4maa:<\/strong><\/h3>\n<p data-start=\"492\" data-end=\"564\">Pakattu Sri Lankassa.<br data-start=\"513\" data-end=\"516\" \/> Teesekoitus Ceylon-teest\u00e4 ja muista alkuperist\u00e4.<\/p>\n<h3 data-start=\"566\" data-end=\"586\">\u00a0<\/h3>\n","protected":false},"excerpt":{"rendered":"<p>Ainesosat: Musta tee, bergamottiaromi. S\u00e4ilytys: S\u00e4ilyt\u00e4 viile\u00e4ss\u00e4 ja kuivassa paikassa. Alkuper\u00e4maa: Pakattu Sri Lankassa. Teesekoitus Ceylon-teest\u00e4 ja muista alkuperist\u00e4. \u00a0<\/p>\n","protected":false},"featured_media":99814,"template":"","meta":{"om_disable_all_campaigns":false,"_monsterinsights_skip_tracking":false,"_monsterinsights_sitenote_active":false,"_monsterinsights_sitenote_note":"","_monsterinsights_sitenote_category":0},"location":[1422],"product_brand":[1423],"product_cat":[1340],"product_tag":[],"class_list":{"0":"post-41904","1":"product","2":"type-product","3":"status-publish","4":"has-post-thumbnail","6":"location-v","7":"product_brand-ararat-ari-food","8":"product_cat-teet-kahvit-fi","9":"stock_type-pcs-en","11":"first","12":"instock","13":"taxable","14":"shipping-taxable","15":"purchasable","16":"product-type-simple"},"aioseo_notices":[],"locations":[{"id":1422,"name":"v","slug":"v","quantity":"7"}],"_links":{"self":[{"href":"https:\/\/araratfinland.com\/en\/wp-json\/wp\/v2\/product\/41904","targetHints":{"allow":["GET"]}}],"collection":[{"href":"https:\/\/araratfinland.com\/en\/wp-json\/wp\/v2\/product"}],"about":[{"href":"https:\/\/araratfinland.com\/en\/wp-json\/wp\/v2\/types\/product"}],"version-history":[{"count":2,"href":"https:\/\/araratfinland.com\/en\/wp-json\/wp\/v2\/product\/41904\/revisions"}],"predecessor-version":[{"id":99816,"href":"https:\/\/araratfinland.com\/en\/wp-json\/wp\/v2\/product\/41904\/revisions\/99816"}],"wp:featuredmedia":[{"embeddable":true,"href":"https:\/\/araratfinland.com\/en\/wp-json\/wp\/v2\/media\/99814"}],"wp:attachment":[{"href":"https:\/\/araratfinland.com\/en\/wp-json\/wp\/v2\/media?parent=41904"}],"wp:term":[{"taxonomy":"location","embeddable":true,"href":"https:\/\/araratfinland.com\/en\/wp-json\/wp\/v2\/location?post=41904"},{"taxonomy":"product_brand","embeddable":true,"href":"https:\/\/araratfinland.com\/en\/wp-json\/wp\/v2\/product_brand?post=41904"},{"taxonomy":"product_cat","embeddable":true,"href":"https:\/\/araratfinland.com\/en\/wp-json\/wp\/v2\/product_cat?post=41904"},{"taxonomy":"product_tag","embeddable":true,"href":"https:\/\/araratfinland.com\/en\/wp-json\/wp\/v2\/product_tag?post=41904"}],"curies":[{"name":"wp","href":"https:\/\/api.w.org\/{rel}","templated":true}]}}