{"id":41885,"date":"2024-06-02T02:12:54","date_gmt":"2024-06-01T23:12:54","guid":{"rendered":"https:\/\/araratfinland.com\/product\/11-minttuvesi-330-ml-2\/"},"modified":"2025-05-23T12:03:39","modified_gmt":"2025-05-23T09:03:39","slug":"11-minttuvesi-330-ml-2","status":"publish","type":"product","link":"https:\/\/araratfinland.com\/en\/product\/11-minttuvesi-330-ml-2\/","title":{"rendered":"1&amp;1 minttuvesi 330 ml"},"content":{"rendered":"<h4><span style=\"font-size: 19px;color: #000000\"><strong>Ainesosat:<\/strong> Minttuvesi.<\/span><\/h4>\n<h4><span style=\"font-size: 19px;color: #000000\"><strong>Alkuper\u00e4maa: <\/strong>Irani.<\/span><\/h4>\n<h4><span style=\"font-size: 19px;color: #000000\"><strong>Parasta ennen:<\/strong> 24 kuukautta.<\/span><\/h4>\n<h4><span style=\"font-size: 19px;color: #000000\"><strong>S\u00e4ilytys: <\/strong>Pid\u00e4 viile\u00e4ss\u00e4 ja pime\u00e4ss\u00e4 paikassa.<br \/>Avaamisen j\u00e4lkeen s\u00e4ilyt\u00e4 j\u00e4\u00e4kaapissa.<\/span><\/h4>\n","protected":false},"excerpt":{"rendered":"<p>Ainesosat: Minttuvesi. Alkuper\u00e4maa: Irani. Parasta ennen: 24 kuukautta. S\u00e4ilytys: Pid\u00e4 viile\u00e4ss\u00e4 ja pime\u00e4ss\u00e4 paikassa.Avaamisen j\u00e4lkeen s\u00e4ilyt\u00e4 j\u00e4\u00e4kaapissa.<\/p>\n","protected":false},"featured_media":79176,"template":"","meta":{"om_disable_all_campaigns":false,"_monsterinsights_skip_tracking":false,"_monsterinsights_sitenote_active":false,"_monsterinsights_sitenote_note":"","_monsterinsights_sitenote_category":0},"location":[1422],"product_brand":[1423],"product_cat":[1480],"product_tag":[],"class_list":{"0":"post-41885","1":"product","2":"type-product","3":"status-publish","4":"has-post-thumbnail","6":"location-v","7":"product_brand-ararat-ari-food","8":"product_cat-mehut-nesteet-en","9":"stock_type-pcs-en","11":"first","12":"instock","13":"taxable","14":"shipping-taxable","15":"purchasable","16":"product-type-simple"},"aioseo_notices":[],"locations":[{"id":1422,"name":"v","slug":"v","quantity":"72"}],"_links":{"self":[{"href":"https:\/\/araratfinland.com\/en\/wp-json\/wp\/v2\/product\/41885","targetHints":{"allow":["GET"]}}],"collection":[{"href":"https:\/\/araratfinland.com\/en\/wp-json\/wp\/v2\/product"}],"about":[{"href":"https:\/\/araratfinland.com\/en\/wp-json\/wp\/v2\/types\/product"}],"version-history":[{"count":1,"href":"https:\/\/araratfinland.com\/en\/wp-json\/wp\/v2\/product\/41885\/revisions"}],"predecessor-version":[{"id":49084,"href":"https:\/\/araratfinland.com\/en\/wp-json\/wp\/v2\/product\/41885\/revisions\/49084"}],"wp:featuredmedia":[{"embeddable":true,"href":"https:\/\/araratfinland.com\/en\/wp-json\/wp\/v2\/media\/79176"}],"wp:attachment":[{"href":"https:\/\/araratfinland.com\/en\/wp-json\/wp\/v2\/media?parent=41885"}],"wp:term":[{"taxonomy":"location","embeddable":true,"href":"https:\/\/araratfinland.com\/en\/wp-json\/wp\/v2\/location?post=41885"},{"taxonomy":"product_brand","embeddable":true,"href":"https:\/\/araratfinland.com\/en\/wp-json\/wp\/v2\/product_brand?post=41885"},{"taxonomy":"product_cat","embeddable":true,"href":"https:\/\/araratfinland.com\/en\/wp-json\/wp\/v2\/product_cat?post=41885"},{"taxonomy":"product_tag","embeddable":true,"href":"https:\/\/araratfinland.com\/en\/wp-json\/wp\/v2\/product_tag?post=41885"}],"curies":[{"name":"wp","href":"https:\/\/api.w.org\/{rel}","templated":true}]}}