{"id":41852,"date":"2024-06-02T02:12:48","date_gmt":"2024-06-01T23:12:48","guid":{"rendered":"https:\/\/araratfinland.com\/product\/fulya-tavuk-salam-700g-722\/"},"modified":"2025-10-03T11:47:43","modified_gmt":"2025-10-03T08:47:43","slug":"fulya-tavuk-salam-700g-722","status":"publish","type":"product","link":"https:\/\/araratfinland.com\/en\/product\/fulya-tavuk-salam-700g-722\/","title":{"rendered":"Fulya Tavuk Salam 700g (722)"},"content":{"rendered":"<p><span style=\"color: #000000\"><strong style=\"font-size: 18px\">Ainesosat:<\/strong><span style=\"font-size: 18px\">\u00a041% mekaanisesti eroteltu kananliha, kananrasva,<\/span><\/span><br \/><span style=\"color: #000000\"><span style=\"font-size: 18px\">vesi, 13% kana, broilerin kollageeni,\u00a0<\/span><strong style=\"font-size: 18px\">vehn\u00e4jauho<\/strong><span style=\"font-size: 18px\">, suola,<\/span><\/span><br \/><span style=\"font-size: 18px;color: #000000\">stabilointiaine: E450, E452; yrtit ja mausteet, arominvahvenne: E621;<\/span><br \/><span style=\"font-size: 18px;color: #000000\">antioksidantti: E300, E316; kuivatut vihannekset (valkosipuli),<\/span><br \/><span style=\"font-size: 18px;color: #000000\">s\u00e4il\u00f6nt\u00e4aine: E250.<\/span><\/p>\n<p><span style=\"color: #000000\"><strong style=\"font-size: 18px\">T\u00e4m\u00e4 tuote saattaa sis\u00e4lt\u00e4\u00e4 j\u00e4\u00e4mi\u00e4 seuraavista: halal naudanliha,<\/strong><\/span><br \/><span style=\"color: #000000\"><strong style=\"font-size: 18px\">halal kalkkunanliha, halal lampaanliha, soija, sinappi, selleri,<\/strong><\/span><br \/><span style=\"color: #000000\"><strong style=\"font-size: 18px\">maidon ainesosat, pistaasi.<\/strong><\/span><\/p>\n<p><span style=\"color: #000000\"><span style=\"font-size: 18px\">Kuori ennen sy\u00f6mist\u00e4.<br \/>K\u00e4ytett\u00e4v\u00e4 48 tunnin sis\u00e4ll\u00e4 avaamisen j\u00e4\u00e4lkeen.<\/p>\n<p><\/span><strong style=\"font-size: 18px\">S\u00e4ilytys:\u00a0<\/strong><span style=\"font-size: 18px\">S\u00e4ilytettyn\u00e4 max. 7\u2103.<\/span><\/span><\/p>\n<p> <\/p>\n<div>\n<table style=\"width: 371px\">\n<tbody>\n<tr>\n<td style=\"width: 358px\" colspan=\"2\"><span style=\"font-size: 18px;color: #000000\"><strong>Ravintosis\u00e4lt\u00f6 per 100g<\/strong><\/span><\/td>\n<\/tr>\n<\/tbody>\n<tbody>\n<tr>\n<td style=\"width: 194.969px\"><span style=\"font-size: 18px;color: #000000\">Energia<\/span><\/td>\n<td style=\"width: 163.031px\"><span style=\"font-size: 18px;color: #000000\">761 kJ \/ 183 kcal<\/span><\/td>\n<\/tr>\n<tr>\n<td style=\"width: 194.969px\"><span style=\"font-size: 18px;color: #000000\">Rasva<\/span><\/td>\n<td style=\"width: 163.031px\"><span style=\"font-size: 18px;color: #000000\">13 g<\/span><\/td>\n<\/tr>\n<tr>\n<td style=\"width: 194.969px\"><span style=\"font-size: 18px;color: #000000\">josta tyydyttynytt\u00e4<\/span><\/td>\n<td style=\"width: 163.031px\"><span style=\"font-size: 18px;color: #000000\">5,8 g<\/span><\/td>\n<\/tr>\n<tr>\n<td style=\"width: 194.969px\"><span style=\"font-size: 18px;color: #000000\">Hiilihydraatit<\/span><\/td>\n<td style=\"width: 163.031px\"><span style=\"font-size: 18px;color: #000000\">4,3 g<\/span><\/td>\n<\/tr>\n<tr>\n<td style=\"width: 194.969px\"><span style=\"font-size: 18px;color: #000000\">josta sokereita<\/span><\/td>\n<td style=\"width: 163.031px\"><span style=\"font-size: 18px;color: #000000\">0,3 g<\/span><\/td>\n<\/tr>\n<tr>\n<td style=\"width: 194.969px\"><span style=\"font-size: 18px;color: #000000\">Proteiini<\/span><\/td>\n<td style=\"width: 163.031px\"><span style=\"font-size: 18px;color: #000000\">13 g<\/span><\/td>\n<\/tr>\n<tr>\n<td style=\"width: 194.969px\"><span style=\"font-size: 18px;color: #000000\">Suola<\/span><\/td>\n<td style=\"width: 163.031px\"><span style=\"font-size: 18px;color: #000000\">2,4 g<br \/><\/span><\/td>\n<\/tr>\n<\/tbody>\n<\/table><\/div>\n","protected":false},"excerpt":{"rendered":"<p>Ainesosat:\u00a041% mekaanisesti eroteltu kananliha, kananrasva,vesi, 13% kana, broilerin kollageeni,\u00a0vehn\u00e4jauho, suola,stabilointiaine: E450, E452; yrtit ja mausteet, arominvahvenne: E621;antioksidantti: E300, E316; kuivatut<\/p>\n","protected":false},"featured_media":94647,"template":"","meta":{"om_disable_all_campaigns":false,"_monsterinsights_skip_tracking":false,"_monsterinsights_sitenote_active":false,"_monsterinsights_sitenote_note":"","_monsterinsights_sitenote_category":0},"location":[1422],"product_brand":[1423],"product_cat":[1362],"product_tag":[],"class_list":{"0":"post-41852","1":"product","2":"type-product","3":"status-publish","4":"has-post-thumbnail","6":"location-v","7":"product_brand-ararat-ari-food","8":"product_cat-salamit-fi","9":"stock_type-kpl-en","11":"first","12":"instock","13":"taxable","14":"shipping-taxable","15":"purchasable","16":"product-type-simple"},"aioseo_notices":[],"locations":[{"id":1422,"name":"v","slug":"v","quantity":"70"}],"_links":{"self":[{"href":"https:\/\/araratfinland.com\/en\/wp-json\/wp\/v2\/product\/41852","targetHints":{"allow":["GET"]}}],"collection":[{"href":"https:\/\/araratfinland.com\/en\/wp-json\/wp\/v2\/product"}],"about":[{"href":"https:\/\/araratfinland.com\/en\/wp-json\/wp\/v2\/types\/product"}],"version-history":[{"count":1,"href":"https:\/\/araratfinland.com\/en\/wp-json\/wp\/v2\/product\/41852\/revisions"}],"predecessor-version":[{"id":53597,"href":"https:\/\/araratfinland.com\/en\/wp-json\/wp\/v2\/product\/41852\/revisions\/53597"}],"wp:featuredmedia":[{"embeddable":true,"href":"https:\/\/araratfinland.com\/en\/wp-json\/wp\/v2\/media\/94647"}],"wp:attachment":[{"href":"https:\/\/araratfinland.com\/en\/wp-json\/wp\/v2\/media?parent=41852"}],"wp:term":[{"taxonomy":"location","embeddable":true,"href":"https:\/\/araratfinland.com\/en\/wp-json\/wp\/v2\/location?post=41852"},{"taxonomy":"product_brand","embeddable":true,"href":"https:\/\/araratfinland.com\/en\/wp-json\/wp\/v2\/product_brand?post=41852"},{"taxonomy":"product_cat","embeddable":true,"href":"https:\/\/araratfinland.com\/en\/wp-json\/wp\/v2\/product_cat?post=41852"},{"taxonomy":"product_tag","embeddable":true,"href":"https:\/\/araratfinland.com\/en\/wp-json\/wp\/v2\/product_tag?post=41852"}],"curies":[{"name":"wp","href":"https:\/\/api.w.org\/{rel}","templated":true}]}}