{"id":41849,"date":"2024-06-02T02:12:47","date_gmt":"2024-06-01T23:12:47","guid":{"rendered":"https:\/\/araratfinland.com\/product\/agadeer-koko-koipireisi-6x2kg\/"},"modified":"2025-11-17T15:53:55","modified_gmt":"2025-11-17T13:53:55","slug":"agadeer-koko-koipireisi-6x2kg","status":"publish","type":"product","link":"https:\/\/araratfinland.com\/en\/product\/agadeer-koko-koipireisi-6x2kg\/","title":{"rendered":"Agadeer koko koipireisi 6x2kg."},"content":{"rendered":"<h4><span style=\"font-size: 18px\"><strong>Kana koipireisi. A- Luokka.<\/strong><\/span><\/h4>\n<h4><span style=\"font-size: 18px\"><strong>Ainesosat:\u00a0<\/strong>Broilerin koipireisi 100%.\u00a0<\/span><\/h4>\n<h4><span style=\"font-size: 18px\"><strong>S\u00e4ilytys: <\/strong>Pakastimessa: Alle -18\u2103:n l\u00e4mp\u00f6tilassa<br \/>katso &#039;&#039;parasta ennen&#039;&#039;.<br \/><\/span><span style=\"font-size: 18px\">J\u00e4\u00e4kaapissa: Alle 4\u2103:n l\u00e4mp\u00f6tilassa noin 24 tuntia.<br \/><\/span><span style=\"font-size: 18px\"><strong>Ei saa pakastaa uudelleen sulattamisen\u00a0 j\u00e4\u00e4lkeen.<\/strong><\/span><\/h4>\n<table style=\"height: 361px\" width=\"254\">\n<tr>\n<td colspan=\"2\"><span style=\"font-size: 18px\"><strong>Ravintosis\u00e4lt\u00f6 per 100g<\/strong><\/span><\/td>\n<\/tr>\n<tbody>\n<tr>\n<td><span style=\"font-size: 18px\">Energiaa<\/span><\/td>\n<td><span style=\"font-size: 18px\">881kj\/212 kcal<\/span><\/td>\n<\/tr>\n<tr>\n<td><span style=\"font-size: 18px\">Rasva<\/span><\/td>\n<td><span style=\"font-size: 18px\">16,0 g<\/span><\/td>\n<\/tr>\n<tr>\n<td><span style=\"font-size: 18px\">josta tyydyttynytt\u00e4<\/span><\/td>\n<td><span style=\"font-size: 18px\">\u00a03,9 g<\/span><\/td>\n<\/tr>\n<tr>\n<td><span style=\"font-size: 18px\">Hiilihydraatit<\/span><\/td>\n<td><span style=\"font-size: 18px\">0,0 g<\/span><\/td>\n<\/tr>\n<tr>\n<td><span style=\"font-size: 18px\">josta sokereita<\/span><\/td>\n<td><span style=\"font-size: 18px\">0 g<\/span><\/td>\n<\/tr>\n<tr>\n<td><span style=\"font-size: 18px\">Proteiini<\/span><\/td>\n<td><span style=\"font-size: 18px\">17,0 g<\/span><\/td>\n<\/tr>\n<tr>\n<td><span style=\"font-size: 18px\">Suola<\/span><\/td>\n<td><span style=\"font-size: 18px\">\u00a00,19 g<\/span><\/td>\n<\/tr>\n<\/tbody>\n<\/table>\n","protected":false},"excerpt":{"rendered":"<p>Kana koipireisi. A- Luokka. Ainesosat:\u00a0Broilerin koipireisi 100%.\u00a0 S\u00e4ilytys: Pakastimessa: Alle -18\u2103:n l\u00e4mp\u00f6tilassakatso &#039;&#039;parasta ennen&#039;&#039;.J\u00e4\u00e4kaapissa: Alle 4\u2103:n l\u00e4mp\u00f6tilassa noin 24 tuntia.Ei<\/p>\n","protected":false},"featured_media":100767,"template":"","meta":{"om_disable_all_campaigns":false,"_monsterinsights_skip_tracking":false,"_monsterinsights_sitenote_active":false,"_monsterinsights_sitenote_note":"","_monsterinsights_sitenote_category":0},"location":[1422],"product_brand":[1423],"product_cat":[1464],"product_tag":[],"class_list":{"0":"post-41849","1":"product","2":"type-product","3":"status-publish","4":"has-post-thumbnail","6":"location-v","7":"product_brand-ararat-ari-food","8":"product_cat-pakasteet-en-2","9":"stock_type-ltk-en","11":"first","12":"instock","13":"taxable","14":"shipping-taxable","15":"purchasable","16":"product-type-simple"},"aioseo_notices":[],"locations":[{"id":1422,"name":"v","slug":"v","quantity":"92"}],"_links":{"self":[{"href":"https:\/\/araratfinland.com\/en\/wp-json\/wp\/v2\/product\/41849","targetHints":{"allow":["GET"]}}],"collection":[{"href":"https:\/\/araratfinland.com\/en\/wp-json\/wp\/v2\/product"}],"about":[{"href":"https:\/\/araratfinland.com\/en\/wp-json\/wp\/v2\/types\/product"}],"version-history":[{"count":1,"href":"https:\/\/araratfinland.com\/en\/wp-json\/wp\/v2\/product\/41849\/revisions"}],"predecessor-version":[{"id":46171,"href":"https:\/\/araratfinland.com\/en\/wp-json\/wp\/v2\/product\/41849\/revisions\/46171"}],"wp:featuredmedia":[{"embeddable":true,"href":"https:\/\/araratfinland.com\/en\/wp-json\/wp\/v2\/media\/100767"}],"wp:attachment":[{"href":"https:\/\/araratfinland.com\/en\/wp-json\/wp\/v2\/media?parent=41849"}],"wp:term":[{"taxonomy":"location","embeddable":true,"href":"https:\/\/araratfinland.com\/en\/wp-json\/wp\/v2\/location?post=41849"},{"taxonomy":"product_brand","embeddable":true,"href":"https:\/\/araratfinland.com\/en\/wp-json\/wp\/v2\/product_brand?post=41849"},{"taxonomy":"product_cat","embeddable":true,"href":"https:\/\/araratfinland.com\/en\/wp-json\/wp\/v2\/product_cat?post=41849"},{"taxonomy":"product_tag","embeddable":true,"href":"https:\/\/araratfinland.com\/en\/wp-json\/wp\/v2\/product_tag?post=41849"}],"curies":[{"name":"wp","href":"https:\/\/api.w.org\/{rel}","templated":true}]}}