{"id":41845,"date":"2024-06-02T02:12:47","date_gmt":"2024-06-01T23:12:47","guid":{"rendered":"https:\/\/araratfinland.com\/product\/vitamalt-classic-24x330-ml-2\/"},"modified":"2025-11-17T09:06:09","modified_gmt":"2025-11-17T07:06:09","slug":"vitamalt-classic-24x330-ml-2","status":"publish","type":"product","link":"https:\/\/araratfinland.com\/en\/product\/vitamalt-classic-24x330-ml-2\/","title":{"rendered":"Vitamalt classic 24&#215;330 ml"},"content":{"rendered":"<p><span style=\"font-size: 18px;color: #000000\"><strong>Ainesosat:<\/strong> Vesi, sokeri (8.64\/100ml),<strong> ohramallas<\/strong>,<br \/><strong>ohra<\/strong>, v\u00e4ri E150c, humala, hiilidioksidi, happo E330.<\/span><\/p>\n<p><span style=\"font-size: 18px;color: #000000\"><strong>S\u00e4ilytys:<\/strong> Kuivassa ja viile\u00e4ss\u00e4 paikassa.\u00a0<\/span><br \/><span style=\"font-size: 18px;color: #000000\">V\u00e4lt\u00e4 suoraa auringonvaloa.<\/span><\/p>\n<table style=\"width: 392.016px\">\n<tbody>\n<tr style=\"height: 22px\">\n<td style=\"width: 378.016px;height: 22px\" colspan=\"2\"><span style=\"font-size: 18px;color: #000000\"><strong>Ravintosis\u00e4lt\u00f6 per 100g<\/strong><\/span><\/td>\n<\/tr>\n<\/tbody>\n<tbody>\n<tr style=\"height: 22px\">\n<td style=\"width: 197px;height: 22px\"><span style=\"font-size: 18px;color: #000000\">Energia<\/span><\/td>\n<td style=\"width: 181.016px;height: 22px\"><span style=\"font-size: 18px;color: #000000\">280 kJ \/ 67 kcal<\/span><\/td>\n<\/tr>\n<tr style=\"height: 22px\">\n<td style=\"width: 197px;height: 22px\"><span style=\"font-size: 18px;color: #000000\">Rasva<\/span><\/td>\n<td style=\"width: 181.016px;height: 22px\"><span style=\"font-size: 18px;color: #000000\"><\/p>\n","protected":false},"excerpt":{"rendered":"<p>Ainesosat: Vesi, sokeri (8.64\/100ml), ohramallas,ohra, v\u00e4ri E150c, humala, hiilidioksidi, happo E330. S\u00e4ilytys: Kuivassa ja viile\u00e4ss\u00e4 paikassa.\u00a0V\u00e4lt\u00e4 suoraa auringonvaloa. Ravintosis\u00e4lt\u00f6 per<\/p>\n","protected":false},"featured_media":100618,"template":"","meta":{"om_disable_all_campaigns":false,"_monsterinsights_skip_tracking":false,"_monsterinsights_sitenote_active":false,"_monsterinsights_sitenote_note":"","_monsterinsights_sitenote_category":0},"location":[1422],"product_brand":[1423],"product_cat":[1480],"product_tag":[],"class_list":{"0":"post-41845","1":"product","2":"type-product","3":"status-publish","4":"has-post-thumbnail","6":"location-v","7":"product_brand-ararat-ari-food","8":"product_cat-mehut-nesteet-en","9":"stock_type-ltk-en","11":"first","12":"instock","13":"taxable","14":"shipping-taxable","15":"purchasable","16":"product-type-simple"},"aioseo_notices":[],"locations":[{"id":1422,"name":"v","slug":"v","quantity":"9"}],"_links":{"self":[{"href":"https:\/\/araratfinland.com\/en\/wp-json\/wp\/v2\/product\/41845","targetHints":{"allow":["GET"]}}],"collection":[{"href":"https:\/\/araratfinland.com\/en\/wp-json\/wp\/v2\/product"}],"about":[{"href":"https:\/\/araratfinland.com\/en\/wp-json\/wp\/v2\/types\/product"}],"version-history":[{"count":1,"href":"https:\/\/araratfinland.com\/en\/wp-json\/wp\/v2\/product\/41845\/revisions"}],"predecessor-version":[{"id":49447,"href":"https:\/\/araratfinland.com\/en\/wp-json\/wp\/v2\/product\/41845\/revisions\/49447"}],"wp:featuredmedia":[{"embeddable":true,"href":"https:\/\/araratfinland.com\/en\/wp-json\/wp\/v2\/media\/100618"}],"wp:attachment":[{"href":"https:\/\/araratfinland.com\/en\/wp-json\/wp\/v2\/media?parent=41845"}],"wp:term":[{"taxonomy":"location","embeddable":true,"href":"https:\/\/araratfinland.com\/en\/wp-json\/wp\/v2\/location?post=41845"},{"taxonomy":"product_brand","embeddable":true,"href":"https:\/\/araratfinland.com\/en\/wp-json\/wp\/v2\/product_brand?post=41845"},{"taxonomy":"product_cat","embeddable":true,"href":"https:\/\/araratfinland.com\/en\/wp-json\/wp\/v2\/product_cat?post=41845"},{"taxonomy":"product_tag","embeddable":true,"href":"https:\/\/araratfinland.com\/en\/wp-json\/wp\/v2\/product_tag?post=41845"}],"curies":[{"name":"wp","href":"https:\/\/api.w.org\/{rel}","templated":true}]}}