{"id":41836,"date":"2024-06-02T02:12:45","date_gmt":"2024-06-01T23:12:45","guid":{"rendered":"https:\/\/araratfinland.com\/product\/qibbla-broileri-salami-12x200g-338\/"},"modified":"2025-11-13T10:22:57","modified_gmt":"2025-11-13T08:22:57","slug":"qibbla-broileri-salami-12x200g-338","status":"publish","type":"product","link":"https:\/\/araratfinland.com\/en\/product\/qibbla-broileri-salami-12x200g-338\/","title":{"rendered":"Qibbla Broileri Salami 12x200g (338)"},"content":{"rendered":"<h4><span style=\"color: #000000;font-size: 18px\"><strong>Broileri Mortadella kanapojan\/kalkkunan &amp; naudanliha 338.<\/strong><\/span><\/h4>\n<h4><span style=\"color: #000000;font-size: 18px\"><strong>Ainesosat: <\/strong>Mekaanisesti erotettu liha (25% kananpojan,<\/span><\/h4>\n<h4><span style=\"color: #000000;font-size: 18px\">18% kalkkunan) vesi, kananrasva ja nahka, kananpojan liha 13%,<\/span><\/h4>\n<h4><span style=\"color: #000000;font-size: 18px\">naudanliha 4%, perunat\u00e4rkelys, suola, dekstoosi, mausteet,<\/span><\/h4>\n<h4><span style=\"color: #000000;font-size: 18px\">stabilointiaine: E450, happamuudens\u00e4\u00e4toaineet: E327, E262;<\/span><\/h4>\n<h4><span style=\"color: #000000;font-size: 18px\">happettumisenestoaine: E300, E330; vihannesjauhe (punajuuri),<\/span><\/h4>\n<h4><span style=\"color: #000000;font-size: 18px\">s\u00e4il\u00f6nt\u00e4aine: E250.<\/span><\/h4>\n<h4><span style=\"color: #000000;font-size: 18px\"><strong>Saattaa sis\u00e4lt\u00e4\u00e4 pieni\u00e4 m\u00e4\u00e4ri\u00e4 pistaasip\u00e4hkin\u00e4t.<\/strong><\/span><\/h4>\n<h4><span style=\"color: #000000;font-size: 18px\"><strong>S\u00e4ilytys:<\/strong> S\u00e4ilyt\u00e4 j\u00e4\u00e4kaapissa.<\/span><\/h4>\n","protected":false},"excerpt":{"rendered":"<p>Broileri Mortadella kanapojan\/kalkkunan &amp; naudanliha 338. Ainesosat: Mekaanisesti erotettu liha (25% kananpojan, 18% kalkkunan) vesi, kananrasva ja nahka, kananpojan liha<\/p>\n","protected":false},"featured_media":100189,"template":"","meta":{"om_disable_all_campaigns":false,"_monsterinsights_skip_tracking":false,"_monsterinsights_sitenote_active":false,"_monsterinsights_sitenote_note":"","_monsterinsights_sitenote_category":0},"location":[1422],"product_brand":[1423],"product_cat":[1362],"product_tag":[],"class_list":{"0":"post-41836","1":"product","2":"type-product","3":"status-publish","4":"has-post-thumbnail","6":"location-v","7":"product_brand-ararat-ari-food","8":"product_cat-salamit-fi","9":"stock_type-ltk-en","11":"first","12":"instock","13":"taxable","14":"shipping-taxable","15":"purchasable","16":"product-type-simple"},"aioseo_notices":[],"locations":[{"id":1422,"name":"v","slug":"v","quantity":"10"}],"_links":{"self":[{"href":"https:\/\/araratfinland.com\/en\/wp-json\/wp\/v2\/product\/41836","targetHints":{"allow":["GET"]}}],"collection":[{"href":"https:\/\/araratfinland.com\/en\/wp-json\/wp\/v2\/product"}],"about":[{"href":"https:\/\/araratfinland.com\/en\/wp-json\/wp\/v2\/types\/product"}],"version-history":[{"count":2,"href":"https:\/\/araratfinland.com\/en\/wp-json\/wp\/v2\/product\/41836\/revisions"}],"predecessor-version":[{"id":59756,"href":"https:\/\/araratfinland.com\/en\/wp-json\/wp\/v2\/product\/41836\/revisions\/59756"}],"wp:featuredmedia":[{"embeddable":true,"href":"https:\/\/araratfinland.com\/en\/wp-json\/wp\/v2\/media\/100189"}],"wp:attachment":[{"href":"https:\/\/araratfinland.com\/en\/wp-json\/wp\/v2\/media?parent=41836"}],"wp:term":[{"taxonomy":"location","embeddable":true,"href":"https:\/\/araratfinland.com\/en\/wp-json\/wp\/v2\/location?post=41836"},{"taxonomy":"product_brand","embeddable":true,"href":"https:\/\/araratfinland.com\/en\/wp-json\/wp\/v2\/product_brand?post=41836"},{"taxonomy":"product_cat","embeddable":true,"href":"https:\/\/araratfinland.com\/en\/wp-json\/wp\/v2\/product_cat?post=41836"},{"taxonomy":"product_tag","embeddable":true,"href":"https:\/\/araratfinland.com\/en\/wp-json\/wp\/v2\/product_tag?post=41836"}],"curies":[{"name":"wp","href":"https:\/\/api.w.org\/{rel}","templated":true}]}}