{"id":41829,"date":"2024-06-02T02:12:44","date_gmt":"2024-06-01T23:12:44","guid":{"rendered":"https:\/\/araratfinland.com\/product\/qibbla-broilerin-lihapulla-12x900-g-2\/"},"modified":"2025-10-28T11:22:59","modified_gmt":"2025-10-28T09:22:59","slug":"qibbla-broilerin-lihapulla-12x900-g-2","status":"publish","type":"product","link":"https:\/\/araratfinland.com\/en\/product\/qibbla-broilerin-lihapulla-12x900-g-2\/","title":{"rendered":"Qibbla broilerin lihapulla 12&#215;900 g"},"content":{"rendered":"<h4><span style=\"color: #000000\"><span style=\"font-size: 19px\"><strong>Ainesosat:<\/strong> 72% kananliha, peruna, perunajauho,<br \/>perunakuitu, jodipitoinen suola, sipuli, hiivauute,<br \/><\/span><span style=\"font-size: 19px\">ryp\u00e4lesokeri, sitruunamehu, mausteita (paprikaa ja <br \/><strong>inkiv\u00e4\u00e4ri\u00e4<\/strong>).<\/span><\/span><\/h4>\n<h4><span style=\"font-size: 19px;color: #000000\"><strong>S\u00e4ilytys: <\/strong>S\u00e4ilyt\u00e4 j\u00e4\u00e4kaapissa.<\/span><\/h4>\n<table style=\"height: 361px;width: 415.031px\">\n<tbody>\n<tr>\n<td style=\"width: 397.031px\" colspan=\"2\"><span style=\"font-size: 19px;color: #000000\"><strong>Ravintosis\u00e4lt\u00f6 per 100g<\/strong><\/span><\/td>\n<\/tr>\n<\/tbody>\n<tbody>\n<tr>\n<td style=\"width: 211px\"><span style=\"font-size: 19px;color: #000000\">Energiaa<\/span><\/td>\n<td style=\"width: 186.031px\"><span style=\"font-size: 19px;color: #000000\">742 kj \/ 178 kcal<\/span><\/td>\n<\/tr>\n<tr>\n<td style=\"width: 211px\"><span style=\"font-size: 19px;color: #000000\">Rasva<\/span><\/td>\n<td style=\"width: 186.031px\"><span style=\"font-size: 19px;color: #000000\">13 g<\/span><\/td>\n<\/tr>\n<tr>\n<td style=\"width: 211px\"><span style=\"font-size: 19px;color: #000000\">josta tyydyttynytt\u00e4<\/span><\/td>\n<td style=\"width: 186.031px\"><span style=\"font-size: 19px;color: #000000\">4,9 g<\/span><\/td>\n<\/tr>\n<tr>\n<td style=\"width: 211px\"><span style=\"font-size: 19px;color: #000000\">Hiilihydraatit<\/span><\/td>\n<td style=\"width: 186.031px\"><span style=\"font-size: 19px;color: #000000\">8 g<\/span><\/td>\n<\/tr>\n<tr>\n<td style=\"width: 211px\"><span style=\"font-size: 19px;color: #000000\">josta sokereita<\/span><\/td>\n<td style=\"width: 186.031px\"><span style=\"font-size: 19px;color: #000000\">0,5 g<\/span><\/td>\n<\/tr>\n<tr>\n<td style=\"width: 211px\"><span style=\"font-size: 19px;color: #000000\">Proteiini<\/span><\/td>\n<td style=\"width: 186.031px\"><span style=\"font-size: 19px;color: #000000\">10 g<\/span><\/td>\n<\/tr>\n<tr>\n<td style=\"width: 211px\"><span style=\"font-size: 19px;color: #000000\">Suola<\/span><\/td>\n<td style=\"width: 186.031px\"><span style=\"font-size: 19px;color: #000000\">1,5 g<\/span><\/td>\n<\/tr>\n<\/tbody>\n<\/table>\n","protected":false},"excerpt":{"rendered":"<p>Ainesosat: 72% kananliha, peruna, perunajauho,perunakuitu, jodipitoinen suola, sipuli, hiivauute,ryp\u00e4lesokeri, sitruunamehu, mausteita (paprikaa ja inkiv\u00e4\u00e4ri\u00e4). S\u00e4ilytys: S\u00e4ilyt\u00e4 j\u00e4\u00e4kaapissa. Ravintosis\u00e4lt\u00f6 per 100g<\/p>\n","protected":false},"featured_media":98374,"template":"","meta":{"om_disable_all_campaigns":false,"_monsterinsights_skip_tracking":false,"_monsterinsights_sitenote_active":false,"_monsterinsights_sitenote_note":"","_monsterinsights_sitenote_category":0},"location":[1422],"product_brand":[1423],"product_cat":[1464],"product_tag":[],"class_list":{"0":"post-41829","1":"product","2":"type-product","3":"status-publish","4":"has-post-thumbnail","6":"location-v","7":"product_brand-ararat-ari-food","8":"product_cat-pakasteet-en-2","9":"stock_type-ltk-en","11":"first","12":"instock","13":"taxable","14":"shipping-taxable","15":"purchasable","16":"product-type-simple"},"aioseo_notices":[],"locations":[{"id":1422,"name":"v","slug":"v","quantity":"6"}],"_links":{"self":[{"href":"https:\/\/araratfinland.com\/en\/wp-json\/wp\/v2\/product\/41829","targetHints":{"allow":["GET"]}}],"collection":[{"href":"https:\/\/araratfinland.com\/en\/wp-json\/wp\/v2\/product"}],"about":[{"href":"https:\/\/araratfinland.com\/en\/wp-json\/wp\/v2\/types\/product"}],"version-history":[{"count":1,"href":"https:\/\/araratfinland.com\/en\/wp-json\/wp\/v2\/product\/41829\/revisions"}],"predecessor-version":[{"id":50790,"href":"https:\/\/araratfinland.com\/en\/wp-json\/wp\/v2\/product\/41829\/revisions\/50790"}],"wp:featuredmedia":[{"embeddable":true,"href":"https:\/\/araratfinland.com\/en\/wp-json\/wp\/v2\/media\/98374"}],"wp:attachment":[{"href":"https:\/\/araratfinland.com\/en\/wp-json\/wp\/v2\/media?parent=41829"}],"wp:term":[{"taxonomy":"location","embeddable":true,"href":"https:\/\/araratfinland.com\/en\/wp-json\/wp\/v2\/location?post=41829"},{"taxonomy":"product_brand","embeddable":true,"href":"https:\/\/araratfinland.com\/en\/wp-json\/wp\/v2\/product_brand?post=41829"},{"taxonomy":"product_cat","embeddable":true,"href":"https:\/\/araratfinland.com\/en\/wp-json\/wp\/v2\/product_cat?post=41829"},{"taxonomy":"product_tag","embeddable":true,"href":"https:\/\/araratfinland.com\/en\/wp-json\/wp\/v2\/product_tag?post=41829"}],"curies":[{"name":"wp","href":"https:\/\/api.w.org\/{rel}","templated":true}]}}