{"id":41812,"date":"2024-06-02T02:12:40","date_gmt":"2024-06-01T23:12:40","guid":{"rendered":"https:\/\/araratfinland.com\/product\/robert-naudan-kana-mortadella-850g\/"},"modified":"2025-09-12T14:24:48","modified_gmt":"2025-09-12T11:24:48","slug":"robert-naudan-kana-mortadella-850g","status":"publish","type":"product","link":"https:\/\/araratfinland.com\/en\/product\/robert-naudan-kana-mortadella-850g\/","title":{"rendered":"Robert Naudan &amp; Kana Lihas\u00e4ilyke 850g"},"content":{"rendered":"<h4><span style=\"color: #000000\"><span style=\"font-size: 18px\"><strong>Ainesosat:\u00a0<\/strong>Koneellisesti eroteltu naudanliha 48%,<br \/>koneellisesti eroteltu broilerin liha 43%,\u00a0<\/span><span style=\"font-size: 18px\">vesi,<br \/>suola, glukoosisiirappi, paprika, pippuri,<br \/>stabilointiaine (difosfaatti), valkosipuli,\u00a0<\/span><span style=\"font-size: 18px\">antioksidantti<br \/>(askorbiinihappo), s\u00e4il\u00f6nt\u00e4aine (natriumnitriitti).<\/span><\/span><\/h4>\n<h4 style=\"margin-top: 0cm;background-image: initial;background-position: initial;background-size: initial;background-repeat: initial;background-attachment: initial\"><span style=\"color: #000000\"><span style=\"font-size: 18px\"><strong>S\u00e4ilytys:<\/strong> Kuivassa ja huoneenl\u00e4mp\u00f6tilassa.<br \/>S\u00e4ilyt\u00e4 avattu tuote j\u00e4\u00e4kapissa\u00a0<\/span><span style=\"font-size: 18px\">ja k\u00e4yt\u00e4 3 vrk:n<br \/>kuluessa avaamisesta.<\/span><\/span><\/h4>\n<h4><span style=\"font-size: 18px;color: #000000\">Valmistettu Tanskassa.<\/span><\/h4>\n<div class=\"collapsible-container-content\">\n<div class=\"product-details-collapsible-padding nutritional-details\">\n<div class=\"nutritional-contents\">\n<table style=\"height: 240px;width: 387px\">\n<tbody>\n<tr>\n<th style=\"width: 679.25px;text-align: left\" colspan=\"2\"><span style=\"font-size: 18px;color: #000000\">Ravintosis\u00e4lt\u00f6 per 100g<\/span><\/th>\n<th style=\"width: 10px\"><span style=\"font-size: 18px;color: #000000\">\u00a0<\/span><\/th>\n<\/tr>\n<\/tbody>\n<tbody>\n<tr>\n<td style=\"width: 303px\"><span style=\"font-size: 18px;color: #000000\">Energia<\/span><\/td>\n<td style=\"width: 376.25px\"><span style=\"font-size: 18px;color: #000000\">861 kJ \/ 207 kcal<\/span><\/td>\n<\/tr>\n<tr>\n<td style=\"width: 303px\"><span style=\"font-size: 18px;color: #000000\">Rasva<\/span><\/td>\n<td style=\"width: 376.25px\"><span style=\"font-size: 18px;color: #000000\">16 g<\/span><\/td>\n<\/tr>\n<tr class=\"sub-content\">\n<td style=\"width: 303px\"><span style=\"font-size: 18px;color: #000000\">josta tyydyttynytt\u00e4<\/span><\/td>\n<td style=\"width: 376.25px\"><span style=\"font-size: 18px;color: #000000\">5,2 g<\/span><\/td>\n<\/tr>\n<tr>\n<td style=\"width: 303px\"><span style=\"font-size: 18px;color: #000000\">Hiilihydraatit<\/span><\/td>\n<td style=\"width: 376.25px\"><span style=\"font-size: 18px;color: #000000\">0,6\u00a0 g<\/span><\/td>\n<\/tr>\n<tr class=\"sub-content\">\n<td style=\"width: 303px\"><span style=\"font-size: 18px;color: #000000\">josta sokereita<\/span><\/td>\n<td style=\"width: 376.25px\"><span style=\"font-size: 18px;color: #000000\">0 g<\/span><\/td>\n<\/tr>\n<tr>\n<td style=\"width: 303px\"><span style=\"font-size: 18px;color: #000000\">Proteiini<\/span><\/td>\n<td style=\"width: 376.25px\"><span style=\"font-size: 18px;color: #000000\">15 g<\/span><\/td>\n<\/tr>\n<tr>\n<td style=\"width: 303px\"><span style=\"font-size: 18px;color: #000000\">Suola<\/span><\/td>\n<td style=\"width: 376.25px\"><span style=\"font-size: 18px;color: #000000\">2,3 g<\/span><\/td>\n<\/tr>\n<\/tbody>\n<\/table><\/div>\n<\/p><\/div>\n<\/p><\/div>\n","protected":false},"excerpt":{"rendered":"<p>Ainesosat:\u00a0Koneellisesti eroteltu naudanliha 48%,koneellisesti eroteltu broilerin liha 43%,\u00a0vesi,suola, glukoosisiirappi, paprika, pippuri,stabilointiaine (difosfaatti), valkosipuli,\u00a0antioksidantti(askorbiinihappo), s\u00e4il\u00f6nt\u00e4aine (natriumnitriitti). S\u00e4ilytys: Kuivassa ja huoneenl\u00e4mp\u00f6tilassa.S\u00e4ilyt\u00e4 avattu<\/p>\n","protected":false},"featured_media":91466,"template":"","meta":{"om_disable_all_campaigns":false,"_monsterinsights_skip_tracking":false,"_monsterinsights_sitenote_active":false,"_monsterinsights_sitenote_note":"","_monsterinsights_sitenote_category":0},"location":[1422],"product_brand":[1423],"product_cat":[1362],"product_tag":[],"class_list":{"0":"post-41812","1":"product","2":"type-product","3":"status-publish","4":"has-post-thumbnail","6":"location-v","7":"product_brand-ararat-ari-food","8":"product_cat-salamit-fi","9":"stock_type-pcs-en","11":"first","12":"instock","13":"taxable","14":"shipping-taxable","15":"purchasable","16":"product-type-simple"},"aioseo_notices":[],"locations":[{"id":1422,"name":"v","slug":"v","quantity":"166"}],"_links":{"self":[{"href":"https:\/\/araratfinland.com\/en\/wp-json\/wp\/v2\/product\/41812","targetHints":{"allow":["GET"]}}],"collection":[{"href":"https:\/\/araratfinland.com\/en\/wp-json\/wp\/v2\/product"}],"about":[{"href":"https:\/\/araratfinland.com\/en\/wp-json\/wp\/v2\/types\/product"}],"version-history":[{"count":1,"href":"https:\/\/araratfinland.com\/en\/wp-json\/wp\/v2\/product\/41812\/revisions"}],"predecessor-version":[{"id":65794,"href":"https:\/\/araratfinland.com\/en\/wp-json\/wp\/v2\/product\/41812\/revisions\/65794"}],"wp:featuredmedia":[{"embeddable":true,"href":"https:\/\/araratfinland.com\/en\/wp-json\/wp\/v2\/media\/91466"}],"wp:attachment":[{"href":"https:\/\/araratfinland.com\/en\/wp-json\/wp\/v2\/media?parent=41812"}],"wp:term":[{"taxonomy":"location","embeddable":true,"href":"https:\/\/araratfinland.com\/en\/wp-json\/wp\/v2\/location?post=41812"},{"taxonomy":"product_brand","embeddable":true,"href":"https:\/\/araratfinland.com\/en\/wp-json\/wp\/v2\/product_brand?post=41812"},{"taxonomy":"product_cat","embeddable":true,"href":"https:\/\/araratfinland.com\/en\/wp-json\/wp\/v2\/product_cat?post=41812"},{"taxonomy":"product_tag","embeddable":true,"href":"https:\/\/araratfinland.com\/en\/wp-json\/wp\/v2\/product_tag?post=41812"}],"curies":[{"name":"wp","href":"https:\/\/api.w.org\/{rel}","templated":true}]}}