{"id":41809,"date":"2024-06-02T02:12:40","date_gmt":"2024-06-01T23:12:40","guid":{"rendered":"https:\/\/araratfinland.com\/product\/qibbla-cevapcici-12x800-g-2\/"},"modified":"2025-10-28T11:25:29","modified_gmt":"2025-10-28T09:25:29","slug":"qibbla-cevapcici-12x800-g-2","status":"publish","type":"product","link":"https:\/\/araratfinland.com\/en\/product\/qibbla-cevapcici-12x800-g-2\/","title":{"rendered":"Qibbla cevapcici 12&#215;800 g"},"content":{"rendered":"<h4><span style=\"color: #000000\"><span style=\"font-size: 19px\"><strong>Ainesosat:<\/strong> 92% naudanliha, <strong>t\u00e4rkkelys<\/strong>,<br \/>suola (osittain savustettu), <strong>vehn\u00e4<\/strong>, kuitu,<br \/>mausteet.\u00a0<\/span><span style=\"font-size: 19px\">Sakeuttamisaine: E407, aroimiuutteita,<br \/>rakeinen liemi (hydrolysoitua kasivproteiinia,<br \/>suola, kasvirasva),\u00a0<\/span><span style=\"font-size: 19px\">hapettumisenestoaine:E301,<br \/>aromit.<\/span><\/span><\/h4>\n<h4><span style=\"font-size: 19px;color: #000000\"><strong>S\u00e4ilytys: <\/strong>S\u00e4ilyt\u00e4 j\u00e4\u00e4kaapissa.<\/span><\/h4>\n<table style=\"height: 361px;width: 399.906px\">\n<tbody>\n<tr style=\"height: 13px\">\n<td style=\"width: 380.906px;height: 13px\" colspan=\"2\"><span style=\"font-size: 19px;color: #000000\"><strong>Ravintosis\u00e4lt\u00f6 per 100g<\/strong><\/span><\/td>\n<\/tr>\n<\/tbody>\n<tbody>\n<tr style=\"height: 21px\">\n<td style=\"width: 206px;height: 21px\"><span style=\"font-size: 19px;color: #000000\">Energiaa<\/span><\/td>\n<td style=\"width: 174.906px;height: 21px\"><span style=\"font-size: 19px;color: #000000\">742 kj \/ 178 kcal<\/span><\/td>\n<\/tr>\n<tr style=\"height: 13px\">\n<td style=\"width: 206px;height: 13px\"><span style=\"font-size: 19px;color: #000000\">Rasva<\/span><\/td>\n<td style=\"width: 174.906px;height: 13px\"><span style=\"font-size: 19px;color: #000000\">13 g<\/span><\/td>\n<\/tr>\n<tr style=\"height: 8px\">\n<td style=\"width: 206px;height: 8px\"><span style=\"font-size: 19px;color: #000000\">josta tyydyttynytt\u00e4<\/span><\/td>\n<td style=\"width: 174.906px;height: 8px\"><span style=\"font-size: 19px;color: #000000\">0<\/span><\/td>\n<\/tr>\n<tr style=\"height: 11px\">\n<td style=\"width: 206px;height: 11px\"><span style=\"font-size: 19px;color: #000000\">Hiilihydraatit<\/span><\/td>\n<td style=\"width: 174.906px;height: 11px\"><span style=\"font-size: 19px;color: #000000\">8\u00a0 g<\/span><\/td>\n<\/tr>\n<tr style=\"height: 2px\">\n<td style=\"width: 206px;height: 2px\"><span style=\"font-size: 19px;color: #000000\">Kuitu<\/span><\/td>\n<td style=\"width: 174.906px;height: 2px\"><span style=\"font-size: 19px;color: #000000\">1,6 g<\/span><\/td>\n<\/tr>\n<tr style=\"height: 14px\">\n<td style=\"width: 206px;height: 14px\"><span style=\"font-size: 19px;color: #000000\">Proteiini<\/span><\/td>\n<td style=\"width: 174.906px;height: 14px\"><span style=\"font-size: 19px;color: #000000\">10 g<\/span><\/td>\n<\/tr>\n<tr style=\"height: 12.7031px\">\n<td style=\"width: 206px;height: 12.7031px\"><span style=\"font-size: 19px;color: #000000\">Suola<\/span><\/td>\n<td style=\"width: 174.906px;height: 12.7031px\"><span style=\"font-size: 19px;color: #000000\">1,5 g<\/span><\/td>\n<\/tr>\n<\/tbody>\n<\/table>\n","protected":false},"excerpt":{"rendered":"<p>Ainesosat: 92% naudanliha, t\u00e4rkkelys,suola (osittain savustettu), vehn\u00e4, kuitu,mausteet.\u00a0Sakeuttamisaine: E407, aroimiuutteita,rakeinen liemi (hydrolysoitua kasivproteiinia,suola, kasvirasva),\u00a0hapettumisenestoaine:E301,aromit. S\u00e4ilytys: S\u00e4ilyt\u00e4 j\u00e4\u00e4kaapissa. Ravintosis\u00e4lt\u00f6 per 100g<\/p>\n","protected":false},"featured_media":98398,"template":"","meta":{"om_disable_all_campaigns":false,"_monsterinsights_skip_tracking":false,"_monsterinsights_sitenote_active":false,"_monsterinsights_sitenote_note":"","_monsterinsights_sitenote_category":0},"location":[1422],"product_brand":[1423],"product_cat":[1464],"product_tag":[],"class_list":{"0":"post-41809","1":"product","2":"type-product","3":"status-publish","4":"has-post-thumbnail","6":"location-v","7":"product_brand-ararat-ari-food","8":"product_cat-pakasteet-en-2","9":"stock_type-ltk-en","11":"first","12":"instock","13":"taxable","14":"shipping-taxable","15":"purchasable","16":"product-type-simple"},"aioseo_notices":[],"locations":[{"id":1422,"name":"v","slug":"v","quantity":"18"}],"_links":{"self":[{"href":"https:\/\/araratfinland.com\/en\/wp-json\/wp\/v2\/product\/41809","targetHints":{"allow":["GET"]}}],"collection":[{"href":"https:\/\/araratfinland.com\/en\/wp-json\/wp\/v2\/product"}],"about":[{"href":"https:\/\/araratfinland.com\/en\/wp-json\/wp\/v2\/types\/product"}],"version-history":[{"count":1,"href":"https:\/\/araratfinland.com\/en\/wp-json\/wp\/v2\/product\/41809\/revisions"}],"predecessor-version":[{"id":49910,"href":"https:\/\/araratfinland.com\/en\/wp-json\/wp\/v2\/product\/41809\/revisions\/49910"}],"wp:featuredmedia":[{"embeddable":true,"href":"https:\/\/araratfinland.com\/en\/wp-json\/wp\/v2\/media\/98398"}],"wp:attachment":[{"href":"https:\/\/araratfinland.com\/en\/wp-json\/wp\/v2\/media?parent=41809"}],"wp:term":[{"taxonomy":"location","embeddable":true,"href":"https:\/\/araratfinland.com\/en\/wp-json\/wp\/v2\/location?post=41809"},{"taxonomy":"product_brand","embeddable":true,"href":"https:\/\/araratfinland.com\/en\/wp-json\/wp\/v2\/product_brand?post=41809"},{"taxonomy":"product_cat","embeddable":true,"href":"https:\/\/araratfinland.com\/en\/wp-json\/wp\/v2\/product_cat?post=41809"},{"taxonomy":"product_tag","embeddable":true,"href":"https:\/\/araratfinland.com\/en\/wp-json\/wp\/v2\/product_tag?post=41809"}],"curies":[{"name":"wp","href":"https:\/\/api.w.org\/{rel}","templated":true}]}}