{"id":41805,"date":"2024-06-02T02:12:38","date_gmt":"2024-06-01T23:12:38","guid":{"rendered":"https:\/\/araratfinland.com\/product\/sunqueen-mango-700-ml-2\/"},"modified":"2025-11-17T16:23:58","modified_gmt":"2025-11-17T14:23:58","slug":"sunqueen-mango-700-ml-2","status":"publish","type":"product","link":"https:\/\/araratfinland.com\/en\/product\/sunqueen-mango-700-ml-2\/","title":{"rendered":"Sunqueen mango 700 ml"},"content":{"rendered":"<div><span style=\"color: #000000\"><span style=\"font-size: 18px\"><strong>Ainesosat:<\/strong>\u00a0Mangosose ja omenamehu,<br \/>valmistettu\u00a0<\/span><span style=\"font-size: 18px\">tiivisteest\u00e4, sitruunahappo,<br \/><strong>maidon ainesosat<\/strong>,\u00a0<\/span><span style=\"font-size: 18px\">stabilointiaine<br \/>(pektiini, selluloosakumi, guarkumi)\u00a0<\/span><\/span><\/div>\n<div><span style=\"font-size: 18px;color: #000000\"><span style=\"font-size: 18px\">antioksidantteja, v\u00e4riaine<br \/>(titaanidioksidi, beetakaroteeni).<\/p>\n<p><strong>S\u00e4ilytys:<\/strong>\u00a0Huoneenl\u00e4mp\u00f6.<br \/>Avattuna k\u00e4ytett\u00e4v\u00e4 8 viikon sis\u00e4ll\u00e4.<\/p>\n<p><\/span><\/span> <\/p>\n<table style=\"width: 365.672px\">\n<tbody>\n<tr style=\"height: 22px\">\n<td style=\"width: 352.672px;height: 22px\" colspan=\"2\"><span style=\"font-size: 18px;color: #000000\"><strong>Ravintosis\u00e4lt\u00f6 per 100g<\/strong><\/span><\/td>\n<\/tr>\n<\/tbody>\n<tbody>\n<tr style=\"height: 22px\">\n<td style=\"width: 199px;height: 22px\"><span style=\"font-size: 18px;color: #000000\">Energia<\/span><\/td>\n<td style=\"width: 153.672px;height: 22px\"><span style=\"font-size: 18px;color: #000000\">134 kJ \/ 32 kcal<\/span><\/td>\n<\/tr>\n<tr style=\"height: 14px\">\n<td style=\"width: 199px;height: 14px\"><span style=\"font-size: 18px;color: #000000\">Rasva<\/span><\/td>\n<td style=\"width: 153.672px;height: 14px\"><span style=\"font-size: 18px;color: #000000\">0,1 g<\/span><\/td>\n<\/tr>\n<tr style=\"height: 10px\">\n<td style=\"width: 199px;height: 10px\"><span style=\"font-size: 18px;color: #000000\">josta tyydyttyneitt\u00e4<\/span><\/td>\n<td style=\"width: 153.672px;height: 10px\"><span style=\"font-size: 18px;color: #000000\">0 g<\/span><\/td>\n<\/tr>\n<tr style=\"height: 22px\">\n<td style=\"width: 199px;height: 22px\"><span style=\"font-size: 18px;color: #000000\">Hiilihydraatit<\/span><\/td>\n<td style=\"width: 153.672px;height: 22px\"><span style=\"font-size: 18px;color: #000000\">7,5 g<\/span><\/td>\n<\/tr>\n<tr style=\"height: 22px\">\n<td style=\"width: 199px;height: 22px\"><span style=\"font-size: 18px;color: #000000\">josta sokereita<\/span><\/td>\n<td style=\"width: 153.672px;height: 22px\"><span style=\"font-size: 18px;color: #000000\">7,5 g<\/span><\/td>\n<\/tr>\n<tr style=\"height: 22px\">\n<td style=\"width: 199px;height: 22px\"><span style=\"font-size: 18px;color: #000000\">Proteiini<\/span><\/td>\n<td style=\"width: 153.672px;height: 22px\"><span style=\"font-size: 18px;color: #000000\">0,1 g<\/span><\/td>\n<\/tr>\n<tr style=\"height: 22px\">\n<td style=\"width: 199px;height: 22px\"><span style=\"font-size: 18px;color: #000000\">Suola<br \/><\/span><\/td>\n<td style=\"width: 153.672px;height: 22px\"><span style=\"font-size: 18px;color: #000000\">0,01 g<br \/><\/span><\/td>\n<\/tr>\n<\/tbody>\n<\/table><\/div>\n","protected":false},"excerpt":{"rendered":"<p>Ainesosat:\u00a0Mangosose ja omenamehu,valmistettu\u00a0tiivisteest\u00e4, sitruunahappo,maidon ainesosat,\u00a0stabilointiaine(pektiini, selluloosakumi, guarkumi)\u00a0 antioksidantteja, v\u00e4riaine(titaanidioksidi, beetakaroteeni). S\u00e4ilytys:\u00a0Huoneenl\u00e4mp\u00f6.Avattuna k\u00e4ytett\u00e4v\u00e4 8 viikon sis\u00e4ll\u00e4. Ravintosis\u00e4lt\u00f6 per 100g Energia 134<\/p>\n","protected":false},"featured_media":100801,"template":"","meta":{"om_disable_all_campaigns":false,"_monsterinsights_skip_tracking":false,"_monsterinsights_sitenote_active":false,"_monsterinsights_sitenote_note":"","_monsterinsights_sitenote_category":0},"location":[1422],"product_brand":[1423],"product_cat":[1480],"product_tag":[],"class_list":{"0":"post-41805","1":"product","2":"type-product","3":"status-publish","4":"has-post-thumbnail","6":"location-v","7":"product_brand-ararat-ari-food","8":"product_cat-mehut-nesteet-en","9":"stock_type-kpl-en","11":"first","12":"instock","13":"taxable","14":"shipping-taxable","15":"purchasable","16":"product-type-simple"},"aioseo_notices":[],"locations":[{"id":1422,"name":"v","slug":"v","quantity":"120"}],"_links":{"self":[{"href":"https:\/\/araratfinland.com\/en\/wp-json\/wp\/v2\/product\/41805","targetHints":{"allow":["GET"]}}],"collection":[{"href":"https:\/\/araratfinland.com\/en\/wp-json\/wp\/v2\/product"}],"about":[{"href":"https:\/\/araratfinland.com\/en\/wp-json\/wp\/v2\/types\/product"}],"version-history":[{"count":1,"href":"https:\/\/araratfinland.com\/en\/wp-json\/wp\/v2\/product\/41805\/revisions"}],"predecessor-version":[{"id":48824,"href":"https:\/\/araratfinland.com\/en\/wp-json\/wp\/v2\/product\/41805\/revisions\/48824"}],"wp:featuredmedia":[{"embeddable":true,"href":"https:\/\/araratfinland.com\/en\/wp-json\/wp\/v2\/media\/100801"}],"wp:attachment":[{"href":"https:\/\/araratfinland.com\/en\/wp-json\/wp\/v2\/media?parent=41805"}],"wp:term":[{"taxonomy":"location","embeddable":true,"href":"https:\/\/araratfinland.com\/en\/wp-json\/wp\/v2\/location?post=41805"},{"taxonomy":"product_brand","embeddable":true,"href":"https:\/\/araratfinland.com\/en\/wp-json\/wp\/v2\/product_brand?post=41805"},{"taxonomy":"product_cat","embeddable":true,"href":"https:\/\/araratfinland.com\/en\/wp-json\/wp\/v2\/product_cat?post=41805"},{"taxonomy":"product_tag","embeddable":true,"href":"https:\/\/araratfinland.com\/en\/wp-json\/wp\/v2\/product_tag?post=41805"}],"curies":[{"name":"wp","href":"https:\/\/api.w.org\/{rel}","templated":true}]}}