{"id":41799,"date":"2024-06-02T02:12:37","date_gmt":"2024-06-01T23:12:37","guid":{"rendered":"https:\/\/araratfinland.com\/product\/oliivi-viipaleita-2-kg-2\/"},"modified":"2025-09-12T12:39:55","modified_gmt":"2025-09-12T09:39:55","slug":"oliivi-viipaleita-2-kg-2","status":"publish","type":"product","link":"https:\/\/araratfinland.com\/en\/product\/oliivi-viipaleita-2-kg-2\/","title":{"rendered":"Oliivi viipaleita 2 kg"},"content":{"rendered":"<h4 class=\"font-bold m-b-xs\"><span style=\"font-size: 18px;color: #000000\"><strong>Mustia oliiveja viipaloitu suolavedess\u00e4 2 kg.<\/strong><\/span><\/h4>\n<h4><span style=\"font-size: 18px;color: #000000\"><strong>Ainesosat: <\/strong>Oliivit, vesi, suola, stabiliointiaine:<br \/>ferroglukonaatin.<\/span><\/h4>\n<h4><span style=\"font-size: 18px;color: #000000\"><strong>S\u00e4ilytys:<\/strong> Avaamisen j\u00e4lkeen s\u00e4ilyt\u00e4 j\u00e4\u00e4kaapissa<br \/>lasi- tai muoviastiassa ja k\u00e4yt\u00e4 se mahdollisimman pian.<\/span><\/h4>\n<table style=\"height: 361px;width: 418px\">\n<tbody>\n<tr style=\"height: 4.51562px\">\n<td style=\"width: 405px;height: 4.51562px\" colspan=\"2\"><span style=\"font-size: 18px;color: #000000\"><strong>Ravintosis\u00e4lt\u00f6 per 100g<\/strong><\/span><\/td>\n<\/tr>\n<\/tbody>\n<tbody>\n<tr style=\"height: 19px\">\n<td style=\"width: 211.688px;height: 19px\"><span style=\"font-size: 18px;color: #000000\">Energiaa<\/span><\/td>\n<td style=\"width: 193.312px;height: 19px\"><span style=\"font-size: 18px;color: #000000\">609 kj \/ 148 kcal<\/span><\/td>\n<\/tr>\n<tr style=\"height: 10px\">\n<td style=\"width: 211.688px;height: 10px\"><span style=\"font-size: 18px;color: #000000\">Rasva<\/span><\/td>\n<td style=\"width: 193.312px;height: 10px\"><span style=\"font-size: 18px;color: #000000\">14 g<\/span><\/td>\n<\/tr>\n<tr style=\"height: 19px\">\n<td style=\"width: 211.688px;height: 19px\"><span style=\"font-size: 18px;color: #000000\">josta tyydyttynytt\u00e4<\/span><\/td>\n<td style=\"width: 193.312px;height: 19px\"><span style=\"font-size: 18px;color: #000000\">2,3 g<\/span><\/td>\n<\/tr>\n<tr style=\"height: 9px\">\n<td style=\"width: 211.688px;height: 9px\"><span style=\"font-size: 18px;color: #000000\">Hiilihydraatit<\/span><\/td>\n<td style=\"width: 193.312px;height: 9px\"><span style=\"font-size: 18px;color: #000000\">1,7 g<\/span><\/td>\n<\/tr>\n<tr style=\"height: 11px\">\n<td style=\"width: 211.688px;height: 11px\"><span style=\"font-size: 18px;color: #000000\">josta sokereita<\/span><\/td>\n<td style=\"width: 193.312px;height: 11px\"><span style=\"font-size: 18px;color: #000000\"><\/p>\n","protected":false},"excerpt":{"rendered":"<p>Mustia oliiveja viipaloitu suolavedess\u00e4 2 kg. Ainesosat: Oliivit, vesi, suola, stabiliointiaine:ferroglukonaatin. S\u00e4ilytys: Avaamisen j\u00e4lkeen s\u00e4ilyt\u00e4 j\u00e4\u00e4kaapissalasi- tai muoviastiassa ja k\u00e4yt\u00e4<\/p>\n","protected":false},"featured_media":91265,"template":"","meta":{"om_disable_all_campaigns":false,"_monsterinsights_skip_tracking":false,"_monsterinsights_sitenote_active":false,"_monsterinsights_sitenote_note":"","_monsterinsights_sitenote_category":0},"location":[1422],"product_brand":[1423],"product_cat":[1469],"product_tag":[],"class_list":{"0":"post-41799","1":"product","2":"type-product","3":"status-publish","4":"has-post-thumbnail","6":"location-v","7":"product_brand-ararat-ari-food","8":"product_cat-restaurant-en-2","9":"stock_type-prk-en","11":"first","12":"instock","13":"taxable","14":"shipping-taxable","15":"purchasable","16":"product-type-simple"},"aioseo_notices":[],"locations":[{"id":1422,"name":"v","slug":"v","quantity":"251"}],"_links":{"self":[{"href":"https:\/\/araratfinland.com\/en\/wp-json\/wp\/v2\/product\/41799","targetHints":{"allow":["GET"]}}],"collection":[{"href":"https:\/\/araratfinland.com\/en\/wp-json\/wp\/v2\/product"}],"about":[{"href":"https:\/\/araratfinland.com\/en\/wp-json\/wp\/v2\/types\/product"}],"version-history":[{"count":1,"href":"https:\/\/araratfinland.com\/en\/wp-json\/wp\/v2\/product\/41799\/revisions"}],"predecessor-version":[{"id":57250,"href":"https:\/\/araratfinland.com\/en\/wp-json\/wp\/v2\/product\/41799\/revisions\/57250"}],"wp:featuredmedia":[{"embeddable":true,"href":"https:\/\/araratfinland.com\/en\/wp-json\/wp\/v2\/media\/91265"}],"wp:attachment":[{"href":"https:\/\/araratfinland.com\/en\/wp-json\/wp\/v2\/media?parent=41799"}],"wp:term":[{"taxonomy":"location","embeddable":true,"href":"https:\/\/araratfinland.com\/en\/wp-json\/wp\/v2\/location?post=41799"},{"taxonomy":"product_brand","embeddable":true,"href":"https:\/\/araratfinland.com\/en\/wp-json\/wp\/v2\/product_brand?post=41799"},{"taxonomy":"product_cat","embeddable":true,"href":"https:\/\/araratfinland.com\/en\/wp-json\/wp\/v2\/product_cat?post=41799"},{"taxonomy":"product_tag","embeddable":true,"href":"https:\/\/araratfinland.com\/en\/wp-json\/wp\/v2\/product_tag?post=41799"}],"curies":[{"name":"wp","href":"https:\/\/api.w.org\/{rel}","templated":true}]}}