{"id":41794,"date":"2024-06-02T02:12:36","date_gmt":"2024-06-01T23:12:36","guid":{"rendered":"https:\/\/araratfinland.com\/product\/dari-med-couscous-1-kg\/"},"modified":"2025-10-03T13:39:49","modified_gmt":"2025-10-03T10:39:49","slug":"dari-med-couscous-1-kg","status":"publish","type":"product","link":"https:\/\/araratfinland.com\/en\/product\/dari-med-couscous-1-kg\/","title":{"rendered":"Dari Med. Couscous 1 Kg"},"content":{"rendered":"<div><span style=\"font-size: 18px;color: #000000\"><strong>Ainesosat:<\/strong> <strong>100% Durumvehn\u00e4<\/strong>.<\/span><\/div>\n<div><span style=\"font-size: 18px;color: #000000\"><br \/><strong>Sis\u00e4lt\u00e4\u00e4 Gluteenia.<\/p>\n<p><\/strong><\/span><\/div>\n<div><span style=\"font-size: 18px;color: #000000\"><strong>S\u00e4ilytys:<\/strong>\u00a0Kuivassa ja viile\u00e4ss\u00e4 paikassa.\u00a0<\/p>\n<p><\/span><\/div>\n<div><span style=\"font-size: 18px;color: #000000\"><span style=\"font-size: 18px\"><strong>Alkuper\u00e4maa:<\/strong> Marokko.<\/p>\n<p><\/span><\/span> <\/p>\n<table style=\"width: 426.375px\">\n<tbody>\n<tr style=\"height: 23px\">\n<td style=\"width: 411.375px;height: 23px\" colspan=\"2\"><span style=\"font-size: 19px;color: #000000\"><strong>Ravintosis\u00e4lt\u00f6 per 100g<\/strong><\/span><\/td>\n<\/tr>\n<\/tbody>\n<tbody>\n<tr style=\"height: 23px\">\n<td style=\"width: 217px;height: 23px\"><span style=\"font-size: 19px;color: #000000\">Energia<\/span><\/td>\n<td style=\"width: 194.375px;height: 23px\"><span style=\"font-size: 19px;color: #000000\">1528 kj \/ 361 kcal<\/span><\/td>\n<\/tr>\n<tr style=\"height: 23px\">\n<td style=\"width: 217px;height: 23px\"><span style=\"font-size: 19px;color: #000000\">Rasva<\/span><\/td>\n<td style=\"width: 194.375px;height: 23px\"><span style=\"font-size: 19px;color: #000000\">2 g<\/span><\/td>\n<\/tr>\n<tr style=\"height: 16px\">\n<td style=\"width: 217px;height: 16px\"><span style=\"font-size: 19px;color: #000000\">josta tyydyttyneitt\u00e4<\/span><\/td>\n<td style=\"width: 194.375px;height: 16px\"><span style=\"font-size: 19px;color: #000000\">0,1 g<\/span><\/td>\n<\/tr>\n<tr style=\"height: 23px\">\n<td style=\"width: 217px;height: 23px\"><span style=\"font-size: 19px;color: #000000\">Hiilihydraatit<\/span><\/td>\n<td style=\"width: 194.375px;height: 23px\"><span style=\"font-size: 19px;color: #000000\">72 g<\/span><\/td>\n<\/tr>\n<tr style=\"height: 23px\">\n<td style=\"width: 217px;height: 23px\"><span style=\"font-size: 19px;color: #000000\">josta sokereita<\/span><\/td>\n<td style=\"width: 194.375px;height: 23px\"><span style=\"font-size: 19px;color: #000000\">1,6 g<\/span><\/td>\n<\/tr>\n<tr style=\"height: 23px\">\n<td style=\"width: 217px;height: 23px\"><span style=\"font-size: 19px;color: #000000\">Proteiini<\/span><\/td>\n<td style=\"width: 194.375px;height: 23px\"><span style=\"font-size: 19px;color: #000000\">12 g<\/span><\/td>\n<\/tr>\n<tr style=\"height: 35px\">\n<td style=\"width: 217px;height: 35px\">\n<p><span style=\"font-size: 19px;color: #000000\">Kuitu<\/span><\/p>\n<p><span style=\"font-size: 19px;color: #000000\">Suola<\/span><\/p>\n<\/td>\n<td style=\"width: 194.375px;height: 35px\">\n<p><span style=\"font-size: 19px;color: #000000\">3,3 g<\/span><\/p>\n<p><span style=\"font-size: 19px;color: #000000\">0,02 g<\/span><\/p>\n<\/td>\n<\/tr>\n<\/tbody>\n<\/table><\/div>\n","protected":false},"excerpt":{"rendered":"<p>Ainesosat: 100% Durumvehn\u00e4. Sis\u00e4lt\u00e4\u00e4 Gluteenia. S\u00e4ilytys:\u00a0Kuivassa ja viile\u00e4ss\u00e4 paikassa.\u00a0 Alkuper\u00e4maa: Marokko. Ravintosis\u00e4lt\u00f6 per 100g Energia 1528 kj \/ 361 kcal<\/p>\n","protected":false},"featured_media":94701,"template":"","meta":{"om_disable_all_campaigns":false,"_monsterinsights_skip_tracking":false,"_monsterinsights_sitenote_active":false,"_monsterinsights_sitenote_note":"","_monsterinsights_sitenote_category":0},"location":[1422],"product_brand":[1423],"product_cat":[1346],"product_tag":[],"class_list":{"0":"post-41794","1":"product","2":"type-product","3":"status-publish","4":"has-post-thumbnail","6":"location-v","7":"product_brand-ararat-ari-food","8":"product_cat-kuiva-tuotteet-fi","9":"stock_type-pss-en","11":"first","12":"instock","13":"taxable","14":"shipping-taxable","15":"purchasable","16":"product-type-simple"},"aioseo_notices":[],"locations":[{"id":1422,"name":"v","slug":"v","quantity":"161"}],"_links":{"self":[{"href":"https:\/\/araratfinland.com\/en\/wp-json\/wp\/v2\/product\/41794","targetHints":{"allow":["GET"]}}],"collection":[{"href":"https:\/\/araratfinland.com\/en\/wp-json\/wp\/v2\/product"}],"about":[{"href":"https:\/\/araratfinland.com\/en\/wp-json\/wp\/v2\/types\/product"}],"version-history":[{"count":1,"href":"https:\/\/araratfinland.com\/en\/wp-json\/wp\/v2\/product\/41794\/revisions"}],"predecessor-version":[{"id":46327,"href":"https:\/\/araratfinland.com\/en\/wp-json\/wp\/v2\/product\/41794\/revisions\/46327"}],"wp:featuredmedia":[{"embeddable":true,"href":"https:\/\/araratfinland.com\/en\/wp-json\/wp\/v2\/media\/94701"}],"wp:attachment":[{"href":"https:\/\/araratfinland.com\/en\/wp-json\/wp\/v2\/media?parent=41794"}],"wp:term":[{"taxonomy":"location","embeddable":true,"href":"https:\/\/araratfinland.com\/en\/wp-json\/wp\/v2\/location?post=41794"},{"taxonomy":"product_brand","embeddable":true,"href":"https:\/\/araratfinland.com\/en\/wp-json\/wp\/v2\/product_brand?post=41794"},{"taxonomy":"product_cat","embeddable":true,"href":"https:\/\/araratfinland.com\/en\/wp-json\/wp\/v2\/product_cat?post=41794"},{"taxonomy":"product_tag","embeddable":true,"href":"https:\/\/araratfinland.com\/en\/wp-json\/wp\/v2\/product_tag?post=41794"}],"curies":[{"name":"wp","href":"https:\/\/api.w.org\/{rel}","templated":true}]}}