{"id":41790,"date":"2024-06-02T02:12:36","date_gmt":"2024-06-01T23:12:36","guid":{"rendered":"https:\/\/araratfinland.com\/product\/bulgur-med\/"},"modified":"2025-11-08T08:25:52","modified_gmt":"2025-11-08T06:25:52","slug":"bulgur-med","status":"publish","type":"product","link":"https:\/\/araratfinland.com\/en\/product\/bulgur-med\/","title":{"rendered":"AS Bulgur Med 900g"},"content":{"rendered":"<h4><span style=\"font-size: 20px;color: #000000\"><strong>S\u00e4ilytys: <\/strong>Kuivassa ja viile\u00e4ss\u00e4 paikassa.<\/span><\/h4>\n<table style=\"width: 286.641px\">\n<tbody>\n<tr>\n<td style=\"width: 269.641px\" colspan=\"2\"><span style=\"font-size: 20px;color: #000000\"><strong>Ravintosis\u00e4lt\u00f6 per 100g<\/strong><\/span><\/td>\n<\/tr>\n<\/tbody>\n<tbody>\n<tr>\n<td style=\"width: 165px\"><span style=\"font-size: 20px;color: #000000\">Proteiini<\/span><\/td>\n<td style=\"width: 104.641px\"><span style=\"font-size: 20px;color: #000000\">12<\/span><\/td>\n<\/tr>\n<tr>\n<td style=\"width: 165px\"><span style=\"font-size: 20px;color: #000000\">Kaloreita<\/span><\/td>\n<td style=\"width: 104.641px\"><span style=\"font-size: 20px;color: #000000\">364<\/span><\/td>\n<\/tr>\n<tr>\n<td style=\"width: 165px\"><span style=\"font-size: 20px;color: #000000\">Rasva<\/span><\/td>\n<td style=\"width: 104.641px\"><span style=\"font-size: 20px;color: #000000\">1,2<\/span><\/td>\n<\/tr>\n<tr>\n<td style=\"width: 165px\"><span style=\"font-size: 20px;color: #000000\">Kalsium<\/span><\/td>\n<td style=\"width: 104.641px\"><span style=\"font-size: 20px;color: #000000\">36<\/span><\/td>\n<\/tr>\n<tr>\n<td style=\"width: 165px\"><span style=\"font-size: 20px;color: #000000\">Hiilihydratit<\/span><\/td>\n<td style=\"width: 104.641px\"><span style=\"font-size: 20px;color: #000000\">78,1<\/span><\/td>\n<\/tr>\n<\/tbody>\n<\/table>\n","protected":false},"excerpt":{"rendered":"<p>S\u00e4ilytys: Kuivassa ja viile\u00e4ss\u00e4 paikassa. Ravintosis\u00e4lt\u00f6 per 100g Proteiini 12 Kaloreita 364 Rasva 1,2 Kalsium 36 Hiilihydratit 78,1<\/p>\n","protected":false},"featured_media":0,"template":"","meta":{"om_disable_all_campaigns":false,"_monsterinsights_skip_tracking":false,"_monsterinsights_sitenote_active":false,"_monsterinsights_sitenote_note":"","_monsterinsights_sitenote_category":0},"location":[1422],"product_brand":[1423],"product_cat":[1346],"product_tag":[],"class_list":{"0":"post-41790","1":"product","2":"type-product","3":"status-publish","5":"location-v","6":"product_brand-ararat-ari-food","7":"product_cat-kuiva-tuotteet-fi","8":"stock_type-pss-en","10":"first","11":"instock","12":"taxable","13":"shipping-taxable","14":"purchasable","15":"product-type-simple"},"aioseo_notices":[],"locations":[{"id":1422,"name":"v","slug":"v","quantity":"160"}],"_links":{"self":[{"href":"https:\/\/araratfinland.com\/en\/wp-json\/wp\/v2\/product\/41790","targetHints":{"allow":["GET"]}}],"collection":[{"href":"https:\/\/araratfinland.com\/en\/wp-json\/wp\/v2\/product"}],"about":[{"href":"https:\/\/araratfinland.com\/en\/wp-json\/wp\/v2\/types\/product"}],"version-history":[{"count":3,"href":"https:\/\/araratfinland.com\/en\/wp-json\/wp\/v2\/product\/41790\/revisions"}],"predecessor-version":[{"id":78192,"href":"https:\/\/araratfinland.com\/en\/wp-json\/wp\/v2\/product\/41790\/revisions\/78192"}],"wp:attachment":[{"href":"https:\/\/araratfinland.com\/en\/wp-json\/wp\/v2\/media?parent=41790"}],"wp:term":[{"taxonomy":"location","embeddable":true,"href":"https:\/\/araratfinland.com\/en\/wp-json\/wp\/v2\/location?post=41790"},{"taxonomy":"product_brand","embeddable":true,"href":"https:\/\/araratfinland.com\/en\/wp-json\/wp\/v2\/product_brand?post=41790"},{"taxonomy":"product_cat","embeddable":true,"href":"https:\/\/araratfinland.com\/en\/wp-json\/wp\/v2\/product_cat?post=41790"},{"taxonomy":"product_tag","embeddable":true,"href":"https:\/\/araratfinland.com\/en\/wp-json\/wp\/v2\/product_tag?post=41790"}],"curies":[{"name":"wp","href":"https:\/\/api.w.org\/{rel}","templated":true}]}}