{"id":41784,"date":"2024-06-02T02:12:34","date_gmt":"2024-06-01T23:12:34","guid":{"rendered":"https:\/\/araratfinland.com\/product\/balconi-snack-al-latte-280g\/"},"modified":"2025-10-16T15:04:09","modified_gmt":"2025-10-16T12:04:09","slug":"balconi-snack-al-latte-280g","status":"publish","type":"product","link":"https:\/\/araratfinland.com\/en\/product\/balconi-snack-al-latte-280g\/","title":{"rendered":"Balconi Al Latte 280g"},"content":{"rendered":"<p><span style=\"font-size: 18px\"><span style=\"color: #000000\"><strong>Ainesosat:<\/strong>\u00a0Sokeri,\u00a0<strong>vehn\u00e4jauho (21%), tuoreet munat (16,5%),<\/strong><\/span><br \/><span style=\"color: #000000\">glukoosi-fruktoosisiirappi, kasvirasvat (palmu, palmunydin,<\/span><br \/><span style=\"color: #000000\">kookos vaihtelevissa suhteissa), rehydratoitu lukema (6,5%),<\/span><br \/><span style=\"color: #000000\">rasvaton jauhe (2,8%), kasvi\u00f6ljyt (auringonkukka, oliivi\u00f6ljy<\/span><br \/><span style=\"color: #000000\">vaihtelevissa suhteissa),\u00a0<strong>maitoproteiinit<\/strong>, suola,\u00a0<strong>laktoosi<\/strong>,<\/span><br \/><span style=\"color: #000000\"><strong>herajauhe<\/strong>,\u00a0<strong>vehn\u00e4kuitu<\/strong>, emulgointiaineet: rasvahappojen mono-<\/span><br \/><span style=\"color: #000000\">ja diglyseridit,\u00a0<strong>soija<\/strong>lesitiinit; kohotusaineet: ammoniumkarbonaatit,<\/span><br \/><span style=\"color: #000000\">natriumkarbonaatit, difosfaatit; aromit.<\/p>\n<p><strong>Saattaa sis\u00e4lt\u00e4\u00e4 p\u00e4hkin\u00f6it\u00e4.<\/p>\n<p>S\u00e4ilytys:\u00a0<\/strong>Kuivassa ja viile\u00e4ss\u00e4 paikassa.<\/span><\/p>\n<p><\/span> <\/p>\n<div>\n<table style=\"height: 361px;width: 408.125px\">\n<tbody>\n<tr style=\"height: 5px\">\n<td style=\"width: 390.125px;height: 5px\" colspan=\"2\"><span style=\"font-size: 18px;color: #000000\"><strong>Ravintosis\u00e4lt\u00f6 per 100g<\/strong><\/span><\/td>\n<\/tr>\n<\/tbody>\n<tbody>\n<tr style=\"height: 7px\">\n<td style=\"width: 214px;height: 7px\"><span style=\"font-size: 18px;color: #000000\">Energiaa<\/span><\/td>\n<td style=\"width: 176.125px;height: 7px\"><span style=\"font-size: 18px;color: #000000\">1569 kJ \/ 375 kcal<\/span><\/td>\n<\/tr>\n<tr style=\"height: 22px\">\n<td style=\"width: 214px;height: 22px\"><span style=\"font-size: 18px;color: #000000\">Rasva<\/span><\/td>\n<td style=\"width: 176.125px;height: 22px\"><span style=\"font-size: 18px;color: #000000\">14 g<\/span><\/td>\n<\/tr>\n<tr style=\"height: 21px\">\n<td style=\"width: 214px;height: 21px\"><span style=\"font-size: 18px;color: #000000\">josta tyydyttyneitt\u00e4<\/span><\/td>\n<td style=\"width: 176.125px;height: 21px\"><span style=\"font-size: 18px;color: #000000\">6,6 g<\/span><\/td>\n<\/tr>\n<tr style=\"height: 19px\">\n<td style=\"width: 214px;height: 19px\"><span style=\"font-size: 18px;color: #000000\">Hiilihydraatit<\/span><\/td>\n<td style=\"width: 176.125px;height: 19px\"><span style=\"font-size: 18px;color: #000000\">56 g<\/span><\/td>\n<\/tr>\n<tr style=\"height: 11px\">\n<td style=\"width: 214px;height: 11px\"><span style=\"font-size: 18px;color: #000000\">josta sokereita<\/span><\/td>\n<td style=\"width: 176.125px;height: 11px\"><span style=\"font-size: 18px;color: #000000\">35 g<\/span><\/td>\n<\/tr>\n<tr style=\"height: 9px\">\n<td style=\"width: 214px;height: 9px\"><span style=\"font-size: 18px;color: #000000\">Proteiini<br \/><\/span><\/td>\n<td style=\"width: 176.125px;height: 9px\"><span style=\"font-size: 18px;color: #000000\">5,6 g<br \/><\/span><\/td>\n<\/tr>\n<tr style=\"height: 6px\">\n<td style=\"width: 214px;height: 6px\"><span style=\"font-size: 18px;color: #000000\">Suola<\/span><\/td>\n<td style=\"width: 176.125px;height: 6px\"><span style=\"font-size: 18px;color: #000000\">0,44 g<\/span><\/td>\n<\/tr>\n<\/tbody>\n<\/table><\/div>\n","protected":false},"excerpt":{"rendered":"<p>Ainesosat:\u00a0Sokeri,\u00a0vehn\u00e4jauho (21%), tuoreet munat (16,5%),glukoosi-fruktoosisiirappi, kasvirasvat (palmu, palmunydin,kookos vaihtelevissa suhteissa), rehydratoitu lukema (6,5%),rasvaton jauhe (2,8%), kasvi\u00f6ljyt (auringonkukka, oliivi\u00f6ljyvaihtelevissa suhteissa),\u00a0maitoproteiinit, suola,\u00a0laktoosi,herajauhe,\u00a0vehn\u00e4kuitu,<\/p>\n","protected":false},"featured_media":97038,"template":"","meta":{"om_disable_all_campaigns":false,"_monsterinsights_skip_tracking":false,"_monsterinsights_sitenote_active":false,"_monsterinsights_sitenote_note":"","_monsterinsights_sitenote_category":0},"location":[1422],"product_brand":[1423],"product_cat":[1326],"product_tag":[],"class_list":{"0":"post-41784","1":"product","2":"type-product","3":"status-publish","4":"has-post-thumbnail","6":"location-v","7":"product_brand-ararat-ari-food","8":"product_cat-keksit-leivokset-fi","9":"stock_type-pcs-en","11":"first","12":"instock","13":"taxable","14":"shipping-taxable","15":"purchasable","16":"product-type-simple"},"aioseo_notices":[],"locations":[{"id":1422,"name":"v","slug":"v","quantity":"201"}],"_links":{"self":[{"href":"https:\/\/araratfinland.com\/en\/wp-json\/wp\/v2\/product\/41784","targetHints":{"allow":["GET"]}}],"collection":[{"href":"https:\/\/araratfinland.com\/en\/wp-json\/wp\/v2\/product"}],"about":[{"href":"https:\/\/araratfinland.com\/en\/wp-json\/wp\/v2\/types\/product"}],"version-history":[{"count":2,"href":"https:\/\/araratfinland.com\/en\/wp-json\/wp\/v2\/product\/41784\/revisions"}],"predecessor-version":[{"id":51197,"href":"https:\/\/araratfinland.com\/en\/wp-json\/wp\/v2\/product\/41784\/revisions\/51197"}],"wp:featuredmedia":[{"embeddable":true,"href":"https:\/\/araratfinland.com\/en\/wp-json\/wp\/v2\/media\/97038"}],"wp:attachment":[{"href":"https:\/\/araratfinland.com\/en\/wp-json\/wp\/v2\/media?parent=41784"}],"wp:term":[{"taxonomy":"location","embeddable":true,"href":"https:\/\/araratfinland.com\/en\/wp-json\/wp\/v2\/location?post=41784"},{"taxonomy":"product_brand","embeddable":true,"href":"https:\/\/araratfinland.com\/en\/wp-json\/wp\/v2\/product_brand?post=41784"},{"taxonomy":"product_cat","embeddable":true,"href":"https:\/\/araratfinland.com\/en\/wp-json\/wp\/v2\/product_cat?post=41784"},{"taxonomy":"product_tag","embeddable":true,"href":"https:\/\/araratfinland.com\/en\/wp-json\/wp\/v2\/product_tag?post=41784"}],"curies":[{"name":"wp","href":"https:\/\/api.w.org\/{rel}","templated":true}]}}