{"id":41777,"date":"2024-06-02T02:12:33","date_gmt":"2024-06-01T23:12:33","guid":{"rendered":"https:\/\/araratfinland.com\/product\/agadeer-pienikoipi-2x5-kg-2\/"},"modified":"2025-11-17T15:50:55","modified_gmt":"2025-11-17T13:50:55","slug":"agadeer-pienikoipi-2x5-kg-2","status":"publish","type":"product","link":"https:\/\/araratfinland.com\/en\/product\/agadeer-pienikoipi-2x5-kg-2\/","title":{"rendered":"Agadeer pienikoipi 2&#215;5 kg"},"content":{"rendered":"<h4><span style=\"font-size: 18px;color: #000000\"><strong>Kanakoipi.<\/strong><\/span><\/h4>\n<h4><span style=\"font-size: 18px;color: #000000\"><strong>Ainesosat: Luullisia ja nahallisia broilerin koipia.<\/strong><\/span><\/h4>\n<h4><span style=\"font-size: 18px;color: #000000\"><strong>S\u00e4ilytys: <\/strong>Pakastimessa: Alle -18\u2103:n l\u00e4mp\u00f6tilassa<br \/>katso &#039;&#039;parasta ennen&#039;&#039;.<\/span><\/h4>\n<h4><span style=\"font-size: 18px;color: #000000\"><strong>J\u00e4\u00e4kaapissa:<\/strong> Alle 5\u2103:n l\u00e4mp\u00f6tilassa noin 24 tuntia.<\/span><\/h4>\n<h4><span style=\"font-size: 18px;color: #000000\"><strong>Ei saa pakastaa uudelleen sulattamisen j\u00e4\u00e4lkeen.<\/strong><\/span><\/h4>\n<table style=\"height: 361px;width: 409.016px\">\n<tbody>\n<tr style=\"height: 22px\">\n<td style=\"width: 396.016px;height: 22px\" colspan=\"2\"><span style=\"font-size: 18px;color: #000000\"><strong>Ravintosis\u00e4lt\u00f6 per 100g<\/strong><\/span><\/td>\n<\/tr>\n<\/tbody>\n<tbody>\n<tr style=\"height: 18.4688px\">\n<td style=\"width: 209px;height: 18.4688px\"><span style=\"font-size: 18px;color: #000000\">Energiaa<\/span><\/td>\n<td style=\"width: 187.016px;height: 18.4688px\"><span style=\"font-size: 18px;color: #000000\">647 kj \/ 155 kcal<\/span><\/td>\n<\/tr>\n<tr style=\"height: 26px\">\n<td style=\"width: 209px;height: 26px\"><span style=\"font-size: 18px;color: #000000\">Rasva<\/span><\/td>\n<td style=\"width: 187.016px;height: 26px\"><span style=\"font-size: 18px;color: #000000\">8,9 g<\/span><\/td>\n<\/tr>\n<tr style=\"height: 22px\">\n<td style=\"width: 209px;height: 22px\"><span style=\"font-size: 18px;color: #000000\">josta tyydyttynytt\u00e4<\/span><\/td>\n<td style=\"width: 187.016px;height: 22px\"><span style=\"font-size: 18px;color: #000000\">2,5 g<\/span><\/td>\n<\/tr>\n<tr style=\"height: 23px\">\n<td style=\"width: 209px;height: 23px\"><span style=\"font-size: 18px;color: #000000\">Hiilihydraatit<\/span><\/td>\n<td style=\"width: 187.016px;height: 23px\"><span style=\"font-size: 18px;color: #000000\">0,0 g<\/span><\/td>\n<\/tr>\n<tr style=\"height: 1px\">\n<td style=\"width: 209px;height: 1px\"><span style=\"font-size: 18px;color: #000000\">josta sokereita<\/span><\/td>\n<td style=\"width: 187.016px;height: 1px\"><span style=\"font-size: 18px;color: #000000\">0,0 g<\/span><\/td>\n<\/tr>\n<tr style=\"height: 17px\">\n<td style=\"width: 209px;height: 17px\"><span style=\"font-size: 18px;color: #000000\">Proteiini<\/span><\/td>\n<td style=\"width: 187.016px;height: 17px\"><span style=\"font-size: 18px;color: #000000\">19,0 g<\/span><\/td>\n<\/tr>\n<tr style=\"height: 11px\">\n<td style=\"width: 209px;height: 11px\"><span style=\"font-size: 18px;color: #000000\">Suola<\/span><\/td>\n<td style=\"width: 187.016px;height: 11px\"><span style=\"font-size: 18px;color: #000000\">0,19 g<\/span><\/td>\n<\/tr>\n<\/tbody>\n<\/table>\n","protected":false},"excerpt":{"rendered":"<p>Kanakoipi. Ainesosat: Luullisia ja nahallisia broilerin koipia. S\u00e4ilytys: Pakastimessa: Alle -18\u2103:n l\u00e4mp\u00f6tilassakatso &#039;&#039;parasta ennen&#039;&#039;. J\u00e4\u00e4kaapissa: Alle 5\u2103:n l\u00e4mp\u00f6tilassa noin 24<\/p>\n","protected":false},"featured_media":100747,"template":"","meta":{"om_disable_all_campaigns":false,"_monsterinsights_skip_tracking":false,"_monsterinsights_sitenote_active":false,"_monsterinsights_sitenote_note":"","_monsterinsights_sitenote_category":0},"location":[1422],"product_brand":[1423],"product_cat":[1464],"product_tag":[],"class_list":{"0":"post-41777","1":"product","2":"type-product","3":"status-publish","4":"has-post-thumbnail","6":"location-v","7":"product_brand-ararat-ari-food","8":"product_cat-pakasteet-en-2","9":"stock_type-ltk-en","11":"first","12":"instock","13":"taxable","14":"shipping-taxable","15":"purchasable","16":"product-type-simple"},"aioseo_notices":[],"locations":[{"id":1422,"name":"v","slug":"v","quantity":"156"}],"_links":{"self":[{"href":"https:\/\/araratfinland.com\/en\/wp-json\/wp\/v2\/product\/41777","targetHints":{"allow":["GET"]}}],"collection":[{"href":"https:\/\/araratfinland.com\/en\/wp-json\/wp\/v2\/product"}],"about":[{"href":"https:\/\/araratfinland.com\/en\/wp-json\/wp\/v2\/types\/product"}],"version-history":[{"count":1,"href":"https:\/\/araratfinland.com\/en\/wp-json\/wp\/v2\/product\/41777\/revisions"}],"predecessor-version":[{"id":49137,"href":"https:\/\/araratfinland.com\/en\/wp-json\/wp\/v2\/product\/41777\/revisions\/49137"}],"wp:featuredmedia":[{"embeddable":true,"href":"https:\/\/araratfinland.com\/en\/wp-json\/wp\/v2\/media\/100747"}],"wp:attachment":[{"href":"https:\/\/araratfinland.com\/en\/wp-json\/wp\/v2\/media?parent=41777"}],"wp:term":[{"taxonomy":"location","embeddable":true,"href":"https:\/\/araratfinland.com\/en\/wp-json\/wp\/v2\/location?post=41777"},{"taxonomy":"product_brand","embeddable":true,"href":"https:\/\/araratfinland.com\/en\/wp-json\/wp\/v2\/product_brand?post=41777"},{"taxonomy":"product_cat","embeddable":true,"href":"https:\/\/araratfinland.com\/en\/wp-json\/wp\/v2\/product_cat?post=41777"},{"taxonomy":"product_tag","embeddable":true,"href":"https:\/\/araratfinland.com\/en\/wp-json\/wp\/v2\/product_tag?post=41777"}],"curies":[{"name":"wp","href":"https:\/\/api.w.org\/{rel}","templated":true}]}}