{"id":41772,"date":"2024-06-02T02:12:32","date_gmt":"2024-06-01T23:12:32","guid":{"rendered":"https:\/\/araratfinland.com\/product\/kombi-feta-juusto-800g\/"},"modified":"2025-11-06T15:14:22","modified_gmt":"2025-11-06T13:14:22","slug":"kombi-feta-juusto-800g","status":"publish","type":"product","link":"https:\/\/araratfinland.com\/en\/product\/kombi-feta-juusto-800g\/","title":{"rendered":"Yayla Kombi Juusto 800g"},"content":{"rendered":"<h4><span style=\"font-size: 18px;color: #000000\"><strong>Valmistettu rasvattomasta<br \/>lehm\u00e4nmaidost\u00a0<\/strong><strong>ja kasvis\u00f6ljyst\u00e4 suolavedess\u00e4.<\/strong><\/span><\/h4>\n<h4><span style=\"font-size: 18px;color: #000000\"><strong>Ainesosat: <\/strong>Rasvaton lehm\u00e4n<strong>maito, <\/strong>kasvis\u00f6ljy (palm\u00f6ljy),<br \/>suola, mikrobiper\u00e4inen,\u00a0juoksete, maitohappobakteeriviljelm\u00e4t.<\/span><\/h4>\n<h4><span style=\"font-size: 18px;color: #000000\"><strong>S\u00e4ilytys: <\/strong>S\u00e4ilyt\u00e4 viile\u00e4ss\u00e4 paikassa enint\u00e4\u00e4n 8\u00b0C.<\/span><\/h4>\n<h4><span style=\"font-size: 18px;color: #000000\"><strong>Valmistettu Hollannissa.<\/strong><\/span><\/h4>\n<table style=\"width: 377.047px\">\n<tbody>\n<tr>\n<td style=\"width: 359.047px\" colspan=\"2\"><span style=\"font-size: 18px;color: #000000\"><strong>Ravintosis\u00e4lt\u00f6 per 100g<\/strong><\/span><\/td>\n<\/tr>\n<\/tbody>\n<tbody>\n<tr>\n<td style=\"width: 183px\"><span style=\"font-size: 18px;color: #000000\">Energia<\/span><\/td>\n<td style=\"width: 176.047px\"><span style=\"font-size: 18px;color: #000000\">1084 kJ \/ 262 kcal<\/span><\/td>\n<\/tr>\n<tr>\n<td style=\"width: 183px\"><span style=\"font-size: 18px;color: #000000\">Rasva<\/span><\/td>\n<td style=\"width: 176.047px\"><span style=\"font-size: 18px;color: #000000\">24,0 g<\/span><\/td>\n<\/tr>\n<tr>\n<td style=\"width: 183px\"><span style=\"font-size: 18px;color: #000000\">josta tyydyttynytt\u00e4<\/span><\/td>\n<td style=\"width: 176.047px\"><span style=\"font-size: 18px;color: #000000\">15,7 g<\/span><\/td>\n<\/tr>\n<tr>\n<td style=\"width: 183px\"><span style=\"font-size: 18px;color: #000000\">Hiilihydraatit<\/span><\/td>\n<td style=\"width: 176.047px\"><span style=\"font-size: 18px;color: #000000\">1,5 g<\/span><\/td>\n<\/tr>\n<tr>\n<td style=\"width: 183px\"><span style=\"font-size: 18px;color: #000000\">josta sokereita<\/span><\/td>\n<td style=\"width: 176.047px\"><span style=\"font-size: 18px;color: #000000\">1,5 g<\/span><\/td>\n<\/tr>\n<tr>\n<td style=\"width: 183px\"><span style=\"font-size: 18px;color: #000000\">Proteiini<\/span><\/td>\n<td style=\"width: 176.047px\"><span style=\"font-size: 18px;color: #000000\">10,0 g<\/span><\/td>\n<\/tr>\n<tr>\n<td style=\"width: 183px\"><span style=\"font-size: 18px;color: #000000\">Suola<\/span><\/td>\n<td style=\"width: 176.047px\"><span style=\"font-size: 18px;color: #000000\">3,2 g<\/span><\/td>\n<\/tr>\n<\/tbody>\n<\/table>\n","protected":false},"excerpt":{"rendered":"<p>Valmistettu rasvattomastalehm\u00e4nmaidost\u00a0ja kasvis\u00f6ljyst\u00e4 suolavedess\u00e4. Ainesosat: Rasvaton lehm\u00e4nmaito, kasvis\u00f6ljy (palm\u00f6ljy),suola, mikrobiper\u00e4inen,\u00a0juoksete, maitohappobakteeriviljelm\u00e4t. S\u00e4ilytys: S\u00e4ilyt\u00e4 viile\u00e4ss\u00e4 paikassa enint\u00e4\u00e4n 8\u00b0C. Valmistettu Hollannissa. Ravintosis\u00e4lt\u00f6<\/p>\n","protected":false},"featured_media":99069,"template":"","meta":{"om_disable_all_campaigns":false,"_monsterinsights_skip_tracking":false,"_monsterinsights_sitenote_active":false,"_monsterinsights_sitenote_note":"","_monsterinsights_sitenote_category":0},"location":[1422],"product_brand":[1423],"product_cat":[1354],"product_tag":[],"class_list":{"0":"post-41772","1":"product","2":"type-product","3":"status-publish","4":"has-post-thumbnail","6":"location-v","7":"product_brand-ararat-ari-food","8":"product_cat-juustot-fi","9":"stock_type-tlk-en","11":"first","12":"instock","13":"taxable","14":"shipping-taxable","15":"purchasable","16":"product-type-simple"},"aioseo_notices":[],"locations":[{"id":1422,"name":"v","slug":"v","quantity":"504"}],"_links":{"self":[{"href":"https:\/\/araratfinland.com\/en\/wp-json\/wp\/v2\/product\/41772","targetHints":{"allow":["GET"]}}],"collection":[{"href":"https:\/\/araratfinland.com\/en\/wp-json\/wp\/v2\/product"}],"about":[{"href":"https:\/\/araratfinland.com\/en\/wp-json\/wp\/v2\/types\/product"}],"version-history":[{"count":4,"href":"https:\/\/araratfinland.com\/en\/wp-json\/wp\/v2\/product\/41772\/revisions"}],"predecessor-version":[{"id":99030,"href":"https:\/\/araratfinland.com\/en\/wp-json\/wp\/v2\/product\/41772\/revisions\/99030"}],"wp:featuredmedia":[{"embeddable":true,"href":"https:\/\/araratfinland.com\/en\/wp-json\/wp\/v2\/media\/99069"}],"wp:attachment":[{"href":"https:\/\/araratfinland.com\/en\/wp-json\/wp\/v2\/media?parent=41772"}],"wp:term":[{"taxonomy":"location","embeddable":true,"href":"https:\/\/araratfinland.com\/en\/wp-json\/wp\/v2\/location?post=41772"},{"taxonomy":"product_brand","embeddable":true,"href":"https:\/\/araratfinland.com\/en\/wp-json\/wp\/v2\/product_brand?post=41772"},{"taxonomy":"product_cat","embeddable":true,"href":"https:\/\/araratfinland.com\/en\/wp-json\/wp\/v2\/product_cat?post=41772"},{"taxonomy":"product_tag","embeddable":true,"href":"https:\/\/araratfinland.com\/en\/wp-json\/wp\/v2\/product_tag?post=41772"}],"curies":[{"name":"wp","href":"https:\/\/api.w.org\/{rel}","templated":true}]}}