{"id":41764,"date":"2024-06-02T02:12:30","date_gmt":"2024-06-01T23:12:30","guid":{"rendered":"https:\/\/araratfinland.com\/product\/as-hieno-shishe-jirish-900g\/"},"modified":"2025-11-17T11:48:21","modified_gmt":"2025-11-17T09:48:21","slug":"as-hieno-shishe-jirish-900g","status":"publish","type":"product","link":"https:\/\/araratfinland.com\/en\/product\/as-hieno-shishe-jirish-900g\/","title":{"rendered":"AS Hieno Shishe \/ Jirish 900g"},"content":{"rendered":"<h4><span style=\"font-size: 18px;color: #000000\"><strong>Hieno shishe (jirish).<\/strong><\/span><\/h4>\n<h4><span style=\"font-size: 18px;color: #000000\"><strong>S\u00e4ilytys: <\/strong>Kuivassa ja viile\u00e4ss\u00e4 paikassa.<\/span><\/h4>\n<table style=\"width: 293.328px\">\n<tbody>\n<tr>\n<td style=\"width: 276.328px\" colspan=\"2\"><span style=\"font-size: 18px;color: #000000\"><strong>Ravintosis\u00e4lt\u00f6 per 100g<\/strong><\/span><\/td>\n<\/tr>\n<\/tbody>\n<tbody>\n<tr>\n<td style=\"width: 165px\"><span style=\"font-size: 18px;color: #000000\">Proteiini<\/span><\/td>\n<td style=\"width: 111.328px\"><span style=\"font-size: 18px;color: #000000\">12<\/span><\/td>\n<\/tr>\n<tr>\n<td style=\"width: 165px\"><span style=\"font-size: 18px;color: #000000\">Kaloreita<\/span><\/td>\n<td style=\"width: 111.328px\"><span style=\"font-size: 18px;color: #000000\">364<\/span><\/td>\n<\/tr>\n<tr>\n<td style=\"width: 165px\"><span style=\"font-size: 18px;color: #000000\">Rasva<\/span><\/td>\n<td style=\"width: 111.328px\"><span style=\"font-size: 18px;color: #000000\">1,2<\/span><\/td>\n<\/tr>\n<tr>\n<td style=\"width: 165px\"><span style=\"font-size: 18px;color: #000000\">Kalsium<\/span><\/td>\n<td style=\"width: 111.328px\"><span style=\"font-size: 18px;color: #000000\">36<\/span><\/td>\n<\/tr>\n<tr>\n<td style=\"width: 165px\"><span style=\"font-size: 18px;color: #000000\">Hiilihydratit<\/span><\/td>\n<td style=\"width: 111.328px\"><span style=\"font-size: 18px;color: #000000\">78,1<\/span><\/td>\n<\/tr>\n<\/tbody>\n<\/table>\n","protected":false},"excerpt":{"rendered":"<p>Hieno shishe (jirish). S\u00e4ilytys: Kuivassa ja viile\u00e4ss\u00e4 paikassa. Ravintosis\u00e4lt\u00f6 per 100g Proteiini 12 Kaloreita 364 Rasva 1,2 Kalsium 36 Hiilihydratit<\/p>\n","protected":false},"featured_media":100665,"template":"","meta":{"om_disable_all_campaigns":false,"_monsterinsights_skip_tracking":false,"_monsterinsights_sitenote_active":false,"_monsterinsights_sitenote_note":"","_monsterinsights_sitenote_category":0},"location":[1422],"product_brand":[1423],"product_cat":[1346],"product_tag":[],"class_list":{"0":"post-41764","1":"product","2":"type-product","3":"status-publish","4":"has-post-thumbnail","6":"location-v","7":"product_brand-ararat-ari-food","8":"product_cat-kuiva-tuotteet-fi","9":"stock_type-pss-en","11":"first","12":"instock","13":"taxable","14":"shipping-taxable","15":"purchasable","16":"product-type-simple"},"aioseo_notices":[],"locations":[{"id":1422,"name":"v","slug":"v","quantity":"0"}],"_links":{"self":[{"href":"https:\/\/araratfinland.com\/en\/wp-json\/wp\/v2\/product\/41764","targetHints":{"allow":["GET"]}}],"collection":[{"href":"https:\/\/araratfinland.com\/en\/wp-json\/wp\/v2\/product"}],"about":[{"href":"https:\/\/araratfinland.com\/en\/wp-json\/wp\/v2\/types\/product"}],"version-history":[{"count":1,"href":"https:\/\/araratfinland.com\/en\/wp-json\/wp\/v2\/product\/41764\/revisions"}],"predecessor-version":[{"id":68862,"href":"https:\/\/araratfinland.com\/en\/wp-json\/wp\/v2\/product\/41764\/revisions\/68862"}],"wp:featuredmedia":[{"embeddable":true,"href":"https:\/\/araratfinland.com\/en\/wp-json\/wp\/v2\/media\/100665"}],"wp:attachment":[{"href":"https:\/\/araratfinland.com\/en\/wp-json\/wp\/v2\/media?parent=41764"}],"wp:term":[{"taxonomy":"location","embeddable":true,"href":"https:\/\/araratfinland.com\/en\/wp-json\/wp\/v2\/location?post=41764"},{"taxonomy":"product_brand","embeddable":true,"href":"https:\/\/araratfinland.com\/en\/wp-json\/wp\/v2\/product_brand?post=41764"},{"taxonomy":"product_cat","embeddable":true,"href":"https:\/\/araratfinland.com\/en\/wp-json\/wp\/v2\/product_cat?post=41764"},{"taxonomy":"product_tag","embeddable":true,"href":"https:\/\/araratfinland.com\/en\/wp-json\/wp\/v2\/product_tag?post=41764"}],"curies":[{"name":"wp","href":"https:\/\/api.w.org\/{rel}","templated":true}]}}