{"id":41752,"date":"2024-06-02T02:12:28","date_gmt":"2024-06-01T23:12:28","guid":{"rendered":"https:\/\/araratfinland.com\/product\/yayla-labne-200g-393\/"},"modified":"2025-11-06T15:11:10","modified_gmt":"2025-11-06T13:11:10","slug":"yayla-labne-200g-393","status":"publish","type":"product","link":"https:\/\/araratfinland.com\/en\/product\/yayla-labne-200g-393\/","title":{"rendered":"Yayla Labne 200g"},"content":{"rendered":"<p><span style=\"color: #000000\"><span style=\"font-size: 18px\"><strong>Ainesosat:\u00a0<\/strong><\/span><span style=\"font-size: 18px\">Keskirasvainen pehme\u00e4 juusto,<br \/>suola, sakeuttamisaine: johanneksenleip\u00e4puu.<br \/><\/span><\/span><br \/><span style=\"font-size: 18px\"><span style=\"font-size: 18px\"><span style=\"color: #000000\"><strong>S\u00e4ilytys:\u00a0<\/strong>S\u00e4ilyt\u00e4 j\u00e4\u00e4kaapissa.<strong><br \/><\/strong><strong><br \/><\/strong><\/span><\/span><\/span> <\/p>\n<table style=\"width: 433.578px\">\n<tbody>\n<tr style=\"height: 23px\">\n<td style=\"width: 414.578px;height: 23px\" colspan=\"2\"><span style=\"font-size: 19px;color: #000000\"><strong>Ravintosis\u00e4lt\u00f6 per 100g<\/strong><\/span><\/td>\n<\/tr>\n<\/tbody>\n<tbody>\n<tr style=\"height: 23px\">\n<td style=\"width: 233px;height: 23px\"><span style=\"font-size: 19px;color: #000000\">Energia<\/span><\/td>\n<td style=\"width: 181.578px;height: 23px\"><span style=\"font-size: 19px;color: #000000\">767 kj\u00a0\/ 185 kcal<\/span><\/td>\n<\/tr>\n<tr style=\"height: 23px\">\n<td style=\"width: 233px;height: 23px\"><span style=\"font-size: 19px;color: #000000\">Rasva<\/span><\/td>\n<td style=\"width: 181.578px;height: 23px\"><span style=\"font-size: 19px;color: #000000\">16,2 g<\/span><\/td>\n<\/tr>\n<tr style=\"height: 23px\">\n<td style=\"width: 233px;height: 23px\"><span style=\"font-size: 19px;color: #000000\">josta tyydyttyneitt\u00e4<\/span><\/td>\n<td style=\"width: 181.578px;height: 23px\"><span style=\"font-size: 19px;color: #000000\">11,3 g<\/span><\/td>\n<\/tr>\n<tr style=\"height: 23px\">\n<td style=\"width: 233px;height: 23px\"><span style=\"font-size: 19px;color: #000000\">Hiilihydraatit<\/span><\/td>\n<td style=\"width: 181.578px;height: 23px\"><span style=\"font-size: 19px;color: #000000\">3,1 g<\/span><\/td>\n<\/tr>\n<tr style=\"height: 23px\">\n<td style=\"width: 233px;height: 23px\"><span style=\"font-size: 19px;color: #000000\">josta sokereita<\/span><\/td>\n<td style=\"width: 181.578px;height: 23px\"><span style=\"font-size: 19px;color: #000000\">2,8 g<\/span><\/td>\n<\/tr>\n<tr style=\"height: 23px\">\n<td style=\"width: 233px;height: 23px\"><span style=\"font-size: 19px;color: #000000\">Proteiini<\/span><\/td>\n<td style=\"width: 181.578px;height: 23px\"><span style=\"font-size: 19px;color: #000000\">6,6 g<\/span><\/td>\n<\/tr>\n<tr style=\"height: 23px\">\n<td style=\"width: 233px;height: 23px\"><span style=\"font-size: 19px;color: #000000\">Suola<\/span><\/td>\n<td style=\"width: 181.578px;height: 23px\"><span style=\"font-size: 19px;color: #000000\">0,7 g<\/span><\/td>\n<\/tr>\n<\/tbody>\n<\/table>\n","protected":false},"excerpt":{"rendered":"<p>Ainesosat:\u00a0Keskirasvainen pehme\u00e4 juusto,suola, sakeuttamisaine: johanneksenleip\u00e4puu.S\u00e4ilytys:\u00a0S\u00e4ilyt\u00e4 j\u00e4\u00e4kaapissa. Ravintosis\u00e4lt\u00f6 per 100g Energia 767 kj\u00a0\/ 185 kcal Rasva 16,2 g josta tyydyttyneitt\u00e4 11,3<\/p>\n","protected":false},"featured_media":99051,"template":"","meta":{"om_disable_all_campaigns":false,"_monsterinsights_skip_tracking":false,"_monsterinsights_sitenote_active":false,"_monsterinsights_sitenote_note":"","_monsterinsights_sitenote_category":0},"location":[1422],"product_brand":[1423],"product_cat":[1354],"product_tag":[],"class_list":{"0":"post-41752","1":"product","2":"type-product","3":"status-publish","4":"has-post-thumbnail","6":"location-v","7":"product_brand-ararat-ari-food","8":"product_cat-juustot-fi","9":"stock_type-kpl-en","11":"first","12":"instock","13":"taxable","14":"shipping-taxable","15":"purchasable","16":"product-type-simple"},"aioseo_notices":[],"locations":[{"id":1422,"name":"v","slug":"v","quantity":"50"}],"_links":{"self":[{"href":"https:\/\/araratfinland.com\/en\/wp-json\/wp\/v2\/product\/41752","targetHints":{"allow":["GET"]}}],"collection":[{"href":"https:\/\/araratfinland.com\/en\/wp-json\/wp\/v2\/product"}],"about":[{"href":"https:\/\/araratfinland.com\/en\/wp-json\/wp\/v2\/types\/product"}],"version-history":[{"count":2,"href":"https:\/\/araratfinland.com\/en\/wp-json\/wp\/v2\/product\/41752\/revisions"}],"predecessor-version":[{"id":57122,"href":"https:\/\/araratfinland.com\/en\/wp-json\/wp\/v2\/product\/41752\/revisions\/57122"}],"wp:featuredmedia":[{"embeddable":true,"href":"https:\/\/araratfinland.com\/en\/wp-json\/wp\/v2\/media\/99051"}],"wp:attachment":[{"href":"https:\/\/araratfinland.com\/en\/wp-json\/wp\/v2\/media?parent=41752"}],"wp:term":[{"taxonomy":"location","embeddable":true,"href":"https:\/\/araratfinland.com\/en\/wp-json\/wp\/v2\/location?post=41752"},{"taxonomy":"product_brand","embeddable":true,"href":"https:\/\/araratfinland.com\/en\/wp-json\/wp\/v2\/product_brand?post=41752"},{"taxonomy":"product_cat","embeddable":true,"href":"https:\/\/araratfinland.com\/en\/wp-json\/wp\/v2\/product_cat?post=41752"},{"taxonomy":"product_tag","embeddable":true,"href":"https:\/\/araratfinland.com\/en\/wp-json\/wp\/v2\/product_tag?post=41752"}],"curies":[{"name":"wp","href":"https:\/\/api.w.org\/{rel}","templated":true}]}}