{"id":41740,"date":"2024-06-02T02:12:26","date_gmt":"2024-06-01T23:12:26","guid":{"rendered":"https:\/\/araratfinland.com\/product\/fulya-hindi-salam-700g-712\/"},"modified":"2025-11-06T15:15:35","modified_gmt":"2025-11-06T13:15:35","slug":"fulya-hindi-salam-700g-712","status":"publish","type":"product","link":"https:\/\/araratfinland.com\/en\/product\/fulya-hindi-salam-700g-712\/","title":{"rendered":"Fulya Hindi Salam 700g (712)"},"content":{"rendered":"<p><span style=\"color: #000000\"><strong style=\"font-size: 18px\">Ainesosat:<\/strong><span style=\"font-size: 18px\">\u00a040% mekaanisesti eroteltu kalkkunanliha,<\/span><\/span><br \/><span style=\"color: #000000\"><span style=\"font-size: 18px\">18% kana, vesi, broilerin kollageeni,\u00a0<\/span><strong style=\"font-size: 18px\">vehn\u00e4jauho<\/strong><span style=\"font-size: 18px\">, suola,<\/span><\/span><br \/><span style=\"font-size: 18px;color: #000000\">kalkkunan rasva, stabilointiaine: E412, E450, E452,<\/span><br \/><span style=\"font-size: 18px;color: #000000\">yrtit ja mausteet, arominvahvenne: E621; antioksidantti:<\/span><br \/><span style=\"font-size: 18px;color: #000000\">E300, E316; kuivatut vihannekset (valkosipuli),<\/span><br \/><span style=\"font-size: 18px;color: #000000\">s\u00e4il\u00f6nt\u00e4aine:\u00a0E250.<\/span><\/p>\n<p><span style=\"color: #000000\"><strong style=\"font-size: 18px\">T\u00e4m\u00e4 tuote saattaa sis\u00e4lt\u00e4\u00e4 j\u00e4\u00e4mi\u00e4 seuraavista:<\/strong><\/span><br \/><span style=\"color: #000000\"><strong style=\"font-size: 18px\">halal naudanliha, halal lampaanliha, soija, sinappi,<\/strong><\/span><br \/><span style=\"color: #000000\"><strong style=\"font-size: 18px\">selleri, maidon ainesosat, pistaasi.<\/p>\n<p><\/strong><span style=\"font-size: 18px\">Kuori ennen sy\u00f6mist\u00e4.<\/span><\/span><br \/><span style=\"font-size: 18px;color: #000000\">K\u00e4ytett\u00e4v\u00e4 48 tunnin sis\u00e4ll\u00e4 avaamisen j\u00e4\u00e4lkeen.<\/span><\/p>\n<p><span style=\"font-size: 18px;color: #000000\"><strong>S\u00e4ilytys:<\/strong>\u00a0S\u00e4ilytett\u00e4v\u00e4 max. 7\u2103.<\/span><br \/><span style=\"color: #000000\"><strong style=\"font-size: 18px\"><br \/><\/strong><\/span> <\/p>\n<table style=\"width: 396px\">\n<tbody>\n<tr style=\"height: 22px\">\n<td style=\"width: 382px;height: 22px\" colspan=\"2\"><span style=\"font-size: 18px;color: #000000\"><strong>Ravintosis\u00e4lt\u00f6 per 100g<\/strong><\/span><\/td>\n<\/tr>\n<\/tbody>\n<tbody>\n<tr style=\"height: 22px\">\n<td style=\"width: 200.312px;height: 22px\"><span style=\"font-size: 18px;color: #000000\">Energia<\/span><\/td>\n<td style=\"width: 181.688px;height: 22px\"><span style=\"font-size: 18px;color: #000000\">1151 kJ \/ 278 kcal<\/span><\/td>\n<\/tr>\n<tr style=\"height: 22px\">\n<td style=\"width: 200.312px;height: 22px\"><span style=\"font-size: 18px;color: #000000\">Rasva<\/span><\/td>\n<td style=\"width: 181.688px;height: 22px\"><span style=\"font-size: 18px;color: #000000\">25 g<\/span><\/td>\n<\/tr>\n<tr style=\"height: 22px\">\n<td style=\"width: 200.312px;height: 22px\"><span style=\"font-size: 18px;color: #000000\">josta tyydyttynytt\u00e4<\/span><\/td>\n<td style=\"width: 181.688px;height: 22px\"><span style=\"font-size: 18px;color: #000000\">7,7 g<\/span><\/td>\n<\/tr>\n<tr style=\"height: 22px\">\n<td style=\"width: 200.312px;height: 22px\"><span style=\"font-size: 18px;color: #000000\">Hiilihydraatit<\/span><\/td>\n<td style=\"width: 181.688px;height: 22px\"><span style=\"font-size: 18px;color: #000000\">4,1 g<\/span><\/td>\n<\/tr>\n<tr style=\"height: 22px\">\n<td style=\"width: 200.312px;height: 22px\"><span style=\"font-size: 18px;color: #000000\">josta sokereita<\/span><\/td>\n<td style=\"width: 181.688px;height: 22px\"><span style=\"font-size: 18px;color: #000000\">0,0 g<\/span><\/td>\n<\/tr>\n<tr style=\"height: 22px\">\n<td style=\"width: 200.312px;height: 22px\"><span style=\"font-size: 18px;color: #000000\">Proteiini<\/span><\/td>\n<td style=\"width: 181.688px;height: 22px\"><span style=\"font-size: 18px;color: #000000\">10 g<\/span><\/td>\n<\/tr>\n<tr style=\"height: 22px\">\n<td style=\"width: 200.312px;height: 22px\"><span style=\"font-size: 18px;color: #000000\">Suola<\/span><\/td>\n<td style=\"width: 181.688px;height: 22px\"><span style=\"font-size: 18px;color: #000000\">2,8 g<br \/><\/span><\/td>\n<\/tr>\n<\/tbody>\n<\/table>\n","protected":false},"excerpt":{"rendered":"<p>Ainesosat:\u00a040% mekaanisesti eroteltu kalkkunanliha,18% kana, vesi, broilerin kollageeni,\u00a0vehn\u00e4jauho, suola,kalkkunan rasva, stabilointiaine: E412, E450, E452,yrtit ja mausteet, arominvahvenne: E621; antioksidantti:E300, E316;<\/p>\n","protected":false},"featured_media":99073,"template":"","meta":{"om_disable_all_campaigns":false,"_monsterinsights_skip_tracking":false,"_monsterinsights_sitenote_active":false,"_monsterinsights_sitenote_note":"","_monsterinsights_sitenote_category":0},"location":[1422],"product_brand":[1423],"product_cat":[1362],"product_tag":[],"class_list":{"0":"post-41740","1":"product","2":"type-product","3":"status-publish","4":"has-post-thumbnail","6":"location-v","7":"product_brand-ararat-ari-food","8":"product_cat-salamit-fi","9":"stock_type-kpl-en","11":"first","12":"instock","13":"taxable","14":"shipping-taxable","15":"purchasable","16":"product-type-simple"},"aioseo_notices":[],"locations":[{"id":1422,"name":"v","slug":"v","quantity":"50"}],"_links":{"self":[{"href":"https:\/\/araratfinland.com\/en\/wp-json\/wp\/v2\/product\/41740","targetHints":{"allow":["GET"]}}],"collection":[{"href":"https:\/\/araratfinland.com\/en\/wp-json\/wp\/v2\/product"}],"about":[{"href":"https:\/\/araratfinland.com\/en\/wp-json\/wp\/v2\/types\/product"}],"version-history":[{"count":1,"href":"https:\/\/araratfinland.com\/en\/wp-json\/wp\/v2\/product\/41740\/revisions"}],"predecessor-version":[{"id":53601,"href":"https:\/\/araratfinland.com\/en\/wp-json\/wp\/v2\/product\/41740\/revisions\/53601"}],"wp:featuredmedia":[{"embeddable":true,"href":"https:\/\/araratfinland.com\/en\/wp-json\/wp\/v2\/media\/99073"}],"wp:attachment":[{"href":"https:\/\/araratfinland.com\/en\/wp-json\/wp\/v2\/media?parent=41740"}],"wp:term":[{"taxonomy":"location","embeddable":true,"href":"https:\/\/araratfinland.com\/en\/wp-json\/wp\/v2\/location?post=41740"},{"taxonomy":"product_brand","embeddable":true,"href":"https:\/\/araratfinland.com\/en\/wp-json\/wp\/v2\/product_brand?post=41740"},{"taxonomy":"product_cat","embeddable":true,"href":"https:\/\/araratfinland.com\/en\/wp-json\/wp\/v2\/product_cat?post=41740"},{"taxonomy":"product_tag","embeddable":true,"href":"https:\/\/araratfinland.com\/en\/wp-json\/wp\/v2\/product_tag?post=41740"}],"curies":[{"name":"wp","href":"https:\/\/api.w.org\/{rel}","templated":true}]}}