{"id":41732,"date":"2024-06-02T02:12:24","date_gmt":"2024-06-01T23:12:24","guid":{"rendered":"https:\/\/araratfinland.com\/product\/fulya-parmak-sucuk-500-g-710\/"},"modified":"2025-10-09T14:59:00","modified_gmt":"2025-10-09T11:59:00","slug":"fulya-parmak-sucuk-500-g-710","status":"publish","type":"product","link":"https:\/\/araratfinland.com\/en\/product\/fulya-parmak-sucuk-500-g-710\/","title":{"rendered":"Fulya Sucuk 500g (710)"},"content":{"rendered":"<p><span style=\"font-size: 18px;color: #000000\"><strong>Ainesosat:\u00a0<\/strong>Naudanliha 40%, mekaanisesti<br \/>erotettu broilerinliha 28%,<\/span> <\/p>\n<div><span style=\"font-size: 18px;color: #000000\">naudan rasva, broilerin rasva nahalla, vesi,<\/span><\/div>\n<div><span style=\"font-size: 18px;color: #000000\">suola (ruokasuola, kaliumjodidi),<\/span><\/div>\n<div><span style=\"font-size: 18px;color: #000000\">perunat\u00e4rkkelys, dekstroosi, mausteet<\/span><\/div>\n<div><span style=\"font-size: 18px;color: #000000\">(<strong>mm. sinappi<\/strong>), mausteuutteet,stabilointiaineet:<\/span><\/div>\n<div><span style=\"font-size: 18px;color: #000000\">difosfaatit, natriumsitraatit,<\/span><\/div>\n<div><span style=\"font-size: 18px;color: #000000\">happamuudens\u00e4\u00e4t\u00f6aine:natriumlaktaatti,<\/span><\/div>\n<div><span style=\"font-size: 18px;color: #000000\">hapettumisenestoaine: askorbiinihappo,<\/span><\/div>\n<div><span style=\"font-size: 18px\"><span style=\"color: #000000\">s\u00e4il\u00f6nt\u00e4aine: natriumnitriitti.<\/span><\/p>\n<p><\/span><\/div>\n","protected":false},"excerpt":{"rendered":"<p>Ainesosat:\u00a0Naudanliha 40%, mekaanisestierotettu broilerinliha 28%, naudan rasva, broilerin rasva nahalla, vesi, suola (ruokasuola, kaliumjodidi), perunat\u00e4rkkelys, dekstroosi, mausteet (mm. sinappi), mausteuutteet,stabilointiaineet:<\/p>\n","protected":false},"featured_media":96095,"template":"","meta":{"om_disable_all_campaigns":false,"_monsterinsights_skip_tracking":false,"_monsterinsights_sitenote_active":false,"_monsterinsights_sitenote_note":"","_monsterinsights_sitenote_category":0},"location":[1422],"product_brand":[1423],"product_cat":[1362],"product_tag":[],"class_list":{"0":"post-41732","1":"product","2":"type-product","3":"status-publish","4":"has-post-thumbnail","6":"location-v","7":"product_brand-ararat-ari-food","8":"product_cat-salamit-fi","9":"stock_type-kpl-en","11":"first","12":"instock","13":"taxable","14":"shipping-taxable","15":"purchasable","16":"product-type-simple"},"aioseo_notices":[],"locations":[{"id":1422,"name":"v","slug":"v","quantity":"90"}],"_links":{"self":[{"href":"https:\/\/araratfinland.com\/en\/wp-json\/wp\/v2\/product\/41732","targetHints":{"allow":["GET"]}}],"collection":[{"href":"https:\/\/araratfinland.com\/en\/wp-json\/wp\/v2\/product"}],"about":[{"href":"https:\/\/araratfinland.com\/en\/wp-json\/wp\/v2\/types\/product"}],"version-history":[{"count":2,"href":"https:\/\/araratfinland.com\/en\/wp-json\/wp\/v2\/product\/41732\/revisions"}],"predecessor-version":[{"id":51860,"href":"https:\/\/araratfinland.com\/en\/wp-json\/wp\/v2\/product\/41732\/revisions\/51860"}],"wp:featuredmedia":[{"embeddable":true,"href":"https:\/\/araratfinland.com\/en\/wp-json\/wp\/v2\/media\/96095"}],"wp:attachment":[{"href":"https:\/\/araratfinland.com\/en\/wp-json\/wp\/v2\/media?parent=41732"}],"wp:term":[{"taxonomy":"location","embeddable":true,"href":"https:\/\/araratfinland.com\/en\/wp-json\/wp\/v2\/location?post=41732"},{"taxonomy":"product_brand","embeddable":true,"href":"https:\/\/araratfinland.com\/en\/wp-json\/wp\/v2\/product_brand?post=41732"},{"taxonomy":"product_cat","embeddable":true,"href":"https:\/\/araratfinland.com\/en\/wp-json\/wp\/v2\/product_cat?post=41732"},{"taxonomy":"product_tag","embeddable":true,"href":"https:\/\/araratfinland.com\/en\/wp-json\/wp\/v2\/product_tag?post=41732"}],"curies":[{"name":"wp","href":"https:\/\/api.w.org\/{rel}","templated":true}]}}