{"id":41726,"date":"2024-06-02T02:12:23","date_gmt":"2024-06-01T23:12:23","guid":{"rendered":"https:\/\/araratfinland.com\/product\/yayla-yogurtti-35-1-kg\/"},"modified":"2025-11-06T15:06:59","modified_gmt":"2025-11-06T13:06:59","slug":"yayla-yogurtti-35-1-kg","status":"publish","type":"product","link":"https:\/\/araratfinland.com\/en\/product\/yayla-yogurtti-35-1-kg\/","title":{"rendered":"Yayla Yogurtti 3,5% &#8211; 1 Kg"},"content":{"rendered":"<h4><span style=\"font-size: 18px\"><span style=\"color: #000000\"><strong>Ainesosat:<\/strong>\u00a0Rasvaton maito, kerma (maito) 34%,<\/span><br \/><\/span><span style=\"font-size: 18px;color: #000000\">maitohappobakteerit.<\/span><\/h4>\n<h4><span style=\"font-size: 18px;color: #000000\"><strong>S\u00e4ilytys:\u00a0<\/strong>Pid\u00e4 kylm\u00e4ss\u00e4 4\u2103 &#8211; 7\u2103 l\u00e4mp\u00f6tilassa.<\/span><\/h4>\n<table style=\"width: 405.094px\">\n<tbody>\n<tr>\n<td style=\"width: 387.094px\" colspan=\"2\"><span style=\"font-size: 18px;color: #000000\"><strong>Ravintosis\u00e4lt\u00f6 per 100g<\/strong><\/span><\/td>\n<\/tr>\n<\/tbody>\n<tbody>\n<tr>\n<td style=\"width: 210px\"><span style=\"font-size: 18px;color: #000000\">Energia<\/span><\/td>\n<td style=\"width: 177.094px\"><span style=\"font-size: 18px;color: #000000\">524 kJ \/ 126 kcal<\/span><\/td>\n<\/tr>\n<tr>\n<td style=\"width: 210px\"><span style=\"font-size: 18px;color: #000000\">Rasva<\/span><\/td>\n<td style=\"width: 177.094px\"><span style=\"font-size: 18px;color: #000000\">10,0 g<\/span><\/td>\n<\/tr>\n<tr>\n<td style=\"width: 210px\"><span style=\"font-size: 18px;color: #000000\">josta tyydyttynytt\u00e4<\/span><\/td>\n<td style=\"width: 177.094px\"><span style=\"font-size: 18px;color: #000000\">6,7 g<\/span><\/td>\n<\/tr>\n<tr>\n<td style=\"width: 210px\"><span style=\"font-size: 18px;color: #000000\">Hiilihydraatit<\/span><\/td>\n<td style=\"width: 177.094px\"><span style=\"font-size: 18px;color: #000000\">5,4 g<\/span><\/td>\n<\/tr>\n<tr>\n<td style=\"width: 210px\"><span style=\"font-size: 18px;color: #000000\">josta sokereita<\/span><\/td>\n<td style=\"width: 177.094px\"><span style=\"font-size: 18px;color: #000000\">5,4 g<\/span><\/td>\n<\/tr>\n<tr>\n<td style=\"width: 210px\"><span style=\"font-size: 18px;color: #000000\">Proteiini<\/span><\/td>\n<td style=\"width: 177.094px\"><span style=\"font-size: 18px;color: #000000\">3,4 g<\/span><\/td>\n<\/tr>\n<tr>\n<td style=\"width: 210px\"><span style=\"font-size: 18px;color: #000000\">Suola<\/span><\/td>\n<td style=\"width: 177.094px\"><span style=\"font-size: 18px;color: #000000\">0,11 g<br \/><\/span><\/td>\n<\/tr>\n<\/tbody>\n<\/table>\n","protected":false},"excerpt":{"rendered":"<p>Ainesosat:\u00a0Rasvaton maito, kerma (maito) 34%,maitohappobakteerit. S\u00e4ilytys:\u00a0Pid\u00e4 kylm\u00e4ss\u00e4 4\u2103 &#8211; 7\u2103 l\u00e4mp\u00f6tilassa. Ravintosis\u00e4lt\u00f6 per 100g Energia 524 kJ \/ 126 kcal<\/p>\n","protected":false},"featured_media":99031,"template":"","meta":{"om_disable_all_campaigns":false,"_monsterinsights_skip_tracking":false,"_monsterinsights_sitenote_active":false,"_monsterinsights_sitenote_note":"","_monsterinsights_sitenote_category":0},"location":[1422],"product_brand":[1423],"product_cat":[1352],"product_tag":[],"class_list":{"0":"post-41726","1":"product","2":"type-product","3":"status-publish","4":"has-post-thumbnail","6":"location-v","7":"product_brand-ararat-ari-food","8":"product_cat-maitotuotteet-fi","9":"stock_type-kpl-en","11":"first","12":"instock","13":"taxable","14":"shipping-taxable","15":"purchasable","16":"product-type-simple"},"aioseo_notices":[],"locations":[{"id":1422,"name":"v","slug":"v","quantity":"102"}],"_links":{"self":[{"href":"https:\/\/araratfinland.com\/en\/wp-json\/wp\/v2\/product\/41726","targetHints":{"allow":["GET"]}}],"collection":[{"href":"https:\/\/araratfinland.com\/en\/wp-json\/wp\/v2\/product"}],"about":[{"href":"https:\/\/araratfinland.com\/en\/wp-json\/wp\/v2\/types\/product"}],"version-history":[{"count":1,"href":"https:\/\/araratfinland.com\/en\/wp-json\/wp\/v2\/product\/41726\/revisions"}],"predecessor-version":[{"id":48554,"href":"https:\/\/araratfinland.com\/en\/wp-json\/wp\/v2\/product\/41726\/revisions\/48554"}],"wp:featuredmedia":[{"embeddable":true,"href":"https:\/\/araratfinland.com\/en\/wp-json\/wp\/v2\/media\/99031"}],"wp:attachment":[{"href":"https:\/\/araratfinland.com\/en\/wp-json\/wp\/v2\/media?parent=41726"}],"wp:term":[{"taxonomy":"location","embeddable":true,"href":"https:\/\/araratfinland.com\/en\/wp-json\/wp\/v2\/location?post=41726"},{"taxonomy":"product_brand","embeddable":true,"href":"https:\/\/araratfinland.com\/en\/wp-json\/wp\/v2\/product_brand?post=41726"},{"taxonomy":"product_cat","embeddable":true,"href":"https:\/\/araratfinland.com\/en\/wp-json\/wp\/v2\/product_cat?post=41726"},{"taxonomy":"product_tag","embeddable":true,"href":"https:\/\/araratfinland.com\/en\/wp-json\/wp\/v2\/product_tag?post=41726"}],"curies":[{"name":"wp","href":"https:\/\/api.w.org\/{rel}","templated":true}]}}