{"id":41722,"date":"2024-06-02T02:12:23","date_gmt":"2024-06-01T23:12:23","guid":{"rendered":"https:\/\/araratfinland.com\/product\/peram-lokum-granaattiomena-400g\/"},"modified":"2025-11-10T10:30:04","modified_gmt":"2025-11-10T08:30:04","slug":"peram-lokum-granaattiomena-400g","status":"publish","type":"product","link":"https:\/\/araratfinland.com\/en\/product\/peram-lokum-granaattiomena-400g\/","title":{"rendered":"Peram Lokum Granaattiomena 400g"},"content":{"rendered":"<h4><span style=\"color: #000000\"><span style=\"font-size: 19px\"><strong>Ainesosat: <\/strong>Sokeri, vesi,\u00a0<strong>vehn\u00e4t\u00e4rkkelys, <\/strong>aromit,<br \/>v\u00e4riaineta: E163,\u00a0<\/span><span style=\"font-size: 19px\">happamuudens\u00e4\u00e4t\u00f6aine:<br \/>sitruunahappo.<\/span><\/span><\/h4>\n<h4><span style=\"font-size: 19px;color: #000000\"><strong>Saattaa sis\u00e4lt\u00e4\u00e4 pienia m\u00e4\u00e4ri\u00e4 p\u00e4hkin\u00f6it\u00e4 ja<br \/>maissia.<\/strong><\/span><\/h4>\n<h4><span style=\"font-size: 19px;color: #000000\"><strong>S\u00e4ilytys: <\/strong>Kuivassa ja viile\u00e4ss\u00e4 paikassa.<\/p>\n<p><\/span><\/h4>\n<table style=\"border-spacing: 0px;border-collapse: collapse;, Helvetica, Arial, sans-serif;font-size: 11.05px;font-weight: 400;width: 376.203px\">\n<tbody>\n<tr>\n<td style=\"padding: 0px;width: 357.203px\" colspan=\"2\"><span style=\"font-size: 18px;color: #000000\"><span style=\"font-weight: bold\">Ravintosis\u00e4lt\u00f6 per 100g<\/span><\/span><\/td>\n<\/tr>\n<\/tbody>\n<tbody>\n<tr>\n<td style=\"padding: 0px;width: 196px\"><span style=\"font-size: 18px;color: #000000\">Energia<\/span><\/td>\n<td style=\"padding: 0px;width: 161.203px\"><span style=\"font-size: 18px;color: #000000\">1479kJ \/380 kcal<\/span><\/td>\n<\/tr>\n<tr>\n<td style=\"padding: 0px;width: 196px\"><span style=\"font-size: 18px;color: #000000\">Rasva<\/span><\/td>\n<td style=\"padding: 0px;width: 161.203px\"><span style=\"font-size: 18px;color: #000000\">0 g<\/span><\/td>\n<\/tr>\n<tr>\n<td style=\"padding: 0px;width: 196px\"><span style=\"font-size: 18px;color: #000000\">josta tyydyttynytt\u00e4<\/span><\/td>\n<td style=\"padding: 0px;width: 161.203px\"><span style=\"font-size: 18px;color: #000000\">0 g<\/span><\/td>\n<\/tr>\n<tr>\n<td style=\"padding: 0px;width: 196px\"><span style=\"font-size: 18px;color: #000000\">Hiilihydraatit<\/span><\/td>\n<td style=\"padding: 0px;width: 161.203px\"><span style=\"font-size: 18px;color: #000000\">87 g<\/span><\/td>\n<\/tr>\n<tr>\n<td style=\"padding: 0px;width: 196px\"><span style=\"font-size: 18px;color: #000000\">josta sokereita<\/span><\/td>\n<td style=\"padding: 0px;width: 161.203px\"><span style=\"font-size: 18px;color: #000000\">76 g<\/span><\/td>\n<\/tr>\n<tr>\n<td style=\"padding: 0px;width: 196px\"><span style=\"font-size: 18px;color: #000000\">Proteiini<\/span><\/td>\n<td style=\"padding: 0px;width: 161.203px\"><span style=\"font-size: 18px;color: #000000\">0 g<\/span><\/td>\n<\/tr>\n<tr>\n<td style=\"padding: 0px;width: 196px\"><span style=\"font-size: 18px;color: #000000\">Suola<\/span><\/td>\n<td style=\"padding: 0px;width: 161.203px\"><span style=\"font-size: 18px;color: #000000\">0 g<\/span><\/td>\n<\/tr>\n<\/tbody>\n<\/table>\n","protected":false},"excerpt":{"rendered":"<p>Ainesosat: Sokeri, vesi,\u00a0vehn\u00e4t\u00e4rkkelys, aromit,v\u00e4riaineta: E163,\u00a0happamuudens\u00e4\u00e4t\u00f6aine:sitruunahappo. Saattaa sis\u00e4lt\u00e4\u00e4 pienia m\u00e4\u00e4ri\u00e4 p\u00e4hkin\u00f6it\u00e4 jamaissia. S\u00e4ilytys: Kuivassa ja viile\u00e4ss\u00e4 paikassa. Ravintosis\u00e4lt\u00f6 per 100g Energia<\/p>\n","protected":false},"featured_media":99949,"template":"","meta":{"om_disable_all_campaigns":false,"_monsterinsights_skip_tracking":false,"_monsterinsights_sitenote_active":false,"_monsterinsights_sitenote_note":"","_monsterinsights_sitenote_category":0},"location":[1422],"product_brand":[1423],"product_cat":[1324],"product_tag":[],"class_list":{"0":"post-41722","1":"product","2":"type-product","3":"status-publish","4":"has-post-thumbnail","6":"location-v","7":"product_brand-ararat-ari-food","8":"product_cat-makeiset-fi","9":"stock_type-pcs-en","11":"first","12":"instock","13":"taxable","14":"shipping-taxable","15":"purchasable","16":"product-type-simple"},"aioseo_notices":[],"locations":[{"id":1422,"name":"v","slug":"v","quantity":"0"}],"_links":{"self":[{"href":"https:\/\/araratfinland.com\/en\/wp-json\/wp\/v2\/product\/41722","targetHints":{"allow":["GET"]}}],"collection":[{"href":"https:\/\/araratfinland.com\/en\/wp-json\/wp\/v2\/product"}],"about":[{"href":"https:\/\/araratfinland.com\/en\/wp-json\/wp\/v2\/types\/product"}],"version-history":[{"count":1,"href":"https:\/\/araratfinland.com\/en\/wp-json\/wp\/v2\/product\/41722\/revisions"}],"predecessor-version":[{"id":46483,"href":"https:\/\/araratfinland.com\/en\/wp-json\/wp\/v2\/product\/41722\/revisions\/46483"}],"wp:featuredmedia":[{"embeddable":true,"href":"https:\/\/araratfinland.com\/en\/wp-json\/wp\/v2\/media\/99949"}],"wp:attachment":[{"href":"https:\/\/araratfinland.com\/en\/wp-json\/wp\/v2\/media?parent=41722"}],"wp:term":[{"taxonomy":"location","embeddable":true,"href":"https:\/\/araratfinland.com\/en\/wp-json\/wp\/v2\/location?post=41722"},{"taxonomy":"product_brand","embeddable":true,"href":"https:\/\/araratfinland.com\/en\/wp-json\/wp\/v2\/product_brand?post=41722"},{"taxonomy":"product_cat","embeddable":true,"href":"https:\/\/araratfinland.com\/en\/wp-json\/wp\/v2\/product_cat?post=41722"},{"taxonomy":"product_tag","embeddable":true,"href":"https:\/\/araratfinland.com\/en\/wp-json\/wp\/v2\/product_tag?post=41722"}],"curies":[{"name":"wp","href":"https:\/\/api.w.org\/{rel}","templated":true}]}}