{"id":41718,"date":"2024-06-02T02:12:22","date_gmt":"2024-06-01T23:12:22","guid":{"rendered":"https:\/\/araratfinland.com\/product\/peram-lokum-mixed-nuts-360g\/"},"modified":"2025-09-05T15:54:28","modified_gmt":"2025-09-05T12:54:28","slug":"peram-lokum-mixed-nuts-360g","status":"publish","type":"product","link":"https:\/\/araratfinland.com\/en\/product\/peram-lokum-mixed-nuts-360g\/","title":{"rendered":"Peram Lokum Mixed Nuts 360g"},"content":{"rendered":"<h4><span style=\"font-size: 19px;color: #000000\"><strong>Lokum p\u00e4hkin\u00e4sekoitus.<\/strong><\/span><\/h4>\n<h4><span style=\"color: #000000\"><span style=\"font-size: 19px\"><strong>Ainesosat: <\/strong>Sokeri, vesi,\u00a0<strong>vehn\u00e4t\u00e4rkkelys,<br \/>pistaasip\u00e4hkin\u00e4t<\/strong>\u00a02%,\u00a0<\/span><span style=\"font-size: 19px\"><strong>hasselp\u00e4hkin\u00e4<\/strong>t 2%,<br \/><strong>mantelit<\/strong>\u00a02%, happamuudens\u00e4\u00e4t\u00f6aine:<br \/>sitruunahappo.<\/span><\/span><\/h4>\n<h4><span style=\"font-size: 19px;color: #000000\"><strong>Saattaa sis\u00e4lt\u00e4\u00e4 p\u00e4hkin\u00f6it\u00e4.<\/strong><\/span><\/h4>\n<h4><span style=\"font-size: 19px;color: #000000\"><strong>S\u00e4ilytys: <\/strong>Kuivassa ja viile\u00e4ss\u00e4 paikassa.<\/span><\/h4>\n<table style=\"width: 379.531px\">\n<tbody>\n<tr>\n<td style=\"width: 360.531px\" colspan=\"2\"><span style=\"font-size: 19px;color: #000000\"><strong>Ravintosis\u00e4lt\u00f6 per 100g<\/strong><\/span><\/td>\n<\/tr>\n<\/tbody>\n<tbody>\n<tr>\n<td style=\"width: 198px\"><span style=\"font-size: 19px;color: #000000\">Energia<\/span><\/td>\n<td style=\"width: 162.531px\"><span style=\"font-size: 19px;color: #000000\">1607kJ \/379kcal<\/span><\/td>\n<\/tr>\n<tr>\n<td style=\"width: 198px\"><span style=\"font-size: 19px;color: #000000\">Rasva<\/span><\/td>\n<td style=\"width: 162.531px\"><span style=\"font-size: 19px;color: #000000\">3,4 g<\/span><\/td>\n<\/tr>\n<tr>\n<td style=\"width: 198px\"><span style=\"font-size: 19px;color: #000000\">josta tyydyttyneitt\u00e4<\/span><\/td>\n<td style=\"width: 162.531px\"><span style=\"font-size: 19px;color: #000000\">0,28 g<\/span><\/td>\n<\/tr>\n<tr>\n<td style=\"width: 198px\"><span style=\"font-size: 19px;color: #000000\">Hiilihydraatit<\/span><\/td>\n<td style=\"width: 162.531px\"><span style=\"font-size: 19px;color: #000000\">85,5 g<\/span><\/td>\n<\/tr>\n<tr>\n<td style=\"width: 198px\"><span style=\"font-size: 19px;color: #000000\">josta sokereita<\/span><\/td>\n<td style=\"width: 162.531px\"><span style=\"font-size: 19px;color: #000000\">76,5 g<\/span><\/td>\n<\/tr>\n<tr>\n<td style=\"width: 198px\"><span style=\"font-size: 19px;color: #000000\">Proteiini<\/span><\/td>\n<td style=\"width: 162.531px\"><span style=\"font-size: 19px;color: #000000\">1,3 g<\/span><\/td>\n<\/tr>\n<tr>\n<td style=\"width: 198px\"><span style=\"font-size: 19px;color: #000000\">Suola<\/span><\/td>\n<td style=\"width: 162.531px\"><span style=\"font-size: 19px;color: #000000\">0,01 g<\/span><\/td>\n<\/tr>\n<\/tbody>\n<\/table>\n","protected":false},"excerpt":{"rendered":"<p>Lokum p\u00e4hkin\u00e4sekoitus. Ainesosat: Sokeri, vesi,\u00a0vehn\u00e4t\u00e4rkkelys,pistaasip\u00e4hkin\u00e4t\u00a02%,\u00a0hasselp\u00e4hkin\u00e4t 2%,mantelit\u00a02%, happamuudens\u00e4\u00e4t\u00f6aine:sitruunahappo. Saattaa sis\u00e4lt\u00e4\u00e4 p\u00e4hkin\u00f6it\u00e4. S\u00e4ilytys: Kuivassa ja viile\u00e4ss\u00e4 paikassa. Ravintosis\u00e4lt\u00f6 per 100g Energia 1607kJ<\/p>\n","protected":false},"featured_media":88789,"template":"","meta":{"om_disable_all_campaigns":false,"_monsterinsights_skip_tracking":false,"_monsterinsights_sitenote_active":false,"_monsterinsights_sitenote_note":"","_monsterinsights_sitenote_category":0},"location":[1422],"product_brand":[1423],"product_cat":[1324],"product_tag":[],"class_list":{"0":"post-41718","1":"product","2":"type-product","3":"status-publish","4":"has-post-thumbnail","6":"location-v","7":"product_brand-ararat-ari-food","8":"product_cat-makeiset-fi","9":"stock_type-pcs-en","11":"first","12":"instock","13":"taxable","14":"shipping-taxable","15":"purchasable","16":"product-type-simple"},"aioseo_notices":[],"locations":[{"id":1422,"name":"v","slug":"v","quantity":"54"}],"_links":{"self":[{"href":"https:\/\/araratfinland.com\/en\/wp-json\/wp\/v2\/product\/41718","targetHints":{"allow":["GET"]}}],"collection":[{"href":"https:\/\/araratfinland.com\/en\/wp-json\/wp\/v2\/product"}],"about":[{"href":"https:\/\/araratfinland.com\/en\/wp-json\/wp\/v2\/types\/product"}],"version-history":[{"count":1,"href":"https:\/\/araratfinland.com\/en\/wp-json\/wp\/v2\/product\/41718\/revisions"}],"predecessor-version":[{"id":46475,"href":"https:\/\/araratfinland.com\/en\/wp-json\/wp\/v2\/product\/41718\/revisions\/46475"}],"wp:featuredmedia":[{"embeddable":true,"href":"https:\/\/araratfinland.com\/en\/wp-json\/wp\/v2\/media\/88789"}],"wp:attachment":[{"href":"https:\/\/araratfinland.com\/en\/wp-json\/wp\/v2\/media?parent=41718"}],"wp:term":[{"taxonomy":"location","embeddable":true,"href":"https:\/\/araratfinland.com\/en\/wp-json\/wp\/v2\/location?post=41718"},{"taxonomy":"product_brand","embeddable":true,"href":"https:\/\/araratfinland.com\/en\/wp-json\/wp\/v2\/product_brand?post=41718"},{"taxonomy":"product_cat","embeddable":true,"href":"https:\/\/araratfinland.com\/en\/wp-json\/wp\/v2\/product_cat?post=41718"},{"taxonomy":"product_tag","embeddable":true,"href":"https:\/\/araratfinland.com\/en\/wp-json\/wp\/v2\/product_tag?post=41718"}],"curies":[{"name":"wp","href":"https:\/\/api.w.org\/{rel}","templated":true}]}}