{"id":41714,"date":"2024-06-02T02:12:21","date_gmt":"2024-06-01T23:12:21","guid":{"rendered":"https:\/\/araratfinland.com\/product\/zagros-thai-jasmin-riisi-100-5-kg\/"},"modified":"2025-11-07T15:18:01","modified_gmt":"2025-11-07T13:18:01","slug":"zagros-thai-jasmin-riisi-100-5-kg","status":"publish","type":"product","link":"https:\/\/araratfinland.com\/en\/product\/zagros-thai-jasmin-riisi-100-5-kg\/","title":{"rendered":"Zagros Thai Jasmin Riisi 100% &#8211; 5 Kg"},"content":{"rendered":"<h4><span style=\"font-size: 18px;color: #000000\"><strong>Jasmin riisi.<\/strong><\/span><\/h4>\n<h4><span style=\"font-size: 18px;color: #000000\"><strong>Ainesosat: <\/strong>Thai Jasmin riisi 100%.<\/span><\/h4>\n<h4><span style=\"font-size: 18px;color: #000000\"><strong>S\u00e4ilytys:<\/strong>\u00a0Viile\u00e4ss\u00e4 ja kuivassa paikassa.<\/span><\/h4>\n<table style=\"width: 389px\">\n<tbody>\n<tr style=\"height: 22px\">\n<td style=\"width: 378px;height: 22px\" colspan=\"2\"><span style=\"font-size: 18px;color: #000000\"><strong>Ravintosis\u00e4lt\u00f6 per 100g<\/strong><\/span><\/td>\n<\/tr>\n<\/tbody>\n<tbody>\n<tr style=\"height: 22px\">\n<td style=\"width: 189px;height: 22px\"><span style=\"font-size: 18px;color: #000000\">Energia<\/span><\/td>\n<td style=\"width: 189px;height: 22px\"><span style=\"font-size: 18px;color: #000000\">1477 kj \/ 353 kcal<\/span><\/td>\n<\/tr>\n<tr style=\"height: 22px\">\n<td style=\"width: 189px;height: 22px\"><span style=\"font-size: 18px;color: #000000\">Rasva<\/span><\/td>\n<td style=\"width: 189px;height: 22px\"><span style=\"font-size: 18px;color: #000000\">1,2 g<\/span><\/td>\n<\/tr>\n<tr style=\"height: 44px\">\n<td style=\"width: 189px;height: 44px\"><span style=\"font-size: 18px;color: #000000\">josta tyydyttyneitt\u00e4<\/span><\/td>\n<td style=\"width: 189px;height: 44px\"><span style=\"font-size: 18px;color: #000000\">0 g<\/span><\/td>\n<\/tr>\n<tr style=\"height: 22px\">\n<td style=\"width: 189px;height: 22px\"><span style=\"font-size: 18px;color: #000000\">Hiilihydraatit<\/span><\/td>\n<td style=\"width: 189px;height: 22px\"><span style=\"font-size: 18px;color: #000000\">78 g<\/span><\/td>\n<\/tr>\n<tr style=\"height: 55.8125px\">\n<td style=\"width: 189px;height: 55.8125px\">\n<p><span style=\"font-size: 18px;color: #000000\">joista tyydyttyneit\u00e4<\/span><\/p>\n<p><span style=\"font-size: 18px;color: #000000\">Fiber<\/span><\/p>\n<\/td>\n<td style=\"width: 189px;height: 55.8125px\">\n<p><span style=\"font-size: 18px;color: #000000\">0 g<\/span><\/p>\n<p><span style=\"font-size: 18px;color: #000000\">1,5 g<\/span><\/p>\n<\/td>\n<\/tr>\n<tr style=\"height: 22px\">\n<td style=\"width: 189px;height: 22px\"><span style=\"font-size: 18px;color: #000000\">Proteiini<\/span><\/td>\n<td style=\"width: 189px;height: 22px\"><span style=\"font-size: 18px;color: #000000\">6,9 g<\/span><\/td>\n<\/tr>\n<tr style=\"height: 22px\">\n<td style=\"width: 189px;height: 22px\"><span style=\"font-size: 18px;color: #000000\">Suola<\/span><\/td>\n<td style=\"width: 189px;height: 22px\"><span style=\"font-size: 18px;color: #000000\">0 g<\/span><\/td>\n<\/tr>\n<\/tbody>\n<\/table>\n","protected":false},"excerpt":{"rendered":"<p>Jasmin riisi. Ainesosat: Thai Jasmin riisi 100%. S\u00e4ilytys:\u00a0Viile\u00e4ss\u00e4 ja kuivassa paikassa. Ravintosis\u00e4lt\u00f6 per 100g Energia 1477 kj \/ 353 kcal<\/p>\n","protected":false},"featured_media":99253,"template":"","meta":{"om_disable_all_campaigns":false,"_monsterinsights_skip_tracking":false,"_monsterinsights_sitenote_active":false,"_monsterinsights_sitenote_note":"","_monsterinsights_sitenote_category":0},"location":[1422],"product_brand":[1423],"product_cat":[1346],"product_tag":[],"class_list":{"0":"post-41714","1":"product","2":"type-product","3":"status-publish","4":"has-post-thumbnail","6":"location-v","7":"product_brand-ararat-ari-food","8":"product_cat-kuiva-tuotteet-fi","9":"stock_type-pss-en","11":"first","12":"instock","13":"taxable","14":"shipping-taxable","15":"purchasable","16":"product-type-simple"},"aioseo_notices":[],"locations":[{"id":1422,"name":"v","slug":"v","quantity":"272"}],"_links":{"self":[{"href":"https:\/\/araratfinland.com\/en\/wp-json\/wp\/v2\/product\/41714","targetHints":{"allow":["GET"]}}],"collection":[{"href":"https:\/\/araratfinland.com\/en\/wp-json\/wp\/v2\/product"}],"about":[{"href":"https:\/\/araratfinland.com\/en\/wp-json\/wp\/v2\/types\/product"}],"version-history":[{"count":1,"href":"https:\/\/araratfinland.com\/en\/wp-json\/wp\/v2\/product\/41714\/revisions"}],"predecessor-version":[{"id":54027,"href":"https:\/\/araratfinland.com\/en\/wp-json\/wp\/v2\/product\/41714\/revisions\/54027"}],"wp:featuredmedia":[{"embeddable":true,"href":"https:\/\/araratfinland.com\/en\/wp-json\/wp\/v2\/media\/99253"}],"wp:attachment":[{"href":"https:\/\/araratfinland.com\/en\/wp-json\/wp\/v2\/media?parent=41714"}],"wp:term":[{"taxonomy":"location","embeddable":true,"href":"https:\/\/araratfinland.com\/en\/wp-json\/wp\/v2\/location?post=41714"},{"taxonomy":"product_brand","embeddable":true,"href":"https:\/\/araratfinland.com\/en\/wp-json\/wp\/v2\/product_brand?post=41714"},{"taxonomy":"product_cat","embeddable":true,"href":"https:\/\/araratfinland.com\/en\/wp-json\/wp\/v2\/product_cat?post=41714"},{"taxonomy":"product_tag","embeddable":true,"href":"https:\/\/araratfinland.com\/en\/wp-json\/wp\/v2\/product_tag?post=41714"}],"curies":[{"name":"wp","href":"https:\/\/api.w.org\/{rel}","templated":true}]}}