{"id":41711,"date":"2024-06-02T02:12:20","date_gmt":"2024-06-01T23:12:20","guid":{"rendered":"https:\/\/araratfinland.com\/product\/sunqueen-appelsiini-700ml\/"},"modified":"2025-11-17T16:23:34","modified_gmt":"2025-11-17T14:23:34","slug":"sunqueen-appelsiini-700ml","status":"publish","type":"product","link":"https:\/\/araratfinland.com\/en\/product\/sunqueen-appelsiini-700ml\/","title":{"rendered":"Sunqueen Appelsiini 700ml"},"content":{"rendered":"<div><span style=\"color: #000000\"><span style=\"font-size: 18px\"><strong>Ainesosat:<\/strong> Sokeri, tiivisteest\u00e4 valmistettu<br \/>appelsiinimehu,\u00a0<\/span><span style=\"font-size: 18px\"><strong>maidon ainesosat<\/strong>,<br \/>sitruunahappo, stabilointiaine<\/span><\/span><\/div>\n<div><span style=\"color: #000000\"><span style=\"font-size: 18px\">(pektiini, selluloosakumi, guarkumi),<br \/>C-vitamiini,\u00a0<\/span><span style=\"font-size: 18px\"><span style=\"font-size: 18px\">antioksidantteja.<\/p>\n<p><strong>S\u00e4ilytys:<\/strong>\u00a0Huoneenl\u00e4mp\u00f6.<br \/>Avattuna k\u00e4ytett\u00e4v\u00e4 8 viikon sis\u00e4ll\u00e4.<\/p>\n<p><\/span><\/span><\/span> <\/p>\n<table style=\"width: 364.641px\">\n<tbody>\n<tr style=\"height: 22px\">\n<td style=\"width: 351.641px;height: 22px\" colspan=\"2\"><span style=\"font-size: 18px;color: #000000\"><strong>Ravintosis\u00e4lt\u00f6 per 100g<\/strong><\/span><\/td>\n<\/tr>\n<\/tbody>\n<tbody>\n<tr style=\"height: 22px\">\n<td style=\"width: 198px;height: 22px\"><span style=\"font-size: 18px;color: #000000\">Energia<\/span><\/td>\n<td style=\"width: 153.641px;height: 22px\"><span style=\"font-size: 18px;color: #000000\">136 kJ \/ 33 kcal<\/span><\/td>\n<\/tr>\n<tr style=\"height: 22px\">\n<td style=\"width: 198px;height: 22px\"><span style=\"font-size: 18px;color: #000000\">Rasva<\/span><\/td>\n<td style=\"width: 153.641px;height: 22px\"><span style=\"font-size: 18px;color: #000000\">0 g<\/span><\/td>\n<\/tr>\n<tr style=\"height: 25px\">\n<td style=\"width: 198px;height: 25px\"><span style=\"font-size: 18px;color: #000000\">josta tyydyttyneitt\u00e4<\/span><\/td>\n<td style=\"width: 153.641px;height: 25px\"><span style=\"font-size: 18px;color: #000000\">0 g<\/span><\/td>\n<\/tr>\n<tr style=\"height: 22px\">\n<td style=\"width: 198px;height: 22px\"><span style=\"font-size: 18px;color: #000000\">Hiilihydraatit<\/span><\/td>\n<td style=\"width: 153.641px;height: 22px\"><span style=\"font-size: 18px;color: #000000\">7,6 g<\/span><\/td>\n<\/tr>\n<tr style=\"height: 22px\">\n<td style=\"width: 198px;height: 22px\"><span style=\"font-size: 18px;color: #000000\">josta sokereita<\/span><\/td>\n<td style=\"width: 153.641px;height: 22px\"><span style=\"font-size: 18px;color: #000000\">7,5 g<\/span><\/td>\n<\/tr>\n<tr style=\"height: 22px\">\n<td style=\"width: 198px;height: 22px\"><span style=\"font-size: 18px;color: #000000\">Proteiini<\/span><\/td>\n<td style=\"width: 153.641px;height: 22px\"><span style=\"font-size: 18px;color: #000000\">0 g<\/span><\/td>\n<\/tr>\n<tr style=\"height: 22px\">\n<td style=\"width: 198px;height: 22px\"><span style=\"font-size: 18px;color: #000000\">Suola<br \/>C-vitamiini<br \/><\/span><\/td>\n<td style=\"width: 153.641px;height: 22px\"><span style=\"font-size: 18px;color: #000000\">0,02 g<br \/>6,0 mg<br \/><\/span><\/td>\n<\/tr>\n<\/tbody>\n<\/table><\/div>\n","protected":false},"excerpt":{"rendered":"<p>Ainesosat: Sokeri, tiivisteest\u00e4 valmistettuappelsiinimehu,\u00a0maidon ainesosat,sitruunahappo, stabilointiaine (pektiini, selluloosakumi, guarkumi),C-vitamiini,\u00a0antioksidantteja. S\u00e4ilytys:\u00a0Huoneenl\u00e4mp\u00f6.Avattuna k\u00e4ytett\u00e4v\u00e4 8 viikon sis\u00e4ll\u00e4. Ravintosis\u00e4lt\u00f6 per 100g Energia 136 kJ<\/p>\n","protected":false},"featured_media":100797,"template":"","meta":{"om_disable_all_campaigns":false,"_monsterinsights_skip_tracking":false,"_monsterinsights_sitenote_active":false,"_monsterinsights_sitenote_note":"","_monsterinsights_sitenote_category":0},"location":[1422],"product_brand":[1423],"product_cat":[1480],"product_tag":[],"class_list":{"0":"post-41711","1":"product","2":"type-product","3":"status-publish","4":"has-post-thumbnail","6":"location-v","7":"product_brand-ararat-ari-food","8":"product_cat-mehut-nesteet-en","9":"stock_type-lasi-en","11":"first","12":"instock","13":"taxable","14":"shipping-taxable","15":"purchasable","16":"product-type-simple"},"aioseo_notices":[],"locations":[{"id":1422,"name":"v","slug":"v","quantity":"180"}],"_links":{"self":[{"href":"https:\/\/araratfinland.com\/en\/wp-json\/wp\/v2\/product\/41711","targetHints":{"allow":["GET"]}}],"collection":[{"href":"https:\/\/araratfinland.com\/en\/wp-json\/wp\/v2\/product"}],"about":[{"href":"https:\/\/araratfinland.com\/en\/wp-json\/wp\/v2\/types\/product"}],"version-history":[{"count":1,"href":"https:\/\/araratfinland.com\/en\/wp-json\/wp\/v2\/product\/41711\/revisions"}],"predecessor-version":[{"id":48818,"href":"https:\/\/araratfinland.com\/en\/wp-json\/wp\/v2\/product\/41711\/revisions\/48818"}],"wp:featuredmedia":[{"embeddable":true,"href":"https:\/\/araratfinland.com\/en\/wp-json\/wp\/v2\/media\/100797"}],"wp:attachment":[{"href":"https:\/\/araratfinland.com\/en\/wp-json\/wp\/v2\/media?parent=41711"}],"wp:term":[{"taxonomy":"location","embeddable":true,"href":"https:\/\/araratfinland.com\/en\/wp-json\/wp\/v2\/location?post=41711"},{"taxonomy":"product_brand","embeddable":true,"href":"https:\/\/araratfinland.com\/en\/wp-json\/wp\/v2\/product_brand?post=41711"},{"taxonomy":"product_cat","embeddable":true,"href":"https:\/\/araratfinland.com\/en\/wp-json\/wp\/v2\/product_cat?post=41711"},{"taxonomy":"product_tag","embeddable":true,"href":"https:\/\/araratfinland.com\/en\/wp-json\/wp\/v2\/product_tag?post=41711"}],"curies":[{"name":"wp","href":"https:\/\/api.w.org\/{rel}","templated":true}]}}