{"id":41698,"date":"2024-06-02T02:12:17","date_gmt":"2024-06-01T23:12:17","guid":{"rendered":"https:\/\/araratfinland.com\/product\/yayla-ucgen-yufka-taikina-360g\/"},"modified":"2025-10-09T15:59:13","modified_gmt":"2025-10-09T12:59:13","slug":"yayla-ucgen-yufka-taikina-360g","status":"publish","type":"product","link":"https:\/\/araratfinland.com\/en\/product\/yayla-ucgen-yufka-taikina-360g\/","title":{"rendered":"Yayla Ucgen Yufka Taikina 360g"},"content":{"rendered":"<h4><span style=\"font-size: 19px;color: #000000\"><strong>Leivonnainen taikina.<\/strong><\/span><\/h4>\n<h4><span style=\"color: #000000\"><span style=\"font-size: 19px\"><strong>Ainesosat: Vehn\u00e4jauhot<\/strong>, vesi, auringonkukka\u00f6ljy,<br \/>maissit\u00e4rkkelys, suola,<strong> vehn\u00e4gluteeni<\/strong>,\u00a0<\/span><span style=\"font-size: 19px\">s\u00e4il\u00f6nt\u00e4aine E202,<br \/>taikinanhoitoaine, <strong>vehn\u00e4jauhot<\/strong>, emulgointiaine E322,<br \/>jauhojen k\u00e4sittelyaine E920,\u00a0<\/span><span style=\"font-size: 19px\">entsyymi,<br \/>happamuudens\u00e4\u00e4t\u00f6aine E262i.<\/span><\/span><\/h4>\n<h4><span style=\"color: #000000\"><span style=\"font-size: 19px\"><strong>S\u00e4ilytys: <\/strong>Viile\u00e4ss\u00e4 ja kuivassa paikassa.<\/span><span style=\"font-size: 19px\"><br \/>Avaamisen j\u00e4lkeen j\u00e4\u00e4kaapissa (0\u2103 &#8211; 8\u2103).<\/span><\/span><\/h4>\n<table style=\"width: 422px\">\n<tbody>\n<tr>\n<td style=\"width: 406px\" colspan=\"2\"><span style=\"font-size: 19px;color: #000000\"><strong>Ravintosis\u00e4lt\u00f6 per 100g<\/strong><\/span><\/td>\n<\/tr>\n<\/tbody>\n<tbody>\n<tr>\n<td style=\"width: 222px\"><span style=\"font-size: 19px;color: #000000\">Energia<\/span><\/td>\n<td style=\"width: 184px\"><span style=\"font-size: 19px;color: #000000\">1113 kJ \/266 kcal<\/span><\/td>\n<\/tr>\n<tr>\n<td style=\"width: 222px\"><span style=\"font-size: 19px;color: #000000\">Rasva<\/span><\/td>\n<td style=\"width: 184px\"><span style=\"font-size: 19px;color: #000000\">3,6 g<\/span><\/td>\n<\/tr>\n<tr>\n<td style=\"width: 222px\"><span style=\"font-size: 19px;color: #000000\">josta tyydyttynytt\u00e4<\/span><\/td>\n<td style=\"width: 184px\"><span style=\"font-size: 19px;color: #000000\">0,3 g<\/span><\/td>\n<\/tr>\n<tr>\n<td style=\"width: 222px\"><span style=\"font-size: 19px;color: #000000\">Hiilihydraatit<\/span><\/td>\n<td style=\"width: 184px\"><span style=\"font-size: 19px;color: #000000\">49,7 g<\/span><\/td>\n<\/tr>\n<tr>\n<td style=\"width: 222px\"><span style=\"font-size: 19px;color: #000000\">josta sokereita<\/span><\/td>\n<td style=\"width: 184px\"><span style=\"font-size: 19px;color: #000000\">0,5 g<\/span><\/td>\n<\/tr>\n<tr>\n<td style=\"width: 222px\"><span style=\"font-size: 19px;color: #000000\">Proteiini<\/span><\/td>\n<td style=\"width: 184px\"><span style=\"font-size: 19px;color: #000000\">7,5 g<\/span><\/td>\n<\/tr>\n<tr>\n<td style=\"width: 222px\"><span style=\"font-size: 19px;color: #000000\">Suola<\/span><\/td>\n<td style=\"width: 184px\"><span style=\"font-size: 19px;color: #000000\">1,4 g<\/span><\/td>\n<\/tr>\n<\/tbody>\n<\/table>\n","protected":false},"excerpt":{"rendered":"<p>Leivonnainen taikina. Ainesosat: Vehn\u00e4jauhot, vesi, auringonkukka\u00f6ljy,maissit\u00e4rkkelys, suola, vehn\u00e4gluteeni,\u00a0s\u00e4il\u00f6nt\u00e4aine E202,taikinanhoitoaine, vehn\u00e4jauhot, emulgointiaine E322,jauhojen k\u00e4sittelyaine E920,\u00a0entsyymi,happamuudens\u00e4\u00e4t\u00f6aine E262i. S\u00e4ilytys: Viile\u00e4ss\u00e4 ja kuivassa paikassa.Avaamisen<\/p>\n","protected":false},"featured_media":96191,"template":"","meta":{"om_disable_all_campaigns":false,"_monsterinsights_skip_tracking":false,"_monsterinsights_sitenote_active":false,"_monsterinsights_sitenote_note":"","_monsterinsights_sitenote_category":0},"location":[1422],"product_brand":[1423],"product_cat":[1376],"product_tag":[],"class_list":{"0":"post-41698","1":"product","2":"type-product","3":"status-publish","4":"has-post-thumbnail","6":"location-v","7":"product_brand-ararat-ari-food","8":"product_cat-taikinat-fi","9":"stock_type-pss-en","11":"first","12":"instock","13":"taxable","14":"shipping-taxable","15":"purchasable","16":"product-type-simple"},"aioseo_notices":[],"locations":[{"id":1422,"name":"v","slug":"v","quantity":"171"}],"_links":{"self":[{"href":"https:\/\/araratfinland.com\/en\/wp-json\/wp\/v2\/product\/41698","targetHints":{"allow":["GET"]}}],"collection":[{"href":"https:\/\/araratfinland.com\/en\/wp-json\/wp\/v2\/product"}],"about":[{"href":"https:\/\/araratfinland.com\/en\/wp-json\/wp\/v2\/types\/product"}],"version-history":[{"count":1,"href":"https:\/\/araratfinland.com\/en\/wp-json\/wp\/v2\/product\/41698\/revisions"}],"predecessor-version":[{"id":51408,"href":"https:\/\/araratfinland.com\/en\/wp-json\/wp\/v2\/product\/41698\/revisions\/51408"}],"wp:featuredmedia":[{"embeddable":true,"href":"https:\/\/araratfinland.com\/en\/wp-json\/wp\/v2\/media\/96191"}],"wp:attachment":[{"href":"https:\/\/araratfinland.com\/en\/wp-json\/wp\/v2\/media?parent=41698"}],"wp:term":[{"taxonomy":"location","embeddable":true,"href":"https:\/\/araratfinland.com\/en\/wp-json\/wp\/v2\/location?post=41698"},{"taxonomy":"product_brand","embeddable":true,"href":"https:\/\/araratfinland.com\/en\/wp-json\/wp\/v2\/product_brand?post=41698"},{"taxonomy":"product_cat","embeddable":true,"href":"https:\/\/araratfinland.com\/en\/wp-json\/wp\/v2\/product_cat?post=41698"},{"taxonomy":"product_tag","embeddable":true,"href":"https:\/\/araratfinland.com\/en\/wp-json\/wp\/v2\/product_tag?post=41698"}],"curies":[{"name":"wp","href":"https:\/\/api.w.org\/{rel}","templated":true}]}}